{"id":146906,"date":"2026-02-05T17:15:52","date_gmt":"2026-02-05T16:15:52","guid":{"rendered":"https:\/\/poppers-online.ch\/produkt\/popper-bate-ultra-forte-10ml\/"},"modified":"2026-03-09T11:28:27","modified_gmt":"2026-03-09T10:28:27","slug":"popper-bate-ultra-forte-10ml","status":"publish","type":"product","link":"https:\/\/poppers-online.ch\/it\/prodotto\/popper-bate-ultra-forte-10ml\/","title":{"rendered":"Popper Bate Ultra Strong Popper 10ml"},"content":{"rendered":"","protected":false},"excerpt":{"rendered":"<p data-start=\"107\" data-end=\"329\"><strong data-start=\"107\" data-end=\"140\">Popper Bate Ultra Strong Popper 10ml<\/strong> \u00e8 pensato per tutti coloro che non vogliono fare le cose a met\u00e0 quando scopano. L&#8217;intensa formula a base di nitrito di pentile ti incanta immediatamente ed \u00e8 particolarmente adatta a lunghe sessioni di sesso. <\/p>\n<p data-start=\"331\" data-end=\"623\"><strong data-start=\"331\" data-end=\"364\">Popper Bate Ultra Strong 10ml<\/strong> \u00e8 una delle variet\u00e0 pi\u00f9 intense e fornisce esattamente la potenza di cui hai bisogno quando le cose si fanno davvero calde. Il flacone in vetro da 10 ml ha una dimensione S e pu\u00f2 essere combinato con numerosi accessori della stessa dimensione per esperienze ancora pi\u00f9 intense. <\/p>\n","protected":false},"featured_media":146903,"comment_status":"open","ping_status":"closed","template":"","meta":{"_acf_changed":false,"iawp_total_views":8,"_glsr_average":0,"_glsr_ranking":0,"_glsr_reviews":0},"product_brand":[],"product_cat":[1047,112],"product_tag":[],"class_list":{"0":"post-146906","1":"product","2":"type-product","3":"status-publish","4":"has-post-thumbnail","6":"product_cat-popper","7":"product_cat-boccette-piccole","8":"pa_flaschenform-rotonda-piccola","9":"pa_gewindegroesse-piccola","10":"pa_inhalt-10ml","11":"pa_inhaltsstoffe-nitrito-di-pentile","12":"pa_staerke-103","14":"first","15":"instock","16":"taxable","17":"shipping-taxable","18":"purchasable","19":"product-type-simple"},"acf":[],"_links":{"self":[{"href":"https:\/\/poppers-online.ch\/it\/wp-json\/wp\/v2\/product\/146906","targetHints":{"allow":["GET"]}}],"collection":[{"href":"https:\/\/poppers-online.ch\/it\/wp-json\/wp\/v2\/product"}],"about":[{"href":"https:\/\/poppers-online.ch\/it\/wp-json\/wp\/v2\/types\/product"}],"replies":[{"embeddable":true,"href":"https:\/\/poppers-online.ch\/it\/wp-json\/wp\/v2\/comments?post=146906"}],"wp:featuredmedia":[{"embeddable":true,"href":"https:\/\/poppers-online.ch\/it\/wp-json\/wp\/v2\/media\/146903"}],"wp:attachment":[{"href":"https:\/\/poppers-online.ch\/it\/wp-json\/wp\/v2\/media?parent=146906"}],"wp:term":[{"taxonomy":"product_brand","embeddable":true,"href":"https:\/\/poppers-online.ch\/it\/wp-json\/wp\/v2\/product_brand?post=146906"},{"taxonomy":"product_cat","embeddable":true,"href":"https:\/\/poppers-online.ch\/it\/wp-json\/wp\/v2\/product_cat?post=146906"},{"taxonomy":"product_tag","embeddable":true,"href":"https:\/\/poppers-online.ch\/it\/wp-json\/wp\/v2\/product_tag?post=146906"}],"curies":[{"name":"wp","href":"https:\/\/api.w.org\/{rel}","templated":true}]}}