{"id":146828,"date":"2026-02-05T14:49:05","date_gmt":"2026-02-05T13:49:05","guid":{"rendered":"https:\/\/poppers-online.ch\/produkt\/eros-latex-spray-lucentezza-200ml\/"},"modified":"2026-02-06T12:19:54","modified_gmt":"2026-02-06T11:19:54","slug":"eros-latex-spray-lucentezza-200ml","status":"publish","type":"product","link":"https:\/\/poppers-online.ch\/it\/prodotto\/eros-latex-spray-lucentezza-200ml\/","title":{"rendered":"EROS Latex Spray Lucentezza 200ml"},"content":{"rendered":"","protected":false},"excerpt":{"rendered":"<p data-start=\"13\" data-end=\"192\">Il tuo lattice merita pi\u00f9 di un semplice &#8220;ok&#8221;. Deve brillare. Deve risplendere. Dovrebbe sembrare che tu sia stata appena fasciata: aderente, sexy e assolutamente impeccabile.   <\/p>\n<p data-start=\"194\" data-end=\"453\">L&#8217;<strong data-start=\"198\" data-end=\"226\">Eros Latex Shining Spray 200ml<\/strong> restituisce esattamente questa intensa lucentezza ai tuoi abiti in latex e trasforma ogni vestito in una dichiarazione dannatamente seducente. La lucentezza \u00e8 istantanea, non appiccica, non unge: semplicemente la perfezione del latex. <\/p>\n<p data-start=\"455\" data-end=\"750\"><strong data-start=\"459\" data-end=\"487\">Eros Latex Shining Spray<\/strong> pu\u00f2 fare ancora di pi\u00f9: \u00e8 anche l&#8217;aiuto perfetto per la vestizione di parti in gomma e lattice aderenti alla pelle. Anche i peli del corpo pi\u00f9 intensi non ti fermeranno. Il tuo guardaroba diventa piacevolmente morbido, si modella sul tuo corpo e ti permette di sentire ogni movimento in modo ancora pi\u00f9 intenso.  <\/p>\n<p data-start=\"752\" data-end=\"850\">Per tutti coloro che non vogliono solo indossare il lattice, ma vogliono sentirlo.<br data-start=\"815\" data-end=\"818\">Contenuto: 200 ml<br data-start=\"832\" data-end=\"835\">Made in Germany<\/p>\n","protected":false},"featured_media":146827,"comment_status":"open","ping_status":"closed","template":"","meta":{"_acf_changed":false,"iawp_total_views":0,"_glsr_average":0,"_glsr_ranking":0,"_glsr_reviews":0},"product_brand":[],"product_cat":[2071,168],"product_tag":[],"class_list":{"0":"post-146828","1":"product","2":"type-product","3":"status-publish","4":"has-post-thumbnail","6":"product_cat-helpers","7":"product_cat-farmacia","9":"first","10":"instock","11":"taxable","12":"shipping-taxable","13":"purchasable","14":"product-type-simple"},"acf":[],"_links":{"self":[{"href":"https:\/\/poppers-online.ch\/it\/wp-json\/wp\/v2\/product\/146828","targetHints":{"allow":["GET"]}}],"collection":[{"href":"https:\/\/poppers-online.ch\/it\/wp-json\/wp\/v2\/product"}],"about":[{"href":"https:\/\/poppers-online.ch\/it\/wp-json\/wp\/v2\/types\/product"}],"replies":[{"embeddable":true,"href":"https:\/\/poppers-online.ch\/it\/wp-json\/wp\/v2\/comments?post=146828"}],"wp:featuredmedia":[{"embeddable":true,"href":"https:\/\/poppers-online.ch\/it\/wp-json\/wp\/v2\/media\/146827"}],"wp:attachment":[{"href":"https:\/\/poppers-online.ch\/it\/wp-json\/wp\/v2\/media?parent=146828"}],"wp:term":[{"taxonomy":"product_brand","embeddable":true,"href":"https:\/\/poppers-online.ch\/it\/wp-json\/wp\/v2\/product_brand?post=146828"},{"taxonomy":"product_cat","embeddable":true,"href":"https:\/\/poppers-online.ch\/it\/wp-json\/wp\/v2\/product_cat?post=146828"},{"taxonomy":"product_tag","embeddable":true,"href":"https:\/\/poppers-online.ch\/it\/wp-json\/wp\/v2\/product_tag?post=146828"}],"curies":[{"name":"wp","href":"https:\/\/api.w.org\/{rel}","templated":true}]}}