{"id":146809,"date":"2026-02-05T13:50:57","date_gmt":"2026-02-05T12:50:57","guid":{"rendered":"https:\/\/poppers-online.ch\/produkt\/banger-station-xtrm-boccetta-4xl-alu\/"},"modified":"2026-03-16T09:22:37","modified_gmt":"2026-03-16T08:22:37","slug":"banger-station-xtrm-boccetta-4xl-alu","status":"publish","type":"product","link":"https:\/\/poppers-online.ch\/it\/prodotto\/banger-station-xtrm-boccetta-4xl-alu\/","title":{"rendered":"Banger Station XTRM &#8211; Boccetta 4XL Alu"},"content":{"rendered":"","protected":false},"excerpt":{"rendered":"<p data-start=\"17\" data-end=\"278\">La <strong>Banger Station XTRM &#8211; Boccetta Alu 4XL<\/strong> porta la comodit\u00e0 del consumo di Popper a un nuovo livello. Questa <strong data-start=\"110\" data-end=\"133\">Banger Station XTRM<\/strong> viene fornita con un contenitore vuoto XXL in alluminio. \u00c8 adatto per i giochi <strong data-start=\"188\" data-end=\"211\">XTRM Banger Station<\/strong> con wattestick imbevuti di Popper (venduti separatamente).  <\/p>\n<p data-start=\"280\" data-end=\"997\">Questa innovativa invenzione stupir\u00e0 sicuramente i tuoi amici. Grazie alla <strong data-start=\"370\" data-end=\"393\">XTRM Banger Station<\/strong>, nessuno cercher\u00e0 la bottiglia di Popper dopo che ti sarai divertito e vorrai fare un altro tiro di Popper. Tu e il tuo partner avete accesso ai Popper in tutte le posizioni possibili grazie al tubo lungo 1 metro, mentre i bastoncini ovattati impediscono le perdite. Il doppio sniffer (12 cm) collegato al tubo \u00e8 molto comodo da tenere in mano. La stazione \u00e8 dotata di nodi sul lato inferiore per renderla antiscivolo. Se vuoi andare sul sicuro, puoi anche avvitare saldamente la <strong data-start=\"913\" data-end=\"936\">XTRM Banger Station<\/strong> utilizzando gli appositi fori per le viti.     <\/p>\n<p data-start=\"999\" data-end=\"1229\">Ecco come iniziare: immergi 2-3 cotton fioc nel Popper che preferisci e inseriscili nel contenitore di alluminio. Ora avvita l&#8217;attacco al contenitore di alluminio e inserisci il tubo flessibile in dotazione nell&#8217;attacco &#8211; e sei pronto a partire. <\/p>\n<p data-start=\"1231\" data-end=\"1385\">La consegna comprende: <strong data-start=\"1245\" data-end=\"1268\">Stazione XTRM Banger<\/strong>, inserto con contenitore in alluminio, attacco con due connessioni, 2 tubi (1 m) con il doppio sniffer permanentemente collegato.<\/p>\n<p data-start=\"1387\" data-end=\"1578\">Secondo noi, la <strong>boccetta Banger Station XTRM &#8211; 4XL Alu<\/strong> \u00e8 presente in ogni camera da letto, in ogni stanza dei giochi e in ogni cantina fetish. Niente pi\u00f9 perdite o ribaltamenti di boccette: pura comodit\u00e0. <\/p>\n","protected":false},"featured_media":146807,"comment_status":"open","ping_status":"closed","template":"","meta":{"_acf_changed":false,"iawp_total_views":20,"_glsr_average":0,"_glsr_ranking":0,"_glsr_reviews":0},"product_brand":[],"product_cat":[151,1301],"product_tag":[],"class_list":{"0":"post-146809","1":"product","2":"type-product","3":"status-publish","4":"has-post-thumbnail","6":"product_cat-accessori-popper","7":"product_cat-stazioni-banger","8":"pa_banger-station-einsatzform-4xl","10":"first","11":"instock","12":"taxable","13":"shipping-taxable","14":"purchasable","15":"product-type-simple"},"acf":[],"_links":{"self":[{"href":"https:\/\/poppers-online.ch\/it\/wp-json\/wp\/v2\/product\/146809","targetHints":{"allow":["GET"]}}],"collection":[{"href":"https:\/\/poppers-online.ch\/it\/wp-json\/wp\/v2\/product"}],"about":[{"href":"https:\/\/poppers-online.ch\/it\/wp-json\/wp\/v2\/types\/product"}],"replies":[{"embeddable":true,"href":"https:\/\/poppers-online.ch\/it\/wp-json\/wp\/v2\/comments?post=146809"}],"wp:featuredmedia":[{"embeddable":true,"href":"https:\/\/poppers-online.ch\/it\/wp-json\/wp\/v2\/media\/146807"}],"wp:attachment":[{"href":"https:\/\/poppers-online.ch\/it\/wp-json\/wp\/v2\/media?parent=146809"}],"wp:term":[{"taxonomy":"product_brand","embeddable":true,"href":"https:\/\/poppers-online.ch\/it\/wp-json\/wp\/v2\/product_brand?post=146809"},{"taxonomy":"product_cat","embeddable":true,"href":"https:\/\/poppers-online.ch\/it\/wp-json\/wp\/v2\/product_cat?post=146809"},{"taxonomy":"product_tag","embeddable":true,"href":"https:\/\/poppers-online.ch\/it\/wp-json\/wp\/v2\/product_tag?post=146809"}],"curies":[{"name":"wp","href":"https:\/\/api.w.org\/{rel}","templated":true}]}}