{"id":146004,"date":"2026-01-29T15:25:17","date_gmt":"2026-01-29T14:25:17","guid":{"rendered":"https:\/\/poppers-online.ch\/?post_type=product&#038;p=146004"},"modified":"2026-02-12T21:46:19","modified_gmt":"2026-02-12T20:46:19","slug":"xtrm-anal-douche-2go-rosso-kopie","status":"publish","type":"product","link":"https:\/\/poppers-online.ch\/it\/prodotto\/xtrm-anal-douche-2go-rosso-kopie\/","title":{"rendered":"XTRM anal douche 2GO nero"},"content":{"rendered":"","protected":false},"excerpt":{"rendered":"<p data-start=\"162\" data-end=\"446\">La <strong data-start=\"162\" data-end=\"193\">doccia anale XTRM 2GO Black<\/strong> \u00e8 fatta per viaggiare: diretta, pulita e sempre pronta all&#8217;uso. Si avvita semplicemente su una boccetta PET standard, senza bisogno di un adattatore. Perfetto se vuoi essere sempre in movimento e vuoi comunque avere il pieno controllo della tua preparazione.<\/p>\n<p data-start=\"448\" data-end=\"738\">Il beccuccio liscio in ABS delicato sulla pelle con sistema di equalizzazione della pressione integrato garantisce un getto d&#8217;acqua uniforme e piacevole senza perdite. Piccolo, robusto e discreto, il 2GO si adatta a qualsiasi borsa ed \u00e8 ideale per una pulizia veloce in hotel, prima di un appuntamento o in viaggio.<\/p>\n<p data-start=\"740\" data-end=\"882\">Riempi la boccetta, avvita, premi e il gioco \u00e8 fatto. Il colore nero \u00e8 sinonimo di un design chiaro e minimalista e di una funzionalit\u00e0 senza compromessi.<\/p>\n","protected":false},"featured_media":146016,"comment_status":"open","ping_status":"closed","template":"","meta":{"_acf_changed":false,"iawp_total_views":2,"_glsr_average":0,"_glsr_ranking":0,"_glsr_reviews":0},"product_brand":[],"product_cat":[2065,168],"product_tag":[],"class_list":{"0":"post-146004","1":"product","2":"type-product","3":"status-publish","4":"has-post-thumbnail","6":"product_cat-docce-anali","7":"product_cat-farmacia","9":"first","10":"instock","11":"taxable","12":"shipping-taxable","13":"purchasable","14":"product-type-simple"},"acf":[],"_links":{"self":[{"href":"https:\/\/poppers-online.ch\/it\/wp-json\/wp\/v2\/product\/146004","targetHints":{"allow":["GET"]}}],"collection":[{"href":"https:\/\/poppers-online.ch\/it\/wp-json\/wp\/v2\/product"}],"about":[{"href":"https:\/\/poppers-online.ch\/it\/wp-json\/wp\/v2\/types\/product"}],"replies":[{"embeddable":true,"href":"https:\/\/poppers-online.ch\/it\/wp-json\/wp\/v2\/comments?post=146004"}],"wp:featuredmedia":[{"embeddable":true,"href":"https:\/\/poppers-online.ch\/it\/wp-json\/wp\/v2\/media\/146016"}],"wp:attachment":[{"href":"https:\/\/poppers-online.ch\/it\/wp-json\/wp\/v2\/media?parent=146004"}],"wp:term":[{"taxonomy":"product_brand","embeddable":true,"href":"https:\/\/poppers-online.ch\/it\/wp-json\/wp\/v2\/product_brand?post=146004"},{"taxonomy":"product_cat","embeddable":true,"href":"https:\/\/poppers-online.ch\/it\/wp-json\/wp\/v2\/product_cat?post=146004"},{"taxonomy":"product_tag","embeddable":true,"href":"https:\/\/poppers-online.ch\/it\/wp-json\/wp\/v2\/product_tag?post=146004"}],"curies":[{"name":"wp","href":"https:\/\/api.w.org\/{rel}","templated":true}]}}