{"id":145966,"date":"2026-01-29T14:21:18","date_gmt":"2026-01-29T13:21:18","guid":{"rendered":"https:\/\/poppers-online.ch\/produkt\/xtrm-popper-a-forma-di-teschio-con-muso-di-maiale-oro\/"},"modified":"2026-03-09T07:29:30","modified_gmt":"2026-03-09T06:29:30","slug":"xtrm-popper-a-forma-di-teschio-con-muso-di-maiale-oro","status":"publish","type":"product","link":"https:\/\/poppers-online.ch\/it\/prodotto\/xtrm-popper-a-forma-di-teschio-con-muso-di-maiale-oro\/","title":{"rendered":"XTRM Pig Snout Skull Poppers Gold"},"content":{"rendered":"","protected":false},"excerpt":{"rendered":"<p data-start=\"15\" data-end=\"348\"><strong data-start=\"15\" data-end=\"52\">XTRM Pig Snout Skull Popper Gold<\/strong> \u00e8 il sniffatore di popper definitivo per chi vuole sniffare in modo intenso. Realizzato in alluminio massiccio, offre una camera generosa che d\u00e0 ai tuoi popper preferiti lo spazio necessario per dispiegare tutto il loro effetto, per una potenza massima e un&#8217;esperienza intensa. <\/p>\n<p data-start=\"350\" data-end=\"929\">La versione speciale dorata dell&#8217;<strong data-start=\"381\" data-end=\"401\">XTRM Kinky SNFFR<\/strong> con il muso da maiale \u00e8 fatta per i maiali pi\u00f9 cattivi. Grazie al canale del calcio a 5 e al volume d&#8217;aria pi\u00f9 grande, lo Sniffer offre la massima potenza. Per mantenere i tuoi popper al sicuro anche durante le sessioni pi\u00f9 selvagge, lo Sniffer \u00e8 dotato di un robusto pulsante: solo quando lo premi sul lato dell&#8217;attacco, i popper fuoriescono dalla boccetta attraverso il canale di lancio. Quando rilasci il pulsante, lo sniffer \u00e8 di nuovo sigillato al 100%: anche se la boccetta si rovescia, i tuoi Popper rimangono al sicuro nella camera.   <\/p>\n<p data-start=\"931\" data-end=\"1182\">Riempi la camera in alluminio massiccio con i tuoi popper preferiti o crea la tua miscela personale. Anche i bastoncini di cotone imbevuti, disponibili separatamente, possono essere utilizzati senza problemi. Un must per tutti coloro che amano il sesso intenso, sicuro e perverso.  <\/p>\n","protected":false},"featured_media":145964,"comment_status":"open","ping_status":"closed","template":"","meta":{"_acf_changed":false,"iawp_total_views":1,"_glsr_average":0,"_glsr_ranking":0,"_glsr_reviews":0},"product_brand":[],"product_cat":[151,1304],"product_tag":[],"class_list":{"0":"post-145966","1":"product","2":"type-product","3":"status-publish","4":"has-post-thumbnail","6":"product_cat-accessori-popper","7":"product_cat-booster-caps-it","9":"first","10":"instock","11":"taxable","12":"shipping-taxable","13":"purchasable","14":"product-type-simple"},"acf":[],"_links":{"self":[{"href":"https:\/\/poppers-online.ch\/it\/wp-json\/wp\/v2\/product\/145966","targetHints":{"allow":["GET"]}}],"collection":[{"href":"https:\/\/poppers-online.ch\/it\/wp-json\/wp\/v2\/product"}],"about":[{"href":"https:\/\/poppers-online.ch\/it\/wp-json\/wp\/v2\/types\/product"}],"replies":[{"embeddable":true,"href":"https:\/\/poppers-online.ch\/it\/wp-json\/wp\/v2\/comments?post=145966"}],"wp:featuredmedia":[{"embeddable":true,"href":"https:\/\/poppers-online.ch\/it\/wp-json\/wp\/v2\/media\/145964"}],"wp:attachment":[{"href":"https:\/\/poppers-online.ch\/it\/wp-json\/wp\/v2\/media?parent=145966"}],"wp:term":[{"taxonomy":"product_brand","embeddable":true,"href":"https:\/\/poppers-online.ch\/it\/wp-json\/wp\/v2\/product_brand?post=145966"},{"taxonomy":"product_cat","embeddable":true,"href":"https:\/\/poppers-online.ch\/it\/wp-json\/wp\/v2\/product_cat?post=145966"},{"taxonomy":"product_tag","embeddable":true,"href":"https:\/\/poppers-online.ch\/it\/wp-json\/wp\/v2\/product_tag?post=145966"}],"curies":[{"name":"wp","href":"https:\/\/api.w.org\/{rel}","templated":true}]}}