{"id":145172,"date":"2026-01-22T17:34:41","date_gmt":"2026-01-22T16:34:41","guid":{"rendered":"https:\/\/poppers-online.ch\/?post_type=product&#038;p=145172"},"modified":"2026-02-12T21:47:20","modified_gmt":"2026-02-12T20:47:20","slug":"burro-per-pugni-500ml-kopie","status":"publish","type":"product","link":"https:\/\/poppers-online.ch\/it\/prodotto\/burro-per-pugni-500ml-kopie\/","title":{"rendered":"Lubrificante bianco per pugni 500ml"},"content":{"rendered":"","protected":false},"excerpt":{"rendered":"<p data-start=\"227\" data-end=\"635\">Il <strong data-start=\"231\" data-end=\"259\">Fisting White Lube 500ml<\/strong> combina la visualit\u00e0 con un&#8217;esperienza viscerale. Questo gel denso, cremoso e simile allo sperma \u00e8 adatto a tutti coloro che desiderano che il loro lubrificante si distingua. Il <strong data-start=\"409\" data-end=\"437\">lubrificante Fisting White Lube 500ml<\/strong> \u00e8 morbido come un cuscino, scorre lentamente ed \u00e8 fatto per le sessioni di maratona: offre scorrevolezza, drammaticit\u00e0 e durata. Perfetto per l&#8217;uso come giocattolo, per i giochi di ruolo e per le sessioni di edge play ad alta intensit\u00e0.<\/p>\n<p data-start=\"637\" data-end=\"866\"><strong data-start=\"637\" data-end=\"655\">Ingredienti:<\/strong> acqua, glicerina, glicole propilenico, acrilato di sodio\/acrilildimetiltaurato\/dimetilacrilammide, idrossietilcellulosa, isoesadecano, polisorbato 60, etilesilglicerina, fenossietanolo, acido citrico<\/p>\n","protected":false},"featured_media":145196,"comment_status":"open","ping_status":"closed","template":"","meta":{"_acf_changed":false,"iawp_total_views":2,"_glsr_average":0,"_glsr_ranking":0,"_glsr_reviews":0},"product_brand":[],"product_cat":[2068,168],"product_tag":[],"class_list":{"0":"post-145172","1":"product","2":"type-product","3":"status-publish","4":"has-post-thumbnail","6":"product_cat-lubrificanti","7":"product_cat-farmacia","9":"first","10":"instock","11":"taxable","12":"shipping-taxable","13":"purchasable","14":"product-type-simple"},"acf":[],"_links":{"self":[{"href":"https:\/\/poppers-online.ch\/it\/wp-json\/wp\/v2\/product\/145172","targetHints":{"allow":["GET"]}}],"collection":[{"href":"https:\/\/poppers-online.ch\/it\/wp-json\/wp\/v2\/product"}],"about":[{"href":"https:\/\/poppers-online.ch\/it\/wp-json\/wp\/v2\/types\/product"}],"replies":[{"embeddable":true,"href":"https:\/\/poppers-online.ch\/it\/wp-json\/wp\/v2\/comments?post=145172"}],"wp:featuredmedia":[{"embeddable":true,"href":"https:\/\/poppers-online.ch\/it\/wp-json\/wp\/v2\/media\/145196"}],"wp:attachment":[{"href":"https:\/\/poppers-online.ch\/it\/wp-json\/wp\/v2\/media?parent=145172"}],"wp:term":[{"taxonomy":"product_brand","embeddable":true,"href":"https:\/\/poppers-online.ch\/it\/wp-json\/wp\/v2\/product_brand?post=145172"},{"taxonomy":"product_cat","embeddable":true,"href":"https:\/\/poppers-online.ch\/it\/wp-json\/wp\/v2\/product_cat?post=145172"},{"taxonomy":"product_tag","embeddable":true,"href":"https:\/\/poppers-online.ch\/it\/wp-json\/wp\/v2\/product_tag?post=145172"}],"curies":[{"name":"wp","href":"https:\/\/api.w.org\/{rel}","templated":true}]}}