{"id":145114,"date":"2026-01-22T16:13:59","date_gmt":"2026-01-22T15:13:59","guid":{"rendered":"https:\/\/poppers-online.ch\/?post_type=product&#038;p=145114"},"modified":"2026-02-12T21:47:24","modified_gmt":"2026-02-12T20:47:24","slug":"xtrm-maschera-di-gomma-monster-red-kopie","status":"publish","type":"product","link":"https:\/\/poppers-online.ch\/it\/prodotto\/xtrm-maschera-di-gomma-monster-red-kopie\/","title":{"rendered":"XTRM Maschera di gomma Void Pink"},"content":{"rendered":"","protected":false},"excerpt":{"rendered":"<p data-start=\"250\" data-end=\"527\">La <strong data-start=\"254\" data-end=\"284\">maschera di gomma XTRM Void Pink<\/strong> \u00e8 un capo elegante per tutti gli appassionati di gomma e BDSM. XTRM \u00e8 riuscita a rendere la maschera un vero e proprio richiamo visivo. Le cinghie sul retro possono essere facilmente regolate per adattarsi a qualsiasi dimensione della testa, in modo che la maschera si adatti perfettamente alla tua testa.<\/p>\n<p data-start=\"529\" data-end=\"763\">Come accessori, puoi anche acquistare un tubo, un filtro o un controller slave abbinato nel nostro negozio. In questo modo potrai personalizzare la <strong data-start=\"672\" data-end=\"702\">XTRM Rubber Mask Void Pink<\/strong> con diverse varianti di gioco.<\/p>\n<p data-start=\"765\" data-end=\"1156\">La maschera di gomma XTRM d\u00e0 vita alle tue fantasie fetish. Ideale per tutti gli amanti del rubber fetish e dei giochi di controllo del respiro, la <strong data-start=\"907\" data-end=\"937\">maschera di gomma XTRM Void Pink<\/strong> offre un&#8217;opportunit\u00e0 esclusiva di vivere le tue preferenze pi\u00f9 arrapanti. Che si tratti di giochi fetish in gomma o di controllo del respiro, questa maschera \u00e8 la tua compagna perfetta. Gli accessori possono essere ordinati separatamente nel nostro negozio.<\/p>\n","protected":false},"featured_media":145132,"comment_status":"open","ping_status":"closed","template":"","meta":{"_acf_changed":false,"iawp_total_views":1,"_glsr_average":0,"_glsr_ranking":0,"_glsr_reviews":0},"product_brand":[],"product_cat":[151],"product_tag":[],"class_list":{"0":"post-145114","1":"product","2":"type-product","3":"status-publish","4":"has-post-thumbnail","6":"product_cat-accessori-popper","8":"first","9":"instock","10":"taxable","11":"shipping-taxable","12":"purchasable","13":"product-type-simple"},"acf":[],"_links":{"self":[{"href":"https:\/\/poppers-online.ch\/it\/wp-json\/wp\/v2\/product\/145114","targetHints":{"allow":["GET"]}}],"collection":[{"href":"https:\/\/poppers-online.ch\/it\/wp-json\/wp\/v2\/product"}],"about":[{"href":"https:\/\/poppers-online.ch\/it\/wp-json\/wp\/v2\/types\/product"}],"replies":[{"embeddable":true,"href":"https:\/\/poppers-online.ch\/it\/wp-json\/wp\/v2\/comments?post=145114"}],"wp:featuredmedia":[{"embeddable":true,"href":"https:\/\/poppers-online.ch\/it\/wp-json\/wp\/v2\/media\/145132"}],"wp:attachment":[{"href":"https:\/\/poppers-online.ch\/it\/wp-json\/wp\/v2\/media?parent=145114"}],"wp:term":[{"taxonomy":"product_brand","embeddable":true,"href":"https:\/\/poppers-online.ch\/it\/wp-json\/wp\/v2\/product_brand?post=145114"},{"taxonomy":"product_cat","embeddable":true,"href":"https:\/\/poppers-online.ch\/it\/wp-json\/wp\/v2\/product_cat?post=145114"},{"taxonomy":"product_tag","embeddable":true,"href":"https:\/\/poppers-online.ch\/it\/wp-json\/wp\/v2\/product_tag?post=145114"}],"curies":[{"name":"wp","href":"https:\/\/api.w.org\/{rel}","templated":true}]}}