{"id":145080,"date":"2026-01-22T14:59:32","date_gmt":"2026-01-22T13:59:32","guid":{"rendered":"https:\/\/poppers-online.ch\/produkt\/tutto-quello-che-vuoi-papa-combo-di-popper\/"},"modified":"2026-03-16T09:22:35","modified_gmt":"2026-03-16T08:22:35","slug":"tutto-quello-che-vuoi-papa-combo-di-popper","status":"publish","type":"product","link":"https:\/\/poppers-online.ch\/it\/prodotto\/tutto-quello-che-vuoi-papa-combo-di-popper\/","title":{"rendered":"Tutto quello che vuoi, pap\u00e0! Combo di Popper"},"content":{"rendered":"","protected":false},"excerpt":{"rendered":"<p data-start=\"13\" data-end=\"301\"><strong data-start=\"13\" data-end=\"56\">Tutto quello che vuoi, pap\u00e0! Combo di Popper <\/strong>  \u00e8 pura sottomissione, pura lussuria e massima intensit\u00e0. Questa combinazione \u00e8 per tutti coloro che amano il controllo, vogliono superare i limiti e vivere le loro fantasie senza compromessi. Sporco, diretto e senza freni: proprio come dovrebbe essere.  <\/p>\n<p data-start=\"303\" data-end=\"850\">Il set include <strong data-start=\"324\" data-end=\"359\">Super Extreme Slut Popper 24ml<\/strong>. Sei pronto per il livello successivo? Questo Popper \u00e8 a base di nitrito di pentile ad alta purezza e offre un effetto particolarmente intenso e potente. Sviluppato per sessioni senza pudore e senza limiti, \u00e8 perfetto per i giochi di ruolo estremi, gli scenari di dominazione e i momenti in cui tu o il tuo partner dovrete diventare un&#8217;assoluta Super Extreme Slut. La pratica boccetta da 24 ml ti assicura di non esaurire la potenza troppo in fretta. Questo Popper \u00e8 sinonimo di devozione senza compromessi e massimo effetto.     <\/p>\n<p data-start=\"852\" data-end=\"1490\">\u00c8 disponibile anche il <strong data-start=\"867\" data-end=\"923\">Popper Booster Cap XTRM SNFFR Double Small Phantasy<\/strong> di XTRM. Porta la tua esperienza con i Popper a un livello completamente nuovo. Basta svitare il tappo originale, mettere il tappo booster e sentire immediatamente la differenza. Il Double Sniffer offre una sferzata pi\u00f9 diretta e pi\u00f9 intensa e allo stesso tempo protegge la tua pelle dalle irritazioni perch\u00e9 non c&#8217;\u00e8 contatto diretto con il liquido. Dopo l&#8217;uso, il tappo originale deve essere riavvitato per evitare perdite.<br data-start=\"1372\" data-end=\"1375\">Il tappo booster si adatta a tutte le boccette rotonde da 10ml e 30ml dei produttori Lockerroom, Shelbora e Royal Hexagon.    <\/p>\n<p data-start=\"1492\" data-end=\"1677\">Il  <strong data-start=\"1496\" data-end=\"1539\">Tutto quello che vuoi, pap\u00e0! Combo di Popper <\/strong>  \u00e8 fatta per la devozione assoluta, per i ruoli chiari e per i momenti in cui vuoi solo una cosa: obbedire, sentire e lasciarti andare.<\/p>\n","protected":false},"featured_media":145078,"comment_status":"open","ping_status":"closed","template":"","meta":{"_acf_changed":false,"iawp_total_views":15,"_glsr_average":0,"_glsr_ranking":0,"_glsr_reviews":0},"product_brand":[],"product_cat":[1047,104,109,151,1304],"product_tag":[],"class_list":{"0":"post-145080","1":"product","2":"type-product","3":"status-publish","4":"has-post-thumbnail","6":"product_cat-popper","7":"product_cat-confezioni-value","8":"product_cat-boccette-grandi","9":"product_cat-accessori-popper","10":"product_cat-booster-caps-it","11":"pa_booster-cap-gewindegroesse-per-filettatura-piccola","12":"pa_flaschenform-ovale-it","13":"pa_gewindegroesse-piccola","14":"pa_inhalt-combo","15":"pa_inhalt-24ml","16":"pa_inhaltsstoffe-nitrito-di-pentile","17":"pa_staerke-111","19":"first","20":"instock","21":"sale","22":"taxable","23":"shipping-taxable","24":"purchasable","25":"product-type-simple"},"acf":[],"_links":{"self":[{"href":"https:\/\/poppers-online.ch\/it\/wp-json\/wp\/v2\/product\/145080","targetHints":{"allow":["GET"]}}],"collection":[{"href":"https:\/\/poppers-online.ch\/it\/wp-json\/wp\/v2\/product"}],"about":[{"href":"https:\/\/poppers-online.ch\/it\/wp-json\/wp\/v2\/types\/product"}],"replies":[{"embeddable":true,"href":"https:\/\/poppers-online.ch\/it\/wp-json\/wp\/v2\/comments?post=145080"}],"wp:featuredmedia":[{"embeddable":true,"href":"https:\/\/poppers-online.ch\/it\/wp-json\/wp\/v2\/media\/145078"}],"wp:attachment":[{"href":"https:\/\/poppers-online.ch\/it\/wp-json\/wp\/v2\/media?parent=145080"}],"wp:term":[{"taxonomy":"product_brand","embeddable":true,"href":"https:\/\/poppers-online.ch\/it\/wp-json\/wp\/v2\/product_brand?post=145080"},{"taxonomy":"product_cat","embeddable":true,"href":"https:\/\/poppers-online.ch\/it\/wp-json\/wp\/v2\/product_cat?post=145080"},{"taxonomy":"product_tag","embeddable":true,"href":"https:\/\/poppers-online.ch\/it\/wp-json\/wp\/v2\/product_tag?post=145080"}],"curies":[{"name":"wp","href":"https:\/\/api.w.org\/{rel}","templated":true}]}}