{"id":145065,"date":"2026-01-22T12:30:33","date_gmt":"2026-01-22T11:30:33","guid":{"rendered":"https:\/\/poppers-online.ch\/produkt\/combo-di-popper-per-il-pussygasm\/"},"modified":"2026-03-16T10:32:09","modified_gmt":"2026-03-16T09:32:09","slug":"combo-di-popper-per-il-pussygasm","status":"publish","type":"product","link":"https:\/\/poppers-online.ch\/it\/prodotto\/combo-di-popper-per-il-pussygasm\/","title":{"rendered":"Pussygasm Popper Combo"},"content":{"rendered":"","protected":false},"excerpt":{"rendered":"<p data-start=\"13\" data-end=\"358\"><strong data-start=\"13\" data-end=\"40\">Pussygasm Popper Combo<\/strong> \u00e8 il tuo invito a momenti intensi e disinibiti, pieni di lussuria e devozione. Questa combinazione combina una giocosa perversione con una potenza senza compromessi e rende ogni sessione sensibilmente pi\u00f9 intensa. Perfetta per tutti coloro che vogliono lasciarsi andare, approfondire e vivere il proprio lato sensuale senza trattenersi.  <\/p>\n<p data-start=\"360\" data-end=\"1141\">Il set comprende il <strong data-start=\"385\" data-end=\"440\">Popper Booster Cap XTRM SNFFR Double Small Magenta<\/strong> di XTRM. Porta il tuo divertimento con il Popper a un nuovo livello: basta svitare il tappo originale, mettere il tappo booster e sentire immediatamente la differenza. Il Double Sniffer offre una sferzata pi\u00f9 diretta e pi\u00f9 intensa e allo stesso tempo protegge la tua pelle dalle irritazioni perch\u00e9 non c&#8217;\u00e8 contatto diretto con il liquido. Dopo l&#8217;uso, il tappo originale deve essere riavvitato per evitare perdite.<br data-start=\"882\" data-end=\"885\">Il tappo booster si adatta a tutte le boccette rotonde da 10ml e 30ml dei produttori Lockerroom, Shelbora e Royal Hexagon. L&#8217;accattivante colore magenta non \u00e8 solo un punto di forza visivo, ma \u00e8 anche uno dei preferiti della scena con un intenso fattore fetish.    <\/p>\n<p data-start=\"1143\" data-end=\"1675\">A questo si aggiunge <strong data-start=\"1154\" data-end=\"1194\">Sissy Popper 24ml di Twisted Beast<\/strong>, il popper perfetto per chi vuole vivere il proprio lato sottomesso, giocoso e particolarmente lussurioso. Con la sua formula a base di nitrito di alcol pentilico\/isoamilico, offre una scarica intensa e calda che ti permette di lasciarti andare pi\u00f9 velocemente e intensifica sensibilmente le tue sensazioni.<br data-start=\"1474\" data-end=\"1477\">Twisted Beast \u00e8 un leggendario marchio inglese di sesso gay hardcore, noto per i suoi prodotti estremi e iconici. Con i Sissy Popper puoi portare quella sensazione underground direttamente a casa tua.  <\/p>\n<p data-start=\"1677\" data-end=\"1891\">Il <strong data-start=\"1681\" data-end=\"1708\">Pussygasm Popper Combo<\/strong> \u00e8 sinonimo di pura devozione, energia erotica e intensit\u00e0 senza compromessi. Una combinazione per tutti coloro che vogliono qualcosa di pi\u00f9 dello standard e che vogliono godere della loro lussuria in modo consapevole, aperto e senza vergogna. <\/p>\n","protected":false},"featured_media":145063,"comment_status":"open","ping_status":"closed","template":"","meta":{"_acf_changed":false,"iawp_total_views":38,"_glsr_average":0,"_glsr_ranking":0,"_glsr_reviews":0},"product_brand":[],"product_cat":[1047,104,109,151,1304],"product_tag":[],"class_list":{"0":"post-145065","1":"product","2":"type-product","3":"status-publish","4":"has-post-thumbnail","6":"product_cat-popper","7":"product_cat-confezioni-value","8":"product_cat-boccette-grandi","9":"product_cat-accessori-popper","10":"product_cat-booster-caps-it","11":"pa_booster-cap-gewindegroesse-per-filettatura-piccola","12":"pa_flaschenform-ovale-it","13":"pa_gewindegroesse-piccola","14":"pa_inhalt-combo","15":"pa_inhalt-24ml","16":"pa_inhaltsstoffe-nitrito-di-alcool-isoamilico","17":"pa_marke-twisted-beast","18":"pa_staerke-105","20":"first","21":"instock","22":"sale","23":"taxable","24":"shipping-taxable","25":"purchasable","26":"product-type-simple"},"acf":[],"_links":{"self":[{"href":"https:\/\/poppers-online.ch\/it\/wp-json\/wp\/v2\/product\/145065","targetHints":{"allow":["GET"]}}],"collection":[{"href":"https:\/\/poppers-online.ch\/it\/wp-json\/wp\/v2\/product"}],"about":[{"href":"https:\/\/poppers-online.ch\/it\/wp-json\/wp\/v2\/types\/product"}],"replies":[{"embeddable":true,"href":"https:\/\/poppers-online.ch\/it\/wp-json\/wp\/v2\/comments?post=145065"}],"wp:featuredmedia":[{"embeddable":true,"href":"https:\/\/poppers-online.ch\/it\/wp-json\/wp\/v2\/media\/145063"}],"wp:attachment":[{"href":"https:\/\/poppers-online.ch\/it\/wp-json\/wp\/v2\/media?parent=145065"}],"wp:term":[{"taxonomy":"product_brand","embeddable":true,"href":"https:\/\/poppers-online.ch\/it\/wp-json\/wp\/v2\/product_brand?post=145065"},{"taxonomy":"product_cat","embeddable":true,"href":"https:\/\/poppers-online.ch\/it\/wp-json\/wp\/v2\/product_cat?post=145065"},{"taxonomy":"product_tag","embeddable":true,"href":"https:\/\/poppers-online.ch\/it\/wp-json\/wp\/v2\/product_tag?post=145065"}],"curies":[{"name":"wp","href":"https:\/\/api.w.org\/{rel}","templated":true}]}}