{"id":145056,"date":"2026-01-22T11:23:39","date_gmt":"2026-01-22T10:23:39","guid":{"rendered":"https:\/\/poppers-online.ch\/produkt\/combo-di-popper-a-largo-raggio\/"},"modified":"2026-01-22T15:31:33","modified_gmt":"2026-01-22T14:31:33","slug":"combo-di-popper-a-largo-raggio","status":"publish","type":"product","link":"https:\/\/poppers-online.ch\/it\/prodotto\/combo-di-popper-a-largo-raggio\/","title":{"rendered":"Open Wide Popper Combo"},"content":{"rendered":"","protected":false},"excerpt":{"rendered":"<p data-start=\"13\" data-end=\"537\"><strong data-start=\"13\" data-end=\"40\">Open Wide Popper Combo<\/strong> \u00e8 dedicato a tutti coloro che vogliono farlo pi\u00f9 duro, pi\u00f9 profondo e pi\u00f9 disinibito. Questo set \u00e8 fatto per sessioni in cui il piacere domina e il controllo diventa pura devozione. Con il <strong data-start=\"210\" data-end=\"244\">FIST HOLE EXTREME Popper 30ml<\/strong> e il <strong data-start=\"253\" data-end=\"306\">Popper Booster Cap XTRM SNFFR Double Small nero<\/strong>, sperimenterai il tuo Popper in modo pi\u00f9 intenso, diretto e senza compromessi. Pi\u00f9 pressione, pi\u00f9 apertura, pi\u00f9 spinta: l&#8217;Open Wide Popper Combo \u00e8 il tuo strumento per fantasie sconce, momenti estremi e sessioni che rimarranno impresse nella tua mente per molto tempo.   <\/p>\n<p data-start=\"539\" data-end=\"913\"><strong data-start=\"539\" data-end=\"573\">FIST HOLE EXTREME Popper 30ml<\/strong><br data-start=\"573\" data-end=\"576\">Il <strong data-start=\"580\" data-end=\"614\">FIST HOLE EXTREME Popper 30ml<\/strong> \u00e8 stato sviluppato appositamente per pratiche estreme come il fisting o il sesso anale intenso. Contiene nitrito di esile, considerato uno dei nitriti alchilici meno dannosi. Con un&#8217;intensit\u00e0 6, \u00e8 una delle variet\u00e0 pi\u00f9 intense sul mercato e offre un effetto potente e senza compromessi.  <\/p>\n<p data-start=\"915\" data-end=\"1186\">La boccetta da 30 ml ha un tappo facile da aprire ed \u00e8 ideale per sessioni lunghe e prolungate. Con il <strong data-start=\"1044\" data-end=\"1078\">FIST HOLE EXTREME Popper 30ml<\/strong> puoi superare i tuoi limiti, rilassarti pi\u00f9 profondamente e rendere le tue esperienze di fisting ancora pi\u00f9 intense e arrapanti. <\/p>\n<p data-start=\"1188\" data-end=\"1528\"><strong data-start=\"1188\" data-end=\"1241\">Popper Booster Cap XTRM SNFFR Double Small black<\/strong><br data-start=\"1241\" data-end=\"1244\">Il <strong data-start=\"1248\" data-end=\"1301\">Popper Booster Cap XTRM SNFFR Double Small black<\/strong> di XTRM porta l&#8217;uso dei popper a un nuovo livello. Si svita il tappo originale del produttore e lo si sostituisce con il tappo booster. L&#8217;effetto \u00e8 immediatamente visibile: pi\u00f9 intenso, pi\u00f9 diretto e pi\u00f9 controllato.  <\/p>\n<p data-start=\"1530\" data-end=\"1839\">Uno dei principali vantaggi \u00e8 la protezione della tua pelle. Il tappo impedisce il contatto diretto della pelle con i Popper, riducendo notevolmente il rischio di irritazioni o ustioni. Dopo l&#8217;uso, il tappo originale deve essere riavvitato per evitare perdite.  <\/p>\n<p data-start=\"1841\" data-end=\"2089\">Il <strong data-start=\"1845\" data-end=\"1898\">Popper Booster Cap XTRM SNFFR Double Small nero<\/strong> \u00e8 compatibile con tutte le boccette rotonde da 10ml e 30ml del produttore canadese Lockerroom ed \u00e8 perfetto per chi vuole pi\u00f9 intensit\u00e0, pi\u00f9 sicurezza e pi\u00f9 controllo.<\/p>\n","protected":false},"featured_media":145055,"comment_status":"open","ping_status":"closed","template":"","meta":{"_acf_changed":false,"iawp_total_views":52,"_glsr_average":0,"_glsr_ranking":0,"_glsr_reviews":0},"product_brand":[],"product_cat":[1047,104,109],"product_tag":[],"class_list":{"0":"post-145056","1":"product","2":"type-product","3":"status-publish","4":"has-post-thumbnail","6":"product_cat-popper","7":"product_cat-confezioni-value","8":"product_cat-boccette-grandi","9":"pa_booster-cap-gewindegroesse-per-filettatura-piccola","10":"pa_flaschenform-rotonda-grande","11":"pa_gewindegroesse-piccola","12":"pa_inhalt-combo","13":"pa_inhalt-30ml","14":"pa_inhaltsstoffe-nitrito-esile","15":"pa_marke-fist-popper","16":"pa_marke-royal-hexagon","17":"pa_staerke-105","19":"first","20":"instock","21":"sale","22":"taxable","23":"shipping-taxable","24":"purchasable","25":"product-type-simple"},"acf":[],"_links":{"self":[{"href":"https:\/\/poppers-online.ch\/it\/wp-json\/wp\/v2\/product\/145056","targetHints":{"allow":["GET"]}}],"collection":[{"href":"https:\/\/poppers-online.ch\/it\/wp-json\/wp\/v2\/product"}],"about":[{"href":"https:\/\/poppers-online.ch\/it\/wp-json\/wp\/v2\/types\/product"}],"replies":[{"embeddable":true,"href":"https:\/\/poppers-online.ch\/it\/wp-json\/wp\/v2\/comments?post=145056"}],"wp:featuredmedia":[{"embeddable":true,"href":"https:\/\/poppers-online.ch\/it\/wp-json\/wp\/v2\/media\/145055"}],"wp:attachment":[{"href":"https:\/\/poppers-online.ch\/it\/wp-json\/wp\/v2\/media?parent=145056"}],"wp:term":[{"taxonomy":"product_brand","embeddable":true,"href":"https:\/\/poppers-online.ch\/it\/wp-json\/wp\/v2\/product_brand?post=145056"},{"taxonomy":"product_cat","embeddable":true,"href":"https:\/\/poppers-online.ch\/it\/wp-json\/wp\/v2\/product_cat?post=145056"},{"taxonomy":"product_tag","embeddable":true,"href":"https:\/\/poppers-online.ch\/it\/wp-json\/wp\/v2\/product_tag?post=145056"}],"curies":[{"name":"wp","href":"https:\/\/api.w.org\/{rel}","templated":true}]}}