{"id":143369,"date":"2026-01-08T14:52:17","date_gmt":"2026-01-08T13:52:17","guid":{"rendered":"https:\/\/poppers-online.ch\/produkt\/gape-boy-colour-super-pentyl-30ml\/"},"modified":"2026-01-26T11:49:53","modified_gmt":"2026-01-26T10:49:53","slug":"gape-boy-colour-super-pentyl-30ml","status":"publish","type":"product","link":"https:\/\/poppers-online.ch\/it\/prodotto\/gape-boy-colour-super-pentyl-30ml\/","title":{"rendered":"Gape Boy Colour Super Pentyl 30ml"},"content":{"rendered":"","protected":false},"excerpt":{"rendered":"<p data-start=\"109\" data-end=\"360\"><strong data-start=\"109\" data-end=\"145\">Gape Boy Color Super Pentyl 30ml<\/strong> \u00e8 la variante colorata e potente di <strong data-start=\"201\" data-end=\"218\">Twisted Beast<\/strong>, pensata per tutti coloro che vogliono stare al passo con i &#8220;grandi&#8221;. Pi\u00f9 colore, pi\u00f9 potenza, pi\u00f9 velocit\u00e0 &#8211; e subito pronto per un&#8217;azione intensa.<\/p>\n<p data-start=\"362\" data-end=\"617\">La <strong data-start=\"366\" data-end=\"394\">boccetta rotonda da 30 ml<\/strong> con <strong data-start=\"399\" data-end=\"412\">filettatura a S<\/strong> si adatta saldamente alla mano e combina uno stile di ispirazione retr\u00f2 con una funzionalit\u00e0 comprovata. Gape Boy Colour Super Pentyl offre effetti rapidi e diretti che portano le tue sessioni a un nuovo livello.<\/p>\n<p data-start=\"619\" data-end=\"754\"><strong data-start=\"619\" data-end=\"636\">Twisted Beast<\/strong> \u00e8 sinonimo di qualit\u00e0 senza compromessi, potenza evidente e momenti indimenticabili: questo Popper non fa le cose a met\u00e0.<\/p>\n","protected":false},"featured_media":143366,"comment_status":"open","ping_status":"closed","template":"","meta":{"_acf_changed":false,"iawp_total_views":9,"_glsr_average":0,"_glsr_ranking":0,"_glsr_reviews":0},"product_brand":[],"product_cat":[1047,109],"product_tag":[],"class_list":{"0":"post-143369","1":"product","2":"type-product","3":"status-publish","4":"has-post-thumbnail","6":"product_cat-popper","7":"product_cat-boccette-grandi","8":"pa_flaschenform-rotonda-grande","9":"pa_gewindegroesse-piccola","10":"pa_inhalt-30ml","11":"pa_inhaltsstoffe-nitrito-di-alcool-isoamilico","12":"pa_marke-twisted-beast","13":"pa_staerke-103","15":"first","16":"instock","17":"taxable","18":"shipping-taxable","19":"purchasable","20":"product-type-simple"},"acf":[],"_links":{"self":[{"href":"https:\/\/poppers-online.ch\/it\/wp-json\/wp\/v2\/product\/143369","targetHints":{"allow":["GET"]}}],"collection":[{"href":"https:\/\/poppers-online.ch\/it\/wp-json\/wp\/v2\/product"}],"about":[{"href":"https:\/\/poppers-online.ch\/it\/wp-json\/wp\/v2\/types\/product"}],"replies":[{"embeddable":true,"href":"https:\/\/poppers-online.ch\/it\/wp-json\/wp\/v2\/comments?post=143369"}],"wp:featuredmedia":[{"embeddable":true,"href":"https:\/\/poppers-online.ch\/it\/wp-json\/wp\/v2\/media\/143366"}],"wp:attachment":[{"href":"https:\/\/poppers-online.ch\/it\/wp-json\/wp\/v2\/media?parent=143369"}],"wp:term":[{"taxonomy":"product_brand","embeddable":true,"href":"https:\/\/poppers-online.ch\/it\/wp-json\/wp\/v2\/product_brand?post=143369"},{"taxonomy":"product_cat","embeddable":true,"href":"https:\/\/poppers-online.ch\/it\/wp-json\/wp\/v2\/product_cat?post=143369"},{"taxonomy":"product_tag","embeddable":true,"href":"https:\/\/poppers-online.ch\/it\/wp-json\/wp\/v2\/product_tag?post=143369"}],"curies":[{"name":"wp","href":"https:\/\/api.w.org\/{rel}","templated":true}]}}