{"id":143354,"date":"2026-01-08T13:55:17","date_gmt":"2026-01-08T12:55:17","guid":{"rendered":"https:\/\/poppers-online.ch\/produkt\/gape-boy-colour-super-n-pentyl-30ml\/"},"modified":"2026-01-20T09:28:27","modified_gmt":"2026-01-20T08:28:27","slug":"gape-boy-colour-super-n-pentyl-30ml","status":"publish","type":"product","link":"https:\/\/poppers-online.ch\/it\/prodotto\/gape-boy-colour-super-n-pentyl-30ml\/","title":{"rendered":"Gape Boy Colour Super n-Pentyl Popper 30ml"},"content":{"rendered":"","protected":false},"excerpt":{"rendered":"<p data-start=\"111\" data-end=\"404\"><strong data-start=\"111\" data-end=\"149\">Gape Boy Color Super n-Pentyl 30ml<\/strong> \u00e8 la versione colorata e potente di <strong data-start=\"198\" data-end=\"215\">Twisted Beast<\/strong>, pensata per tutti coloro che vogliono qualcosa in pi\u00f9 del solito. Pi\u00f9 pressione, pi\u00f9 calcio, la stessa leggendaria scarica di testa, solo un passo pi\u00f9 in alto. Se ti presenti con questa, sarai sicuramente oggetto di invidia.<\/p>\n<p data-start=\"406\" data-end=\"855\">Con la sua <strong data-start=\"417\" data-end=\"444\">formula a base di nitrito di n-pentile<\/strong>, Gape Boy Colour Super offre un effetto notevolmente pi\u00f9 intenso rispetto al Pentile classico e fornisce una scarica rapida e intensa che si esaurisce immediatamente. Con un&#8217;<strong data-start=\"603\" data-end=\"625\">intensit\u00e0 di 4 su 6<\/strong>, offre un&#8217;intensit\u00e0 potente ma equilibrata. La boccetta <strong data-start=\"686\" data-end=\"715\">grande e rotonda da 30 ml<\/strong> con un <strong data-start=\"720\" data-end=\"737\">piccolo filetto<\/strong> combina un look accattivante con una maneggevolezza collaudata ed \u00e8 perfettamente in linea con lo stile &#8220;gape boy&#8221; di ispirazione retr\u00f2.<\/p>\n<p data-start=\"857\" data-end=\"991\"><strong data-start=\"857\" data-end=\"874\">Twisted Beast<\/strong> rimane fedele a se stessa e offre una qualit\u00e0 senza compromessi per tutti coloro che vogliono potenza, stile ed effetto in una sola boccetta.<\/p>\n","protected":false},"featured_media":143351,"comment_status":"open","ping_status":"closed","template":"","meta":{"_acf_changed":false,"iawp_total_views":11,"_glsr_average":0,"_glsr_ranking":0,"_glsr_reviews":0},"product_brand":[],"product_cat":[1047,109],"product_tag":[],"class_list":{"0":"post-143354","1":"product","2":"type-product","3":"status-publish","4":"has-post-thumbnail","6":"product_cat-popper","7":"product_cat-boccette-grandi","8":"pa_flaschenform-rotonda-grande","9":"pa_gewindegroesse-piccola","10":"pa_inhalt-30ml","11":"pa_inhaltsstoffe-nitrito-di-n-pentanolo","12":"pa_marke-twisted-beast","13":"pa_staerke-111","15":"first","16":"instock","17":"taxable","18":"shipping-taxable","19":"purchasable","20":"product-type-simple"},"acf":[],"_links":{"self":[{"href":"https:\/\/poppers-online.ch\/it\/wp-json\/wp\/v2\/product\/143354","targetHints":{"allow":["GET"]}}],"collection":[{"href":"https:\/\/poppers-online.ch\/it\/wp-json\/wp\/v2\/product"}],"about":[{"href":"https:\/\/poppers-online.ch\/it\/wp-json\/wp\/v2\/types\/product"}],"replies":[{"embeddable":true,"href":"https:\/\/poppers-online.ch\/it\/wp-json\/wp\/v2\/comments?post=143354"}],"wp:featuredmedia":[{"embeddable":true,"href":"https:\/\/poppers-online.ch\/it\/wp-json\/wp\/v2\/media\/143351"}],"wp:attachment":[{"href":"https:\/\/poppers-online.ch\/it\/wp-json\/wp\/v2\/media?parent=143354"}],"wp:term":[{"taxonomy":"product_brand","embeddable":true,"href":"https:\/\/poppers-online.ch\/it\/wp-json\/wp\/v2\/product_brand?post=143354"},{"taxonomy":"product_cat","embeddable":true,"href":"https:\/\/poppers-online.ch\/it\/wp-json\/wp\/v2\/product_cat?post=143354"},{"taxonomy":"product_tag","embeddable":true,"href":"https:\/\/poppers-online.ch\/it\/wp-json\/wp\/v2\/product_tag?post=143354"}],"curies":[{"name":"wp","href":"https:\/\/api.w.org\/{rel}","templated":true}]}}