{"id":139607,"date":"2025-12-04T16:37:35","date_gmt":"2025-12-04T15:37:35","guid":{"rendered":"https:\/\/poppers-online.ch\/produkt\/fuck-fist-pentyl-popper-small-sniffer\/"},"modified":"2026-03-01T21:46:06","modified_gmt":"2026-03-01T20:46:06","slug":"fuck-fist-pentyl-popper-small-sniffer","status":"publish","type":"product","link":"https:\/\/poppers-online.ch\/it\/prodotto\/fuck-fist-pentyl-popper-small-sniffer\/","title":{"rendered":"Fuck &amp; Fist Pentyl Popper Small + Sniffer"},"content":{"rendered":"","protected":false},"excerpt":{"rendered":"<p data-start=\"264\" data-end=\"510\"><strong data-start=\"264\" data-end=\"279\">Fuck &amp; Fist<\/strong> \u00e8 il marchio imperdibile <em data-start=\"304\" data-end=\"323\">dei gay per i gay<\/em>. Conosciuta per la Polvere di Pugno, le docce anali e i lubrificanti, ora c&#8217;\u00e8 anche una linea di Popper, in un pratico set: <strong data-start=\"463\" data-end=\"509\">Fuck &amp; Fist Pentyl Popper Small + Sniffer<\/strong>.<\/p>\n<p data-start=\"512\" data-end=\"689\">La formula Pentyl ti d\u00e0 la spinta rapida e intensa di cui hai bisogno per le tue sessioni. In pi\u00f9, il fiutatore rende il tutto pi\u00f9 pulito, diretto ed efficiente. <\/p>\n","protected":false},"featured_media":139605,"comment_status":"open","ping_status":"closed","template":"","meta":{"_acf_changed":false,"iawp_total_views":45,"_glsr_average":0,"_glsr_ranking":0,"_glsr_reviews":0},"product_brand":[],"product_cat":[1047,112],"product_tag":[],"class_list":{"0":"post-139607","1":"product","2":"type-product","3":"status-publish","4":"has-post-thumbnail","6":"product_cat-popper","7":"product_cat-boccette-piccole","8":"pa_flaschenform-rotonda-piccola","9":"pa_gewindegroesse-piccola","10":"pa_inhalt-10ml","11":"pa_inhaltsstoffe-nitrito-di-alcool-isoamilico","12":"pa_marke-scopate-e-pugni","13":"pa_staerke-105","15":"first","16":"instock","17":"taxable","18":"shipping-taxable","19":"purchasable","20":"product-type-simple"},"acf":[],"_links":{"self":[{"href":"https:\/\/poppers-online.ch\/it\/wp-json\/wp\/v2\/product\/139607","targetHints":{"allow":["GET"]}}],"collection":[{"href":"https:\/\/poppers-online.ch\/it\/wp-json\/wp\/v2\/product"}],"about":[{"href":"https:\/\/poppers-online.ch\/it\/wp-json\/wp\/v2\/types\/product"}],"replies":[{"embeddable":true,"href":"https:\/\/poppers-online.ch\/it\/wp-json\/wp\/v2\/comments?post=139607"}],"wp:featuredmedia":[{"embeddable":true,"href":"https:\/\/poppers-online.ch\/it\/wp-json\/wp\/v2\/media\/139605"}],"wp:attachment":[{"href":"https:\/\/poppers-online.ch\/it\/wp-json\/wp\/v2\/media?parent=139607"}],"wp:term":[{"taxonomy":"product_brand","embeddable":true,"href":"https:\/\/poppers-online.ch\/it\/wp-json\/wp\/v2\/product_brand?post=139607"},{"taxonomy":"product_cat","embeddable":true,"href":"https:\/\/poppers-online.ch\/it\/wp-json\/wp\/v2\/product_cat?post=139607"},{"taxonomy":"product_tag","embeddable":true,"href":"https:\/\/poppers-online.ch\/it\/wp-json\/wp\/v2\/product_tag?post=139607"}],"curies":[{"name":"wp","href":"https:\/\/api.w.org\/{rel}","templated":true}]}}