{"id":138125,"date":"2025-11-27T10:30:25","date_gmt":"2025-11-27T09:30:25","guid":{"rendered":"https:\/\/poppers-online.ch\/produkt\/brutus-xtra-ultimate-popper-combo-degustazione-24ml\/"},"modified":"2026-02-14T18:05:03","modified_gmt":"2026-02-14T17:05:03","slug":"brutus-xtra-ultimate-popper-combo-degustazione-24ml","status":"publish","type":"product","link":"https:\/\/poppers-online.ch\/it\/prodotto\/brutus-xtra-ultimate-popper-combo-degustazione-24ml\/","title":{"rendered":"Brutus Xtra Ultimate Popper Combo Degustazione 24ml"},"content":{"rendered":"","protected":false},"excerpt":{"rendered":"<p data-start=\"204\" data-end=\"510\">Riesci ad annusare la differenza? Il <strong data-start=\"294\" data-end=\"345\">Brutus Xtra Ultimate Popper Tasting Combo 24ml<\/strong> ti offre tre leggendari popper Brutus da 24ml in bottiglie di alluminio. Neutro, cannella o cuoio e legno: sorprendi il tuo prossimo appuntamento con questi popper speciali!  <\/p>\n<p data-start=\"512\" data-end=\"1085\"><strong data-start=\"512\" data-end=\"591\">Brutus Xtra Strong 24ml Popper Cinnamon XL &#8211; Intensit\u00e0 con un tocco piccante.<\/strong><br data-start=\"591\" data-end=\"594\">L&#8217;intensit\u00e0 Brutus ha ora un nuovo, eccitante sapore. Immagina due uomini, completamente immersi nel momento, caldi, crudi e guidati dalla pura lussuria: questa \u00e8 esattamente l&#8217;energia di questo aroma alla cannella.<br data-start=\"803\" data-end=\"806\">Il forte e speziato profumo di cannella attraversa i sensi e accende un brivido che si diffonde in profondit\u00e0 nel corpo. Una sola tirata e la tensione animalesca prende il sopravvento. Per sessioni pi\u00f9 intense, pi\u00f9 selvagge e pi\u00f9 energiche.<\/p>\n<p data-start=\"1087\" data-end=\"1723\"><strong data-start=\"1087\" data-end=\"1140\">Brutus Xtra Strong 24ml Popper Leather &amp; Wood XL<\/strong><br data-start=\"1140\" data-end=\"1143\">Brutus Xtra Strong 24ml Popper Leather &amp; Wood XL \u00e8 rivolto a tutti coloro che cercano un&#8217;esperienza particolarmente intensa. La sorprendente fragranza Leather &amp; Wood si sviluppa in profondit\u00e0 e calore &#8211; come il primo passo in una stanza fetish oscura dove cuoio, acciaio e tensione definiscono l&#8217;atmosfera.<br data-start=\"1436\" data-end=\"1439\">Il potente mix di note di cuoio robusto e accenti di legno scuro ha un effetto immediato e pone un chiaro accento maschile. Basta una sola boccata per intensificare il momento, indipendentemente dal fatto che tu voglia vivere appieno il tuo lato dominante o abbandonarti completamente all&#8217;esperienza.<\/p>\n<p data-start=\"1725\" data-end=\"2180\"><strong data-start=\"1725\" data-end=\"1748\">Brutus Popper 24ml<\/strong><br data-start=\"1748\" data-end=\"1751\">Brutus di Amsterdam \u00e8 noto per i suoi eccitanti cock ring e ball stretchers. Ora il produttore Brutus lancia i Popper per gladiatori e batori. Se vuoi vivere momenti da bestia disinibita, allora dai un&#8217;annusata a Brutus Popper.<br data-start=\"2018\" data-end=\"2021\">Contiene puro nitrito di pentile di alta qualit\u00e0 di intensit\u00e0 6 ed \u00e8 contenuto in un indistruttibile flacone tascabile in alluminio da 24 ml.<\/p>\n","protected":false},"featured_media":138124,"comment_status":"open","ping_status":"closed","template":"","meta":{"_acf_changed":false,"iawp_total_views":17,"_glsr_average":0,"_glsr_ranking":0,"_glsr_reviews":0},"product_brand":[],"product_cat":[1047,104,109],"product_tag":[],"class_list":{"0":"post-138125","1":"product","2":"type-product","3":"status-publish","4":"has-post-thumbnail","6":"product_cat-popper","7":"product_cat-confezioni-value","8":"product_cat-boccette-grandi","9":"pa_flaschenform-rotonda-grande","10":"pa_gewindegroesse-piccola","11":"pa_inhalt-combo","12":"pa_inhalt-24ml","13":"pa_inhaltsstoffe-nitrito-di-pentile","14":"pa_inhaltsstoffe-nitrito-di-n-pentanolo","15":"pa_marke-bruto","16":"pa_staerke-103","18":"first","19":"instock","20":"sale","21":"taxable","22":"shipping-taxable","23":"purchasable","24":"product-type-simple"},"acf":[],"_links":{"self":[{"href":"https:\/\/poppers-online.ch\/it\/wp-json\/wp\/v2\/product\/138125","targetHints":{"allow":["GET"]}}],"collection":[{"href":"https:\/\/poppers-online.ch\/it\/wp-json\/wp\/v2\/product"}],"about":[{"href":"https:\/\/poppers-online.ch\/it\/wp-json\/wp\/v2\/types\/product"}],"replies":[{"embeddable":true,"href":"https:\/\/poppers-online.ch\/it\/wp-json\/wp\/v2\/comments?post=138125"}],"wp:featuredmedia":[{"embeddable":true,"href":"https:\/\/poppers-online.ch\/it\/wp-json\/wp\/v2\/media\/138124"}],"wp:attachment":[{"href":"https:\/\/poppers-online.ch\/it\/wp-json\/wp\/v2\/media?parent=138125"}],"wp:term":[{"taxonomy":"product_brand","embeddable":true,"href":"https:\/\/poppers-online.ch\/it\/wp-json\/wp\/v2\/product_brand?post=138125"},{"taxonomy":"product_cat","embeddable":true,"href":"https:\/\/poppers-online.ch\/it\/wp-json\/wp\/v2\/product_cat?post=138125"},{"taxonomy":"product_tag","embeddable":true,"href":"https:\/\/poppers-online.ch\/it\/wp-json\/wp\/v2\/product_tag?post=138125"}],"curies":[{"name":"wp","href":"https:\/\/api.w.org\/{rel}","templated":true}]}}