{"id":137382,"date":"2025-11-20T16:46:32","date_gmt":"2025-11-20T15:46:32","guid":{"rendered":"https:\/\/poppers-online.ch\/produkt\/fuck-fist-silicone-relax-lube-50ml\/"},"modified":"2025-11-20T17:18:10","modified_gmt":"2025-11-20T16:18:10","slug":"fuck-fist-silicone-relax-lube-50ml","status":"publish","type":"product","link":"https:\/\/poppers-online.ch\/it\/prodotto\/fuck-fist-silicone-relax-lube-50ml\/","title":{"rendered":"Fuck &amp; Fist Silicone Relax Lube 50ml"},"content":{"rendered":"","protected":false},"excerpt":{"rendered":"<p data-start=\"197\" data-end=\"1033\"><strong data-start=\"197\" data-end=\"237\">Fuck &amp; Fist Silicone Relax Lube 50ml<\/strong> &#8211; Anal Silicone Relax, il tuo partner affidabile per intense penetrazioni profonde<br data-start=\"311\" data-end=\"314\">Questo lubrificante di alta qualit\u00e0 a base di silicone offre una consistenza piacevolmente fluida e garantisce una lubrificazione uniforme e duratura. Che si tratti di fisting, di un intenso gioco anale o di altre applicazioni impegnative, <strong data-start=\"548\" data-end=\"588\">Fuck &amp; Fist Silicone Relax Lube 50ml<\/strong> ti offre un&#8217;esperienza delicata e scivolosa, senza pellicole untuose, senza appiccicare e senza consumarsi.<br data-start=\"687\" data-end=\"690\">Il pratico flacone a pompa consente un dosaggio pulito e preciso: una spremuta e il gioco \u00e8 fatto. Il gel \u00e8 ovviamente adatto ai preservativi e ti aiuta a concentrarti completamente sul tuo piacere. Indipendentemente dall&#8217;intensit\u00e0 e dalla profondit\u00e0 della sessione, questo lubrificante sar\u00e0 sempre al tuo fianco.<\/p>\n<p data-start=\"1035\" data-end=\"1170\">\u2714 Lubrificante premium a base di silicone<br data-start=\"1070\" data-end=\"1073\">\u2714 Ideale per sesso anale &amp; FF<br data-start=\"1102\" data-end=\"1105\">\u2714 Perfetto per sessioni intense e prolungate<br data-start=\"1150\" data-end=\"1153\">\u2714 Altamente efficiente<\/p>\n","protected":false},"featured_media":137380,"comment_status":"open","ping_status":"closed","template":"","meta":{"_acf_changed":false,"iawp_total_views":1,"_glsr_average":0,"_glsr_ranking":0,"_glsr_reviews":0},"product_brand":[],"product_cat":[2068,168],"product_tag":[],"class_list":{"0":"post-137382","1":"product","2":"type-product","3":"status-publish","4":"has-post-thumbnail","6":"product_cat-lubrificanti","7":"product_cat-farmacia","9":"first","10":"instock","11":"taxable","12":"shipping-taxable","13":"purchasable","14":"product-type-simple"},"acf":[],"_links":{"self":[{"href":"https:\/\/poppers-online.ch\/it\/wp-json\/wp\/v2\/product\/137382","targetHints":{"allow":["GET"]}}],"collection":[{"href":"https:\/\/poppers-online.ch\/it\/wp-json\/wp\/v2\/product"}],"about":[{"href":"https:\/\/poppers-online.ch\/it\/wp-json\/wp\/v2\/types\/product"}],"replies":[{"embeddable":true,"href":"https:\/\/poppers-online.ch\/it\/wp-json\/wp\/v2\/comments?post=137382"}],"wp:featuredmedia":[{"embeddable":true,"href":"https:\/\/poppers-online.ch\/it\/wp-json\/wp\/v2\/media\/137380"}],"wp:attachment":[{"href":"https:\/\/poppers-online.ch\/it\/wp-json\/wp\/v2\/media?parent=137382"}],"wp:term":[{"taxonomy":"product_brand","embeddable":true,"href":"https:\/\/poppers-online.ch\/it\/wp-json\/wp\/v2\/product_brand?post=137382"},{"taxonomy":"product_cat","embeddable":true,"href":"https:\/\/poppers-online.ch\/it\/wp-json\/wp\/v2\/product_cat?post=137382"},{"taxonomy":"product_tag","embeddable":true,"href":"https:\/\/poppers-online.ch\/it\/wp-json\/wp\/v2\/product_tag?post=137382"}],"curies":[{"name":"wp","href":"https:\/\/api.w.org\/{rel}","templated":true}]}}