{"id":135783,"date":"2025-11-06T15:27:19","date_gmt":"2025-11-06T14:27:19","guid":{"rendered":"https:\/\/poppers-online.ch\/produkt\/fuck-fist-anal-relax-50ml\/"},"modified":"2025-11-07T20:42:08","modified_gmt":"2025-11-07T19:42:08","slug":"fuck-fist-anal-relax-50ml","status":"publish","type":"product","link":"https:\/\/poppers-online.ch\/it\/prodotto\/fuck-fist-anal-relax-50ml\/","title":{"rendered":"Spray Fuck &amp; Fist Anal Relax 50ml"},"content":{"rendered":"","protected":false},"excerpt":{"rendered":"<p data-start=\"190\" data-end=\"269\">Vuoi sperimentare un comfort ancora maggiore e un piacere intenso durante il sesso anale?<\/p>\n<p data-start=\"271\" data-end=\"563\">Allora lo spray <strong data-start=\"290\" data-end=\"321\">Fuck &amp; Fist Anal Relax 50ml<\/strong> \u00e8 quello che fa per te. Ti aiuta a rilassare delicatamente i muscoli della zona anale, rendendo la penetrazione pi\u00f9 piacevole. Con i suoi generosi 50 ml, offre anche una possibilit\u00e0 di applicazione particolarmente lunga.  <\/p>\n<p data-start=\"565\" data-end=\"625\">Lo spray \u00e8 compatibile con tutti i giocattoli e i preservativi.<\/p>\n<p data-start=\"627\" data-end=\"765\"><strong data-start=\"627\" data-end=\"641\">Applicazione:<\/strong><br data-start=\"641\" data-end=\"644\">Applicare uno o due spruzzi sulla zona anale e lasciare agire brevemente. Se necessario, usa un lubrificante aggiuntivo. <\/p>\n<p data-start=\"767\" data-end=\"954\"><strong data-start=\"767\" data-end=\"787\">Vantaggi del prodotto:<\/strong><br data-start=\"787\" data-end=\"790\">\u2714 Spray anale rilassante<br data-start=\"816\" data-end=\"819\">\u2714 Effetto leggermente desensibilizzante<br data-start=\"855\" data-end=\"858\">\u2714 Pu\u00f2 essere combinato con tutti i lubrificanti<br data-start=\"895\" data-end=\"898\">\u2714 Adatto ai preservativi<br data-start=\"914\" data-end=\"917\">\u2714 Pratico flacone compatto da 50 ml<\/p>\n","protected":false},"featured_media":135780,"comment_status":"open","ping_status":"closed","template":"","meta":{"_acf_changed":false,"iawp_total_views":11,"_glsr_average":0,"_glsr_ranking":0,"_glsr_reviews":0},"product_brand":[],"product_cat":[2071,168],"product_tag":[],"class_list":{"0":"post-135783","1":"product","2":"type-product","3":"status-publish","4":"has-post-thumbnail","6":"product_cat-helpers","7":"product_cat-farmacia","9":"first","10":"instock","11":"taxable","12":"shipping-taxable","13":"purchasable","14":"product-type-simple"},"acf":[],"_links":{"self":[{"href":"https:\/\/poppers-online.ch\/it\/wp-json\/wp\/v2\/product\/135783","targetHints":{"allow":["GET"]}}],"collection":[{"href":"https:\/\/poppers-online.ch\/it\/wp-json\/wp\/v2\/product"}],"about":[{"href":"https:\/\/poppers-online.ch\/it\/wp-json\/wp\/v2\/types\/product"}],"replies":[{"embeddable":true,"href":"https:\/\/poppers-online.ch\/it\/wp-json\/wp\/v2\/comments?post=135783"}],"wp:featuredmedia":[{"embeddable":true,"href":"https:\/\/poppers-online.ch\/it\/wp-json\/wp\/v2\/media\/135780"}],"wp:attachment":[{"href":"https:\/\/poppers-online.ch\/it\/wp-json\/wp\/v2\/media?parent=135783"}],"wp:term":[{"taxonomy":"product_brand","embeddable":true,"href":"https:\/\/poppers-online.ch\/it\/wp-json\/wp\/v2\/product_brand?post=135783"},{"taxonomy":"product_cat","embeddable":true,"href":"https:\/\/poppers-online.ch\/it\/wp-json\/wp\/v2\/product_cat?post=135783"},{"taxonomy":"product_tag","embeddable":true,"href":"https:\/\/poppers-online.ch\/it\/wp-json\/wp\/v2\/product_tag?post=135783"}],"curies":[{"name":"wp","href":"https:\/\/api.w.org\/{rel}","templated":true}]}}