{"id":134045,"date":"2025-10-23T16:24:36","date_gmt":"2025-10-23T14:24:36","guid":{"rendered":"https:\/\/poppers-online.ch\/produkt\/vibratore-anale-di-potenza\/"},"modified":"2026-02-22T09:35:24","modified_gmt":"2026-02-22T08:35:24","slug":"vibratore-anale-di-potenza","status":"publish","type":"product","link":"https:\/\/poppers-online.ch\/it\/prodotto\/vibratore-anale-di-potenza\/","title":{"rendered":"Vibratore anale di potenza"},"content":{"rendered":"","protected":false},"excerpt":{"rendered":"<p data-start=\"1327\" data-end=\"1844\"><strong data-start=\"1341\" data-end=\"1374\">Anal Power Thrusting Vibrator<\/strong> \u00e8 stato realizzato con la massima precisione per un inserimento delicato e una penetrazione intensa e profonda. Grazie alla ventosa regolabile, \u00e8 possibile giocare anche a mani libere. Con una forza di spinta fino a 5 cm, questo vibratore misura 32 cm e raggiunge i 37 cm quando \u00e8 completamente esteso. Attiva il motore di estrema intensit\u00e0 con fino a 80 spinte al minuto lungo l&#8217;asta e abbandonati alle profonde onde vibranti che ti porteranno a un orgasmo esplosivo.   <\/p>\n<p data-start=\"1846\" data-end=\"2226\">Preparati a un climax impareggiabile che ti lascer\u00e0 senza fiato. Realizzato in silicone puro al 100%, questo vibratore offre durata, comfort e una variet\u00e0 di modalit\u00e0 di vibrazione per un&#8217;esperienza eccitante. Scatena le tue fantasie pi\u00f9 sfrenate con il vibratore anale Power Thrusting e scopri nuove dimensioni del piacere a cui diventerai dipendente.  <\/p>\n<p data-start=\"2228\" data-end=\"2656\"><strong data-start=\"2228\" data-end=\"2245\">Dimensioni del prodotto:<\/strong> 37 \u00d7 7 cm<br data-start=\"2255\" data-end=\"2258\"><strong data-start=\"2258\" data-end=\"2274\">Lunghezza totale:<\/strong> 37 cm<br data-start=\"2280\" data-end=\"2283\"><strong data-start=\"2283\" data-end=\"2305\">Lunghezza inseribile:<\/strong> 17,5 cm<br data-start=\"2313\" data-end=\"2316\"><strong data-start=\"2316\" data-end=\"2339\">Diametro di inserimento:<\/strong> 5 cm<br data-start=\"2344\" data-end=\"2347\"><strong data-start=\"2347\" data-end=\"2360\">Ventosa:<\/strong> S\u00ec<br data-start=\"2363\" data-end=\"2366\"><strong data-start=\"2366\" data-end=\"2379\">Materiale:<\/strong> silicone, plastica ABS<br data-start=\"2403\" data-end=\"2406\"><strong data-start=\"2406\" data-end=\"2426\">Ricaricabile:<\/strong> S\u00ec<br data-start=\"2429\" data-end=\"2432\"><strong data-start=\"2432\" data-end=\"2445\" data-is-only-node=\"\">Durata:<\/strong> 60 minuti<br data-start=\"2456\" data-end=\"2459\"><strong data-start=\"2459\" data-end=\"2472\">Tempo di ricarica:<\/strong> 240 minuti<br data-start=\"2484\" data-end=\"2487\"><strong data-start=\"2487\" data-end=\"2511\">Resistenza all&#8217;acqua:<\/strong> IPX4 a prova di schizzo<br data-start=\"2538\" data-end=\"2541\"><strong data-start=\"2541\" data-end=\"2564\">Opzioni di controllo:<\/strong> Telecomando<br data-start=\"2578\" data-end=\"2581\"><strong data-start=\"2581\" data-end=\"2600\">Modalit\u00e0 di vibrazione:<\/strong> 9<br data-start=\"2602\" data-end=\"2605\"><strong data-start=\"2605\" data-end=\"2619\">Modalit\u00e0 d&#8217;urto:<\/strong> 3<br data-start=\"2621\" data-end=\"2624\"><strong data-start=\"2624\" data-end=\"2640\">Tipo di batteria:<\/strong> agli ioni di litio<\/p>\n","protected":false},"featured_media":134036,"comment_status":"open","ping_status":"closed","template":"","meta":{"_acf_changed":false,"iawp_total_views":9,"_glsr_average":0,"_glsr_ranking":0,"_glsr_reviews":0},"product_brand":[],"product_cat":[2086,172],"product_tag":[],"class_list":{"0":"post-134045","1":"product","2":"type-product","3":"status-publish","4":"has-post-thumbnail","6":"product_cat-anal-play","7":"product_cat-sex-toys","9":"first","10":"instock","11":"taxable","12":"shipping-taxable","13":"purchasable","14":"product-type-simple"},"acf":[],"_links":{"self":[{"href":"https:\/\/poppers-online.ch\/it\/wp-json\/wp\/v2\/product\/134045","targetHints":{"allow":["GET"]}}],"collection":[{"href":"https:\/\/poppers-online.ch\/it\/wp-json\/wp\/v2\/product"}],"about":[{"href":"https:\/\/poppers-online.ch\/it\/wp-json\/wp\/v2\/types\/product"}],"replies":[{"embeddable":true,"href":"https:\/\/poppers-online.ch\/it\/wp-json\/wp\/v2\/comments?post=134045"}],"wp:featuredmedia":[{"embeddable":true,"href":"https:\/\/poppers-online.ch\/it\/wp-json\/wp\/v2\/media\/134036"}],"wp:attachment":[{"href":"https:\/\/poppers-online.ch\/it\/wp-json\/wp\/v2\/media?parent=134045"}],"wp:term":[{"taxonomy":"product_brand","embeddable":true,"href":"https:\/\/poppers-online.ch\/it\/wp-json\/wp\/v2\/product_brand?post=134045"},{"taxonomy":"product_cat","embeddable":true,"href":"https:\/\/poppers-online.ch\/it\/wp-json\/wp\/v2\/product_cat?post=134045"},{"taxonomy":"product_tag","embeddable":true,"href":"https:\/\/poppers-online.ch\/it\/wp-json\/wp\/v2\/product_tag?post=134045"}],"curies":[{"name":"wp","href":"https:\/\/api.w.org\/{rel}","templated":true}]}}