{"id":133945,"date":"2025-10-23T14:51:57","date_gmt":"2025-10-23T12:51:57","guid":{"rendered":"https:\/\/poppers-online.ch\/produkt\/s8-gel-pene-prolungato-30ml\/"},"modified":"2025-11-04T17:09:07","modified_gmt":"2025-11-04T16:09:07","slug":"s8-gel-pene-prolungato-30ml","status":"publish","type":"product","link":"https:\/\/poppers-online.ch\/it\/prodotto\/s8-gel-pene-prolungato-30ml\/","title":{"rendered":"S8 Gel Pene Prolungato 30ml"},"content":{"rendered":"","protected":false},"excerpt":{"rendered":"<p data-start=\"663\" data-end=\"1200\"><strong data-start=\"677\" data-end=\"699\">Dura pi\u00f9 a lungo<\/strong> durante l&#8217;amore con il <strong data-start=\"738\" data-end=\"768\">gel per il pene S8 Prolong 30ml<\/strong> di alta qualit\u00e0 <strong data-start=\"738\" data-end=\"768\">!<\/strong> Questa formula premium contiene ingredienti dermatologicamente testati che prolungano la durezza e ritardano il climax, senza compromettere la sensibilit\u00e0. Cos\u00ec potrai goderti momenti pi\u00f9 lunghi e intensi. Il <strong data-start=\"1005\" data-end=\"1023\">gel S8 Prolong<\/strong> \u00e8 senza glutine, senza solfati, senza parabeni, senza ftalati e non contiene conservanti aggressivi: una scelta naturale e affidabile per la tua cura intima.<\/p>\n<p data-start=\"1202\" data-end=\"1378\"><strong data-start=\"1202\" data-end=\"1220\">Contenuto del prodotto:<\/strong> 30 ml<br data-start=\"1226\" data-end=\"1229\"><strong data-start=\"1229\" data-end=\"1245\">Lunghezza totale:<\/strong> 10 cm<br data-start=\"1251\" data-end=\"1254\"><strong data-start=\"1254\" data-end=\"1277\">Diametro di inserimento:<\/strong> \u00d8 3 cm<br data-start=\"1284\" data-end=\"1287\"><strong data-start=\"1287\" data-end=\"1308\">Testato contro le allergie:<\/strong> S\u00ec<br data-start=\"1311\" data-end=\"1314\"><strong data-start=\"1314\" data-end=\"1329\">Senza glutine:<\/strong> S\u00ec<br data-start=\"1332\" data-end=\"1335\"><strong data-start=\"1335\" data-end=\"1349\" data-is-only-node=\"\">Inodore:<\/strong> S\u00ec<br data-start=\"1352\" data-end=\"1355\"><strong data-start=\"1355\" data-end=\"1373\">Senza parabeni:<\/strong> S\u00ec<\/p>\n","protected":false},"featured_media":133944,"comment_status":"open","ping_status":"closed","template":"","meta":{"_acf_changed":false,"iawp_total_views":6,"_glsr_average":0,"_glsr_ranking":0,"_glsr_reviews":0},"product_brand":[],"product_cat":[2080,168],"product_tag":[],"class_list":{"0":"post-133945","1":"product","2":"type-product","3":"status-publish","4":"has-post-thumbnail","6":"product_cat-eiaculazione-ritardata","7":"product_cat-farmacia","9":"first","10":"instock","11":"taxable","12":"shipping-taxable","13":"purchasable","14":"product-type-simple"},"acf":[],"_links":{"self":[{"href":"https:\/\/poppers-online.ch\/it\/wp-json\/wp\/v2\/product\/133945","targetHints":{"allow":["GET"]}}],"collection":[{"href":"https:\/\/poppers-online.ch\/it\/wp-json\/wp\/v2\/product"}],"about":[{"href":"https:\/\/poppers-online.ch\/it\/wp-json\/wp\/v2\/types\/product"}],"replies":[{"embeddable":true,"href":"https:\/\/poppers-online.ch\/it\/wp-json\/wp\/v2\/comments?post=133945"}],"wp:featuredmedia":[{"embeddable":true,"href":"https:\/\/poppers-online.ch\/it\/wp-json\/wp\/v2\/media\/133944"}],"wp:attachment":[{"href":"https:\/\/poppers-online.ch\/it\/wp-json\/wp\/v2\/media?parent=133945"}],"wp:term":[{"taxonomy":"product_brand","embeddable":true,"href":"https:\/\/poppers-online.ch\/it\/wp-json\/wp\/v2\/product_brand?post=133945"},{"taxonomy":"product_cat","embeddable":true,"href":"https:\/\/poppers-online.ch\/it\/wp-json\/wp\/v2\/product_cat?post=133945"},{"taxonomy":"product_tag","embeddable":true,"href":"https:\/\/poppers-online.ch\/it\/wp-json\/wp\/v2\/product_tag?post=133945"}],"curies":[{"name":"wp","href":"https:\/\/api.w.org\/{rel}","templated":true}]}}