{"id":133893,"date":"2025-10-23T11:35:54","date_gmt":"2025-10-23T09:35:54","guid":{"rendered":"https:\/\/poppers-online.ch\/produkt\/vibratore-magnum-opus-thruster-pro\/"},"modified":"2025-10-23T11:44:39","modified_gmt":"2025-10-23T09:44:39","slug":"vibratore-magnum-opus-thruster-pro","status":"publish","type":"product","link":"https:\/\/poppers-online.ch\/it\/prodotto\/vibratore-magnum-opus-thruster-pro\/","title":{"rendered":"Vibratore Magnum Opus Thruster Pro"},"content":{"rendered":"","protected":false},"excerpt":{"rendered":"<p data-start=\"1353\" data-end=\"1418\"><strong data-start=\"1353\" data-end=\"1381\">Magnum Opus Thruster Pro<\/strong> &#8211; il simbolo della lussuria e del potere.<\/p>\n<p data-start=\"1420\" data-end=\"1774\">Questo vibratore a spinta \u00e8 stato sviluppato per soddisfare i tuoi desideri pi\u00f9 profondi, con venature realistiche e una stimolazione intensa. Con ben 70 spinte al minuto, questo vibratore ti porter\u00e0 a un livello di piacere completamente nuovo. \u00c8 dotato di un telecomando per un facile utilizzo e di una base di aspirazione per un piacere a mani libere.  <\/p>\n<p data-start=\"1776\" data-end=\"2204\">Prova fino a 8 cm di corsa, 3 velocit\u00e0 di salita e discesa e 7 modalit\u00e0 di vibrazione con 3 velocit\u00e0 di vibrazione. Realizzato in silicone sicuro per il corpo, offre il massimo del comfort e della sicurezza. Il design a prova di schizzi assicura una pulizia senza sforzo e la ricarica USB garantisce un piacere infinito. Concediti lo straordinario piacere del <strong data-start=\"2138\" data-end=\"2166\">Magnum Opus Thruster Pro<\/strong> e lascia che ti mandi in estasi.   <\/p>\n<p data-start=\"2206\" data-end=\"2517\"><strong data-start=\"2206\" data-end=\"2226\">Dati tecnici<\/strong><br data-start=\"2226\" data-end=\"2229\"><strong data-start=\"2229\" data-end=\"2245\">Lunghezza totale:<\/strong> 30 cm<br data-start=\"2251\" data-end=\"2254\"><strong data-start=\"2254\" data-end=\"2283\">Diametro inseribile:<\/strong> 4,1 cm<br data-start=\"2290\" data-end=\"2293\"><strong data-start=\"2293\" data-end=\"2306\">Ventosa:<\/strong> S\u00ec<br data-start=\"2309\" data-end=\"2312\"><strong data-start=\"2312\" data-end=\"2325\">Materiale: <\/strong>Silicone<br data-start=\"2333\" data-end=\"2336\"><strong data-start=\"2336\" data-end=\"2356\">Ricaricabile:<\/strong> S\u00ec<br data-start=\"2359\" data-end=\"2362\"><strong data-start=\"2362\" data-end=\"2382\">Resistenza all&#8217;acqua:<\/strong> IPX4 a prova di schizzo<br data-start=\"2409\" data-end=\"2412\"><strong data-start=\"2412\" data-end=\"2431\">Modalit\u00e0 di vibrazione: <\/strong>10<br data-start=\"2434\" data-end=\"2437\"><strong data-start=\"2437\" data-end=\"2456\">Modalit\u00e0 di pulsazione:<\/strong> 3<br data-start=\"2458\" data-end=\"2461\"><strong data-start=\"2461\" data-end=\"2480\">Numero di motori:<\/strong> 2<br data-start=\"2482\" data-end=\"2485\"><strong data-start=\"2485\" data-end=\"2501\">Tipo di batteria:<\/strong> agli ioni di litio<\/p>\n","protected":false},"featured_media":133854,"comment_status":"open","ping_status":"closed","template":"","meta":{"_acf_changed":false,"iawp_total_views":3,"_glsr_average":0,"_glsr_ranking":0,"_glsr_reviews":0},"product_brand":[],"product_cat":[2086,172],"product_tag":[],"class_list":{"0":"post-133893","1":"product","2":"type-product","3":"status-publish","4":"has-post-thumbnail","6":"product_cat-anal-play","7":"product_cat-sex-toys","9":"first","10":"outofstock","11":"taxable","12":"shipping-taxable","13":"purchasable","14":"product-type-simple"},"acf":[],"_links":{"self":[{"href":"https:\/\/poppers-online.ch\/it\/wp-json\/wp\/v2\/product\/133893","targetHints":{"allow":["GET"]}}],"collection":[{"href":"https:\/\/poppers-online.ch\/it\/wp-json\/wp\/v2\/product"}],"about":[{"href":"https:\/\/poppers-online.ch\/it\/wp-json\/wp\/v2\/types\/product"}],"replies":[{"embeddable":true,"href":"https:\/\/poppers-online.ch\/it\/wp-json\/wp\/v2\/comments?post=133893"}],"wp:featuredmedia":[{"embeddable":true,"href":"https:\/\/poppers-online.ch\/it\/wp-json\/wp\/v2\/media\/133854"}],"wp:attachment":[{"href":"https:\/\/poppers-online.ch\/it\/wp-json\/wp\/v2\/media?parent=133893"}],"wp:term":[{"taxonomy":"product_brand","embeddable":true,"href":"https:\/\/poppers-online.ch\/it\/wp-json\/wp\/v2\/product_brand?post=133893"},{"taxonomy":"product_cat","embeddable":true,"href":"https:\/\/poppers-online.ch\/it\/wp-json\/wp\/v2\/product_cat?post=133893"},{"taxonomy":"product_tag","embeddable":true,"href":"https:\/\/poppers-online.ch\/it\/wp-json\/wp\/v2\/product_tag?post=133893"}],"curies":[{"name":"wp","href":"https:\/\/api.w.org\/{rel}","templated":true}]}}