{"id":133552,"date":"2025-10-16T15:01:16","date_gmt":"2025-10-16T13:01:16","guid":{"rendered":"https:\/\/poppers-online.ch\/produkt\/drenaggio-cerebrale-hardcore-ad-amsterdam-popper-combo\/"},"modified":"2025-11-17T14:18:34","modified_gmt":"2025-11-17T13:18:34","slug":"drenaggio-cerebrale-hardcore-ad-amsterdam-popper-combo","status":"publish","type":"product","link":"https:\/\/poppers-online.ch\/it\/prodotto\/drenaggio-cerebrale-hardcore-ad-amsterdam-popper-combo\/","title":{"rendered":"Drenaggio cerebrale hardcore ad Amsterdam Popper Combo"},"content":{"rendered":"","protected":false},"excerpt":{"rendered":"<p data-start=\"338\" data-end=\"611\"><strong data-start=\"338\" data-end=\"389\">Hardcore Brain Drain in Amsterdam Popper Combo<\/strong> &#8211; ispirato alle notti selvagge di Amsterdam.<br data-start=\"439\" data-end=\"442\">Questa combo \u00e8 sinonimo di intensa lussuria, avventura disinibita ed estasi pura.<br data-start=\"520\" data-end=\"523\">Perfetto per tutti coloro che vogliono sperimentare il massimo mentre fanno festa, giocano o si rilassano.<\/p>\n<p data-start=\"613\" data-end=\"1033\"><strong data-start=\"613\" data-end=\"643\">Amsterdam Hardcore Popper<\/strong> offre un&#8217;esperienza hardcore. Il nuovo e potente <strong data-start=\"697\" data-end=\"711\">N-Pentanolo<\/strong> fornisce un effetto immediato e di lunga durata. Preparati alla scarica di Popper definitiva e lascia che le tue inibizioni cadano e la tua lussuria aumenti a dismisura. Questa combinazione ti offre la <strong data-start=\"948\" data-end=\"965\">versione<\/strong> grande <strong data-start=\"948\" data-end=\"965\">da 24 ml<\/strong> per la casa e una pratica <strong data-start=\"999\" data-end=\"1016\">versione da 10 ml<\/strong> per il viaggio.   <\/p>\n<p data-start=\"1035\" data-end=\"1694\"><strong data-start=\"1035\" data-end=\"1077\">Brain Drain Popper 24ml Twisted Beast<\/strong> \u00e8 il popper per schiavi del sesso tra i <strong data-start=\"1129\" data-end=\"1154\">popper<\/strong> di tendenza <strong data-start=\"1129\" data-end=\"1154\">Twisted Beast<\/strong> dal Regno Unito e contiene <strong data-start=\"1174\" data-end=\"1207\">nitrito di pentile\/isoamile e alcol<\/strong>.<br data-start=\"1208\" data-end=\"1211\"><strong data-start=\"1211\" data-end=\"1228\">Twisted Beast<\/strong> \u00e8 un marchio di culto del sesso gay hardcore proveniente dall&#8217;Inghilterra. I popper Twisted Beast sono tra i pi\u00f9 estremi disponibili nel Regno Unito. Non dovrai pi\u00f9 recarti a SOHO per acquistare gli iconici Popper di Twisted Beast.<br data-start=\"1460\" data-end=\"1463\">\u00c8 ora di svuotare la testa e il cervello. I <g id=\"gid_1\">Brain Drain Popper<\/g> ti svuotano la testa per poterla riempire con tanto porno, cazzo e sperma. Con una sola sniffata, diventerai uno schiavo del sesso senza volont\u00e0.   <\/p>\n","protected":false},"featured_media":133199,"comment_status":"open","ping_status":"closed","template":"","meta":{"_acf_changed":false,"iawp_total_views":13,"_glsr_average":0,"_glsr_ranking":0,"_glsr_reviews":0},"product_brand":[],"product_cat":[1047,104],"product_tag":[],"class_list":{"0":"post-133552","1":"product","2":"type-product","3":"status-publish","4":"has-post-thumbnail","6":"product_cat-popper","7":"product_cat-confezioni-value","8":"pa_flaschenform-angolare","9":"pa_flaschenform-ovale-it","10":"pa_flaschenform-rotonda-piccola","11":"pa_gewindegroesse-grande","12":"pa_gewindegroesse-piccola","13":"pa_inhalt-combo","14":"pa_inhalt-24ml","15":"pa_inhalt-10ml","16":"pa_inhaltsstoffe-nitrito-di-alcool-isoamilico","17":"pa_inhaltsstoffe-nitrito-di-n-pentanolo","18":"pa_marke-amsterdam-popper","19":"pa_marke-twisted-beast","20":"pa_staerke-103","22":"first","23":"instock","24":"sale","25":"taxable","26":"shipping-taxable","27":"purchasable","28":"product-type-simple"},"acf":[],"_links":{"self":[{"href":"https:\/\/poppers-online.ch\/it\/wp-json\/wp\/v2\/product\/133552","targetHints":{"allow":["GET"]}}],"collection":[{"href":"https:\/\/poppers-online.ch\/it\/wp-json\/wp\/v2\/product"}],"about":[{"href":"https:\/\/poppers-online.ch\/it\/wp-json\/wp\/v2\/types\/product"}],"replies":[{"embeddable":true,"href":"https:\/\/poppers-online.ch\/it\/wp-json\/wp\/v2\/comments?post=133552"}],"wp:featuredmedia":[{"embeddable":true,"href":"https:\/\/poppers-online.ch\/it\/wp-json\/wp\/v2\/media\/133199"}],"wp:attachment":[{"href":"https:\/\/poppers-online.ch\/it\/wp-json\/wp\/v2\/media?parent=133552"}],"wp:term":[{"taxonomy":"product_brand","embeddable":true,"href":"https:\/\/poppers-online.ch\/it\/wp-json\/wp\/v2\/product_brand?post=133552"},{"taxonomy":"product_cat","embeddable":true,"href":"https:\/\/poppers-online.ch\/it\/wp-json\/wp\/v2\/product_cat?post=133552"},{"taxonomy":"product_tag","embeddable":true,"href":"https:\/\/poppers-online.ch\/it\/wp-json\/wp\/v2\/product_tag?post=133552"}],"curies":[{"name":"wp","href":"https:\/\/api.w.org\/{rel}","templated":true}]}}