{"id":133191,"date":"2025-10-16T12:30:22","date_gmt":"2025-10-16T10:30:22","guid":{"rendered":"https:\/\/poppers-online.ch\/produkt\/combo-di-popper-forever-wild\/"},"modified":"2025-11-23T11:10:44","modified_gmt":"2025-11-23T10:10:44","slug":"combo-di-popper-forever-wild","status":"publish","type":"product","link":"https:\/\/poppers-online.ch\/it\/prodotto\/combo-di-popper-forever-wild\/","title":{"rendered":"Combo di Popper Forever Wild"},"content":{"rendered":"","protected":false},"excerpt":{"rendered":"<p data-start=\"276\" data-end=\"706\">La <strong data-start=\"280\" data-end=\"310\">Forever Wild Popper Combo<\/strong> \u00e8 per tutti coloro che non vogliono solo testare i limiti, ma vogliono romperli. Tre boccette di pura estasi, tre personaggi, un unico obiettivo: lasciarsi andare completamente. Dall&#8217;abbandono selvaggio alla massima eccitazione fino all&#8217;esplosione sfrenata: questa miscela ti porta in un viaggio attraverso la lussuria, il controllo e la completa disinibizione.<br data-start=\"641\" data-end=\"644\">Preparati a liberare il tuo lato selvaggio per sempre.  <\/p>\n<p data-start=\"708\" data-end=\"1516\"><strong data-start=\"708\" data-end=\"744\">Sissy Popper 24ml Twisted Beast<\/strong> \u00e8 il popper perfetto per ogni femminuccia sottomessa tra i popper di tendenza Twisted Beast provenienti dal Regno Unito e contiene <strong data-start=\"859\" data-end=\"892\">nitrito di alcol pentilico\/isoamilico<\/strong>. Scopri nuove possibilit\u00e0 sessuali. Questo Popper intensificher\u00e0 la tua esperienza e spinger\u00e0 i tuoi limiti.  <br data-start=\"1007\" data-end=\"1010\"><strong data-start=\"1010\" data-end=\"1027\">Twisted Beast<\/strong> \u00e8 un marchio di culto del sesso gay hardcore proveniente dall&#8217;Inghilterra. I popper Twisted Beast sono tra i pi\u00f9 estremi disponibili nel Regno Unito. Non dovrai pi\u00f9 recarti a SOHO per acquistare gli iconici popper Twisted Beast.<br data-start=\"1259\" data-end=\"1262\">Diventa la piccola troia sottomessa che il tuo capo sa che puoi essere con i <strong data-start=\"1276\" data-end=\"1293\">Sissy Popper<\/strong>. Non dovrai preoccuparti di nient&#8217;altro, solo dei tuoi Popper e del cazzo molto pi\u00f9 grande che hai davanti. Servi con il tuo corpo.    <\/p>\n<p data-start=\"1518\" data-end=\"2165\"><strong data-start=\"1518\" data-end=\"1546\">Meta Pentyl Popper 10ml<\/strong> porta una ventata di aria fresca nell&#8217;universo del popper. Tutti noi vogliamo evolverci. <strong data-start=\"1629\" data-end=\"1652\">Meta Pentyl Popper<\/strong> ti aiuta a farlo.  La <strong data-start=\"1674\" data-end=\"1704\">nuova formula di Matrix of Life<\/strong> a base di <strong data-start=\"1719\" data-end=\"1756\">nitrito di pentile e alcol isoamilico<\/strong> ti aiuta a lasciar andare le inibizioni e a mantenere la tensione sessuale per un periodo di tempo pi\u00f9 lungo e a provare un orgasmo particolarmente lungo e intenso. L&#8217;esperienza dimostra che l&#8217;eccitazione diventa estremamente intensa e il climax sembra non finire mai, in un&#8217;estasi assoluta. <strong data-start=\"2087\" data-end=\"2110\">Meta Pentyl Popper<\/strong> \u00e8 disponibile nella versione da 10ml e da 24ml. <\/p>\n<p data-start=\"2167\" data-end=\"2614\"><strong data-start=\"2167\" data-end=\"2210\">Amsterdam XXX Ultra Strong Popper 10ml<\/strong> \u00e8 intenso e forte. Lasciati trasportare in un profondo relax e in sensazioni di piacere sfrenato. <g id=\"gid_1\">Amsterdam XXX<\/g> contiene <g id=\"gid_2\">nitriti di alcol isoamilico<\/g> e ci ha impressionato per la sua intensit\u00e0 e durata d&#8217;effetto. Vivi le tue avventure di sesso bollente o una sessione di masturbazione arrapante e sperimenta il tuo climax sessuale a un nuovo livello con <strong data-start=\"2524\" data-end=\"2562\">Amsterdam XXX Ultra Strong Popper<\/strong>.  <\/p>\n","protected":false},"featured_media":133184,"comment_status":"open","ping_status":"closed","template":"","meta":{"_acf_changed":false,"iawp_total_views":0,"_glsr_average":0,"_glsr_ranking":0,"_glsr_reviews":0},"product_brand":[],"product_cat":[1047,104],"product_tag":[],"class_list":{"0":"post-133191","1":"product","2":"type-product","3":"status-publish","4":"has-post-thumbnail","6":"product_cat-popper","7":"product_cat-confezioni-value","8":"pa_flaschenform-ovale-it","9":"pa_flaschenform-rotonda-piccola","10":"pa_gewindegroesse-piccola","11":"pa_inhalt-combo","12":"pa_inhalt-24ml","13":"pa_inhalt-10ml","14":"pa_inhaltsstoffe-nitrito-di-alcool-isoamilico","15":"pa_marke-amsterdam-popper","16":"pa_marke-twisted-beast","17":"pa_staerke-103","19":"first","20":"instock","21":"sale","22":"taxable","23":"shipping-taxable","24":"purchasable","25":"product-type-simple"},"acf":[],"_links":{"self":[{"href":"https:\/\/poppers-online.ch\/it\/wp-json\/wp\/v2\/product\/133191","targetHints":{"allow":["GET"]}}],"collection":[{"href":"https:\/\/poppers-online.ch\/it\/wp-json\/wp\/v2\/product"}],"about":[{"href":"https:\/\/poppers-online.ch\/it\/wp-json\/wp\/v2\/types\/product"}],"replies":[{"embeddable":true,"href":"https:\/\/poppers-online.ch\/it\/wp-json\/wp\/v2\/comments?post=133191"}],"wp:featuredmedia":[{"embeddable":true,"href":"https:\/\/poppers-online.ch\/it\/wp-json\/wp\/v2\/media\/133184"}],"wp:attachment":[{"href":"https:\/\/poppers-online.ch\/it\/wp-json\/wp\/v2\/media?parent=133191"}],"wp:term":[{"taxonomy":"product_brand","embeddable":true,"href":"https:\/\/poppers-online.ch\/it\/wp-json\/wp\/v2\/product_brand?post=133191"},{"taxonomy":"product_cat","embeddable":true,"href":"https:\/\/poppers-online.ch\/it\/wp-json\/wp\/v2\/product_cat?post=133191"},{"taxonomy":"product_tag","embeddable":true,"href":"https:\/\/poppers-online.ch\/it\/wp-json\/wp\/v2\/product_tag?post=133191"}],"curies":[{"name":"wp","href":"https:\/\/api.w.org\/{rel}","templated":true}]}}