{"id":130742,"date":"2025-09-18T14:43:39","date_gmt":"2025-09-18T12:43:39","guid":{"rendered":"https:\/\/poppers-online.ch\/produkt\/pacchetto-starter-all-you-can-fuck-e-fist\/"},"modified":"2026-01-22T22:52:03","modified_gmt":"2026-01-22T21:52:03","slug":"pacchetto-starter-all-you-can-fuck-e-fist","status":"publish","type":"product","link":"https:\/\/poppers-online.ch\/it\/prodotto\/pacchetto-starter-all-you-can-fuck-e-fist\/","title":{"rendered":"Pacchetto Starter All you can Fuck &amp; Fist"},"content":{"rendered":"","protected":false},"excerpt":{"rendered":"<p data-start=\"161\" data-end=\"357\">Lo <strong data-start=\"165\" data-end=\"207\">Starter Pack All you can Fuck &amp; Fist<\/strong> ti offre tutto il necessario per sessioni di fisting o sessioni intense. Fai subito scorta e preparati alla tua prossima avventura! <\/p>\n<p data-start=\"359\" data-end=\"658\">La <strong data-start=\"363\" data-end=\"393\">Fuck &amp; Fist FF Cream 500ml<\/strong> ti prepara a esplorare il tuo culo con facilit\u00e0 e comfort. Basta applicarla generosamente, sia che tu stia viaggiando da solo sia che tu stia giocando con gli amici. Una volta che la porta posteriore \u00e8 aperta, \u00e8 il momento di tuffarsi e godere, senza alcun problema!  <\/p>\n<p data-start=\"660\" data-end=\"869\"><strong data-start=\"664\" data-end=\"688\">Fuck &amp; Fist FF Cream<\/strong> \u00e8 un lubrificante cremoso per il fisting che offre un&#8217;eccezionale scorrevolezza ed \u00e8 perfetto per sessioni prolungate, penetrazioni profonde e ogni tipo di gioco intenso.<\/p>\n<p data-start=\"871\" data-end=\"1088\"><strong data-start=\"871\" data-end=\"886\">Consiglio extra:<\/strong> mescola la crema con <strong data-start=\"905\" data-end=\"927\">Fuck &amp; Fist Powder<\/strong> e otterrai un gel perfetto per il fisting!<br data-start=\"969\" data-end=\"972\"><strong data-start=\"972\" data-end=\"984\">Nota:<\/strong> questo lubrificante contiene olio e non \u00e8 compatibile con tutti i tipi di preservativi o giocattoli in silicone.<\/p>\n<p data-start=\"1382\" data-end=\"1683\"><strong data-start=\"1386\" data-end=\"1426\">Fuck &amp; Fist Cum Load Lubricant 250ml<\/strong> \u00e8 un lubrificante ibrido che imita perfettamente l&#8217;aspetto dello sperma fresco. L&#8217;ingegnosa combinazione di acqua e base siliconica ti garantisce un effetto di scivolamento lunghissimo come il silicone, ma \u00e8 comunque facile da lavare come i lubrificanti a base d&#8217;acqua. <\/p>\n<p data-start=\"1685\" data-end=\"2020\">Grazie all&#8217;ingegnoso flacone a pompa, il lubrificante \u00e8 sempre pronto all&#8217;uso. Che si tratti di una sessione in solitaria, di un gioco con i giocattoli o di un&#8217;azione con i preservativi, il lubrificante Fuck &amp; Fist Load \u00e8 perfetto per tutte queste situazioni, poich\u00e9 pu\u00f2 essere combinato con tutti i preservativi e i giocattoli. Allo stesso tempo, la sensazione \u00e8 quella di ricevere un vero e proprio carico.  <\/p>\n<p data-start=\"2022\" data-end=\"2252\">Il <strong data-start=\"1094\" data-end=\"1126\">Fuck &amp; Fist Delay Spray 50ml<\/strong> \u00e8 il tuo jolly se vuoi che duri pi\u00f9 a lungo. Basta applicare 1-3 spruzzi direttamente sul glande, aspettare un po&#8217; di tempo e sei pronto a partire. Nessun intorpidimento e nessun fastidioso effetto collaterale. Solo una fermezza duratura quando serve.   <\/p>\n<p data-start=\"2022\" data-end=\"2252\">Perfetto per le sessioni prolungate in solitaria o per i giri pi\u00f9 lunghi in due (o in gruppo), con <strong data-start=\"2120\" data-end=\"2152\">Fuck &amp; Fist Delay Spray 50ml rim<\/strong> ani duro e puoi ritardare il climax in modo mirato. Niente pi\u00f9 sborrate premature. <\/p>\n<p data-start=\"2254\" data-end=\"2403\">Prima dell&#8217;uso: verifica innanzitutto l&#8217;eventuale ipersensibilit\u00e0 o reazione allergica spruzzando lo spray su un&#8217;area non problematica.<\/p>\n<p data-start=\"2405\" data-end=\"2615\"><strong data-start=\"2405\" data-end=\"2435\">Fuck &amp; Fist FF Powder 100g<\/strong> \u00e8 l&#8217;upgrade per tutti coloro che non fanno le cose a met\u00e0 quando fanno fisting.<br data-start=\"2506\" data-end=\"2509\">Che si tratti di sessioni estreme, di stretching anale o di giocattoli XXL, questa polvere ti porter\u00e0 al livello successivo.<\/p>\n<p data-start=\"2617\" data-end=\"2803\">Privo di grassi, inodore, incolore e insapore, \u00e8 comunque un mostro di performance.<br data-start=\"2712\" data-end=\"2715\">Scivola dolcemente, ha una sensazione incredibilmente piacevole ed \u00e8 estremamente delicato sulla pelle.<\/p>\n<p data-start=\"2805\" data-end=\"2975\"><strong data-start=\"2805\" data-end=\"2819\">La cosa migliore \u00e8 che la<\/strong> miscelazione e l&#8217;inizio dell&#8217;attivit\u00e0 sono facilissimi.<br data-start=\"2854\" data-end=\"2857\">Basta mescolare la polvere con l&#8217;acqua, lasciarla riposare brevemente e avrai il lubrificante perfetto per l&#8217;azione hardcore.<\/p>\n","protected":false},"featured_media":130724,"comment_status":"open","ping_status":"closed","template":"","meta":{"_acf_changed":false,"iawp_total_views":8,"_glsr_average":0,"_glsr_ranking":0,"_glsr_reviews":0},"product_brand":[],"product_cat":[2080,2071,2068,168],"product_tag":[],"class_list":{"0":"post-130742","1":"product","2":"type-product","3":"status-publish","4":"has-post-thumbnail","6":"product_cat-eiaculazione-ritardata","7":"product_cat-helpers","8":"product_cat-lubrificanti","9":"product_cat-farmacia","11":"first","12":"instock","13":"sale","14":"taxable","15":"shipping-taxable","16":"purchasable","17":"product-type-simple"},"acf":[],"_links":{"self":[{"href":"https:\/\/poppers-online.ch\/it\/wp-json\/wp\/v2\/product\/130742","targetHints":{"allow":["GET"]}}],"collection":[{"href":"https:\/\/poppers-online.ch\/it\/wp-json\/wp\/v2\/product"}],"about":[{"href":"https:\/\/poppers-online.ch\/it\/wp-json\/wp\/v2\/types\/product"}],"replies":[{"embeddable":true,"href":"https:\/\/poppers-online.ch\/it\/wp-json\/wp\/v2\/comments?post=130742"}],"wp:featuredmedia":[{"embeddable":true,"href":"https:\/\/poppers-online.ch\/it\/wp-json\/wp\/v2\/media\/130724"}],"wp:attachment":[{"href":"https:\/\/poppers-online.ch\/it\/wp-json\/wp\/v2\/media?parent=130742"}],"wp:term":[{"taxonomy":"product_brand","embeddable":true,"href":"https:\/\/poppers-online.ch\/it\/wp-json\/wp\/v2\/product_brand?post=130742"},{"taxonomy":"product_cat","embeddable":true,"href":"https:\/\/poppers-online.ch\/it\/wp-json\/wp\/v2\/product_cat?post=130742"},{"taxonomy":"product_tag","embeddable":true,"href":"https:\/\/poppers-online.ch\/it\/wp-json\/wp\/v2\/product_tag?post=130742"}],"curies":[{"name":"wp","href":"https:\/\/api.w.org\/{rel}","templated":true}]}}