{"id":130704,"date":"2025-09-18T11:56:43","date_gmt":"2025-09-18T09:56:43","guid":{"rendered":"https:\/\/poppers-online.ch\/produkt\/combo-di-popper-xtreme-kinky\/"},"modified":"2026-01-26T11:13:30","modified_gmt":"2026-01-26T10:13:30","slug":"combo-di-popper-xtreme-kinky","status":"publish","type":"product","link":"https:\/\/poppers-online.ch\/it\/prodotto\/combo-di-popper-xtreme-kinky\/","title":{"rendered":"Combo di Popper XTREME KINKY"},"content":{"rendered":"","protected":false},"excerpt":{"rendered":"<p data-start=\"127\" data-end=\"328\">Il <strong data-start=\"131\" data-end=\"161\">Combo XTREME KINKY Popper<\/strong> riunisce il <strong data-start=\"187\" data-end=\"210\">Popper XTREME 30ml<\/strong>, estremamente intenso, e il leggendario <strong data-start=\"230\" data-end=\"270\">tappo potenziatore XTRM Kinky SNFFR<\/strong>. Perfetto per tutti coloro che lo vogliono ancora pi\u00f9 intenso! <\/p>\n<p data-start=\"330\" data-end=\"872\"><strong data-start=\"334\" data-end=\"357\">XTREME Popper 30ml<\/strong> intensifica le tue sensazioni e percezioni in modo intenso e duraturo. Contiene il nitrito alchilico con il nome di nitrito esilico, che \u00e8 classificato come il meno dannoso per la salute. Con un&#8217;intensit\u00e0 di 6, XTREME Popper \u00e8 una delle variet\u00e0 pi\u00f9 forti sul mercato ed \u00e8 disponibile in una boccetta da 30 ml con un tappo facile da aprire. Se devi incontrare un ragazzo estremamente arrapato per un&#8217;avventura o se stai pianificando una sessione estremamente arrapante, allora XTREME Popper \u00e8 sicuramente uno di questi. <\/p>\n<p data-start=\"874\" data-end=\"1604\">Il <strong data-start=\"878\" data-end=\"947\">Popper Booster Cap XTRM Kinky SNFFR Leakproof Double Small Black<\/strong> porta l&#8217;inalazione dei popper a un livello superiore. Grazie al canale di spinta di 5 volte e al volume d&#8217;aria pi\u00f9 ampio, l&#8217;XTRM Kinky SNFFR offre la massima potenza. Quando le cose si scatenano subito dopo aver sniffato il popper, pu\u00f2 succedere che la boccetta si rovesci e che si verifichi una perdita. Solo quando premi il robusto pulsante sul lato dell&#8217;accessorio, il Popper fuoriesce dalla boccetta attraverso il canale di lancio.    Quando rilasci il pulsante, lo sniffer \u00e8 di nuovo sigillato al 100% e i Popper rimangono nella boccetta, anche se questa si rovescia perch\u00e9 \u00e8 calda.<\/p>\n<p data-start=\"874\" data-end=\"1604\">Il <strong data-start=\"131\" data-end=\"161\">Combo XTREME KINKY Popper <\/strong>ti offre la massima intensit\u00e0 e comfort.<\/p>\n","protected":false},"featured_media":130701,"comment_status":"open","ping_status":"closed","template":"","meta":{"_acf_changed":false,"iawp_total_views":22,"_glsr_average":0,"_glsr_ranking":0,"_glsr_reviews":0},"product_brand":[],"product_cat":[1047,104,109,151,1304],"product_tag":[],"class_list":{"0":"post-130704","1":"product","2":"type-product","3":"status-publish","4":"has-post-thumbnail","6":"product_cat-popper","7":"product_cat-confezioni-value","8":"product_cat-boccette-grandi","9":"product_cat-accessori-popper","10":"product_cat-booster-caps-it","11":"pa_booster-cap-gewindegroesse-per-filettatura-piccola","12":"pa_flaschenform-rotonda-grande","13":"pa_gewindegroesse-piccola","14":"pa_inhalt-combo","15":"pa_inhalt-30ml","16":"pa_inhaltsstoffe-nitrito-esile","17":"pa_marke-royal-hexagon","18":"pa_staerke-105","20":"first","21":"instock","22":"sale","23":"taxable","24":"shipping-taxable","25":"purchasable","26":"product-type-simple"},"acf":[],"_links":{"self":[{"href":"https:\/\/poppers-online.ch\/it\/wp-json\/wp\/v2\/product\/130704","targetHints":{"allow":["GET"]}}],"collection":[{"href":"https:\/\/poppers-online.ch\/it\/wp-json\/wp\/v2\/product"}],"about":[{"href":"https:\/\/poppers-online.ch\/it\/wp-json\/wp\/v2\/types\/product"}],"replies":[{"embeddable":true,"href":"https:\/\/poppers-online.ch\/it\/wp-json\/wp\/v2\/comments?post=130704"}],"wp:featuredmedia":[{"embeddable":true,"href":"https:\/\/poppers-online.ch\/it\/wp-json\/wp\/v2\/media\/130701"}],"wp:attachment":[{"href":"https:\/\/poppers-online.ch\/it\/wp-json\/wp\/v2\/media?parent=130704"}],"wp:term":[{"taxonomy":"product_brand","embeddable":true,"href":"https:\/\/poppers-online.ch\/it\/wp-json\/wp\/v2\/product_brand?post=130704"},{"taxonomy":"product_cat","embeddable":true,"href":"https:\/\/poppers-online.ch\/it\/wp-json\/wp\/v2\/product_cat?post=130704"},{"taxonomy":"product_tag","embeddable":true,"href":"https:\/\/poppers-online.ch\/it\/wp-json\/wp\/v2\/product_tag?post=130704"}],"curies":[{"name":"wp","href":"https:\/\/api.w.org\/{rel}","templated":true}]}}