{"id":130695,"date":"2025-09-18T11:05:50","date_gmt":"2025-09-18T09:05:50","guid":{"rendered":"https:\/\/poppers-online.ch\/produkt\/combo-divertente-di-midnight-popper\/"},"modified":"2026-03-26T16:19:20","modified_gmt":"2026-03-26T15:19:20","slug":"combo-divertente-di-midnight-popper","status":"publish","type":"product","link":"https:\/\/poppers-online.ch\/it\/prodotto\/combo-divertente-di-midnight-popper\/","title":{"rendered":"Combo divertente di Midnight Popper"},"content":{"rendered":"","protected":false},"excerpt":{"rendered":"<p data-start=\"123\" data-end=\"309\">Il <strong data-start=\"127\" data-end=\"157\">Midnight Popper Fun Combo<\/strong> ti offre tre grandi boccette di Popper da 30 ml per un weekend prolungato e notti avventurose in Svizzera. Ideale anche per sessioni a tre (o pi\u00f9). <\/p>\n<p data-start=\"311\" data-end=\"756\"><strong data-start=\"311\" data-end=\"338\">Super Rush Popper 30ml<\/strong> fa parte della rinomata famiglia Rush e combina la massima qualit\u00e0 con un&#8217;esperienza intensa ed esclusiva. L&#8217;elegante boccetta in alluminio nero protegge la formula altamente concentrata e offre un design moderno ed elegante. Super Rush contiene la formula canadese Pentyl, accuratamente bilanciata e classificata come meno dannosa per la salute, che garantisce momenti eccitanti e duraturi.  <\/p>\n<p data-start=\"758\" data-end=\"1139\"><strong data-renderer-mark=\"true\">Black Fire Popper Ultra Strong 30ml<\/strong> \u00e8 una novit\u00e0 mondiale con la famigerata formula canadese Pentyl, che lo rende uno dei Popper pi\u00f9 intensi attualmente disponibili. La pratica boccetta da 30 ml contiene fuoco puro, sviluppato per tutti coloro che amano il caldo, il duro e l&#8217;intenso. Grazie al suo effetto estremo, Black Fire \u00e8 entrato di diritto nella lista dei migliori Popper del 2025 e stabilisce nuovi standard in termini di intensit\u00e0 e resistenza.  <\/p>\n<p data-start=\"1141\" data-end=\"1713\">Il <strong data-start=\"1145\" data-end=\"1187\">Popper ALPHA MASTER ULTRA STRONG 30ml<\/strong> \u00e8 destinato a tutti i padroni dominanti che desiderano dare una spinta in pi\u00f9 a se stessi e alle loro schiave durante la dominazione e il BDSM. Contiene il nitrito alchilico con il nome di nitrito esilico, che \u00e8 classificato come il meno dannoso per la salute. Con un&#8217;intensit\u00e0 di 6, ALPHA MASTER ULTRA STRONG Popper \u00e8 una delle variet\u00e0 pi\u00f9 forti sul mercato ed \u00e8 disponibile in una boccetta da 30ml con un tappo facile da aprire. Vivi una sessione di master e slave particolarmente intensa con ALPHA MASTER ULTRA STRONG Popper 30ml. <\/p>\n","protected":false},"featured_media":130692,"comment_status":"open","ping_status":"closed","template":"","meta":{"_acf_changed":false,"iawp_total_views":105,"_glsr_average":0,"_glsr_ranking":0,"_glsr_reviews":0},"product_brand":[],"product_cat":[1047,104,109],"product_tag":[],"class_list":{"0":"post-130695","1":"product","2":"type-product","3":"status-publish","4":"has-post-thumbnail","6":"product_cat-popper","7":"product_cat-confezioni-value","8":"product_cat-boccette-grandi","9":"pa_flaschenform-rotonda-grande","10":"pa_inhalt-combo","11":"pa_inhalt-30ml","12":"pa_inhaltsstoffe-nitrito-esile","13":"pa_inhaltsstoffe-formula-pentile-canadese","14":"pa_marke-royal-hexagon","15":"pa_marke-rush-popper","16":"pa_staerke-103","18":"first","19":"instock","20":"sale","21":"taxable","22":"shipping-taxable","23":"purchasable","24":"product-type-simple"},"acf":[],"_links":{"self":[{"href":"https:\/\/poppers-online.ch\/it\/wp-json\/wp\/v2\/product\/130695","targetHints":{"allow":["GET"]}}],"collection":[{"href":"https:\/\/poppers-online.ch\/it\/wp-json\/wp\/v2\/product"}],"about":[{"href":"https:\/\/poppers-online.ch\/it\/wp-json\/wp\/v2\/types\/product"}],"replies":[{"embeddable":true,"href":"https:\/\/poppers-online.ch\/it\/wp-json\/wp\/v2\/comments?post=130695"}],"wp:featuredmedia":[{"embeddable":true,"href":"https:\/\/poppers-online.ch\/it\/wp-json\/wp\/v2\/media\/130692"}],"wp:attachment":[{"href":"https:\/\/poppers-online.ch\/it\/wp-json\/wp\/v2\/media?parent=130695"}],"wp:term":[{"taxonomy":"product_brand","embeddable":true,"href":"https:\/\/poppers-online.ch\/it\/wp-json\/wp\/v2\/product_brand?post=130695"},{"taxonomy":"product_cat","embeddable":true,"href":"https:\/\/poppers-online.ch\/it\/wp-json\/wp\/v2\/product_cat?post=130695"},{"taxonomy":"product_tag","embeddable":true,"href":"https:\/\/poppers-online.ch\/it\/wp-json\/wp\/v2\/product_tag?post=130695"}],"curies":[{"name":"wp","href":"https:\/\/api.w.org\/{rel}","templated":true}]}}