{"id":130685,"date":"2025-09-18T10:08:06","date_gmt":"2025-09-18T08:08:06","guid":{"rendered":"https:\/\/poppers-online.ch\/produkt\/combo-di-popper-a-doppia-corsa\/"},"modified":"2026-01-01T11:00:22","modified_gmt":"2026-01-01T10:00:22","slug":"combo-di-popper-a-doppia-corsa","status":"publish","type":"product","link":"https:\/\/poppers-online.ch\/it\/prodotto\/combo-di-popper-a-doppia-corsa\/","title":{"rendered":"Combo di Popper a doppia corsa"},"content":{"rendered":"","protected":false},"excerpt":{"rendered":"<p data-renderer-start-pos=\"126\">Il <strong data-start=\"105\" data-end=\"134\">Double Rush Popper Combo comb<\/strong> ina due Rush Popper di altissima qualit\u00e0 in pratiche boccette di alluminio per sessioni davvero selvagge.<\/p>\n<p data-renderer-start-pos=\"259\"><strong data-renderer-mark=\"true\">Super Rush Popper 30ml<\/strong> fa parte della rinomata famiglia Rush e combina la massima qualit\u00e0 con un&#8217;esperienza intensa ed esclusiva. L&#8217;elegante boccetta in alluminio nero protegge la formula altamente concentrata e offre un design moderno ed elegante. Super Rush contiene la formula canadese Pentyl, accuratamente bilanciata e classificata come meno dannosa per la salute, che garantisce momenti eccitanti e duraturi.  <\/p>\n<p data-renderer-start-pos=\"700\"><strong data-renderer-mark=\"true\">Rush Black Label Pentyl Popper 30ml<\/strong> combina la massima qualit\u00e0 con un tocco di lusso. L&#8217;elegante boccetta in alluminio nero presenta la famosa formula canadese del Pentyl nella sua forma pi\u00f9 esclusiva. Con un&#8217;intensit\u00e0 pari a 5, Rush Black Pentyl \u00e8 uno dei Popper pi\u00f9 potenti in assoluto e offre un&#8217;esperienza eccezionalmente intensa e duratura.  <\/p>\n<p data-renderer-start-pos=\"1077\">Per richiudere il flacone, basta premere leggermente sul tappo prima di chiuderlo con attenzione. Grazie alla dimensione della filettatura XL, la boccetta \u00e8 compatibile anche con tutti i tappi XL: l&#8217;ideale per perfezionare l&#8217;effetto a piacimento. <\/p>\n<p data-renderer-start-pos=\"1077\">Il Double Rush Popper Combo offre la massima qualit\u00e0 in bottiglie di alluminio infrangibili.<\/p>\n","protected":false},"featured_media":130680,"comment_status":"open","ping_status":"closed","template":"","meta":{"_acf_changed":false,"iawp_total_views":16,"_glsr_average":0,"_glsr_ranking":0,"_glsr_reviews":0},"product_brand":[],"product_cat":[1047,104,109],"product_tag":[],"class_list":{"0":"post-130685","1":"product","2":"type-product","3":"status-publish","4":"has-post-thumbnail","6":"product_cat-popper","7":"product_cat-confezioni-value","8":"product_cat-boccette-grandi","9":"pa_flaschenform-rotonda-grande","10":"pa_gewindegroesse-xl-it","11":"pa_inhalt-combo","12":"pa_inhalt-30ml","13":"pa_inhaltsstoffe-formula-pentile-canadese","14":"pa_marke-royal-hexagon","15":"pa_marke-rush-popper","16":"pa_staerke-103","18":"first","19":"instock","20":"sale","21":"taxable","22":"shipping-taxable","23":"purchasable","24":"product-type-simple"},"acf":[],"_links":{"self":[{"href":"https:\/\/poppers-online.ch\/it\/wp-json\/wp\/v2\/product\/130685","targetHints":{"allow":["GET"]}}],"collection":[{"href":"https:\/\/poppers-online.ch\/it\/wp-json\/wp\/v2\/product"}],"about":[{"href":"https:\/\/poppers-online.ch\/it\/wp-json\/wp\/v2\/types\/product"}],"replies":[{"embeddable":true,"href":"https:\/\/poppers-online.ch\/it\/wp-json\/wp\/v2\/comments?post=130685"}],"wp:featuredmedia":[{"embeddable":true,"href":"https:\/\/poppers-online.ch\/it\/wp-json\/wp\/v2\/media\/130680"}],"wp:attachment":[{"href":"https:\/\/poppers-online.ch\/it\/wp-json\/wp\/v2\/media?parent=130685"}],"wp:term":[{"taxonomy":"product_brand","embeddable":true,"href":"https:\/\/poppers-online.ch\/it\/wp-json\/wp\/v2\/product_brand?post=130685"},{"taxonomy":"product_cat","embeddable":true,"href":"https:\/\/poppers-online.ch\/it\/wp-json\/wp\/v2\/product_cat?post=130685"},{"taxonomy":"product_tag","embeddable":true,"href":"https:\/\/poppers-online.ch\/it\/wp-json\/wp\/v2\/product_tag?post=130685"}],"curies":[{"name":"wp","href":"https:\/\/api.w.org\/{rel}","templated":true}]}}