{"id":130135,"date":"2025-09-11T16:15:51","date_gmt":"2025-09-11T14:15:51","guid":{"rendered":"https:\/\/poppers-online.ch\/produkt\/kinky-monster-24ml-combo\/"},"modified":"2026-04-14T17:47:07","modified_gmt":"2026-04-14T15:47:07","slug":"kinky-monster-24ml-combo","status":"publish","type":"product","link":"https:\/\/poppers-online.ch\/it\/prodotto\/kinky-monster-24ml-combo\/","title":{"rendered":"Kinky Monster 24ml Combo"},"content":{"rendered":"","protected":false},"excerpt":{"rendered":"<p data-start=\"203\" data-end=\"377\">Il <strong data-start=\"207\" data-end=\"235\">Kinky Monster 24ml Combo<\/strong> ti offre tre boccette di popper di prima qualit\u00e0 del marchio Kinky Monster per sessioni variegate per gli utenti di popper pi\u00f9 esigenti.<\/p>\n<p data-start=\"379\" data-end=\"1037\"><strong data-start=\"379\" data-end=\"415\">Kinky Monster Black Popper 24ml<\/strong> \u00e8 rivolto a tutti i kinksters e rappresenta un popper di intensit\u00e0 e durata ancora maggiore. Le boccette di Kinky Monster Popper contengono anche nitrito di pentile particolarmente puro e ad alta percentuale. I Kinky Monster Popper sono disponibili in 8 gusti diversi. Il Kinky Monster Black Popper \u00e8 uno dei popper pi\u00f9 intensi. Abbiamo sviluppato questi Popper appositamente per tutti gli appassionati di gomma e per i ragazzi perversi. Anche a te piace essere ricoperto di lattice da cima a fondo o essere alla merc\u00e9 del tuo padrone come un gimp di gomma? Allora i Kinky Monster Black Popper devono assolutamente far parte della tua prossima sessione di caucci\u00f9.      <\/p>\n<p data-start=\"1039\" data-end=\"1635\"><strong data-start=\"1039\" data-end=\"1074\">Kinky Monster Fire Popper 24ml<\/strong> si rivolge a tutti i kinksters ed \u00e8 sinonimo di popper di intensit\u00e0 e durata ancora maggiore. Le boccette di Kinky Monster Popper contengono anche nitrito di pentile particolarmente puro e ad alta percentuale. I Kinky Monster Popper sono disponibili in 8 gusti diversi. Kinky Monster Fire \u00e8 uno dei Popper pi\u00f9 intensi. Abbiamo sviluppato questo Popper di intensit\u00e0 elevata per tutti gli amanti del pugno e per tutti coloro che vogliono diventarlo. Se sei alla ricerca di un popper che ti aiuti ad avere una sessione di pugni ancora pi\u00f9 rilassata e ancora pi\u00f9 calda, allora ti consigliamo il Popper Kinky Monster Fire.     <\/p>\n<p data-start=\"1637\" data-end=\"2343\"><strong data-start=\"1637\" data-end=\"1680\">Kinky Monster Ultra Strong Popper 24ml<\/strong> si rivolge a tutti i kinksters ed \u00e8 sinonimo di popper ancora pi\u00f9 intensi e duraturi. Le boccette di Kinky Monster Popper contengono anche nitrito di pentile particolarmente puro e ad alta percentuale. I Kinky Monster Popper sono disponibili in 8 gusti diversi. Kinky Monster Ultra Strong \u00e8 il pi\u00f9 intenso dei Popper Kinky Monster. Secondo noi ha un&#8217;intensit\u00e0 di 6+. Con il Kinky Monster Ultra Strong hai a portata di mano un Popper di grande intensit\u00e0. Ultra forte per il tuo pugno, la gomma, le scarpe da ginnastica, i sox, il cucciolo o la sessione SM. Anche tu amerai questo Popper Kinky Monster ultra intenso. Diventa anche tu un mostro ultra kinky.        <\/p>\n","protected":false},"featured_media":130129,"comment_status":"open","ping_status":"closed","template":"","meta":{"_acf_changed":false,"iawp_total_views":17,"_glsr_average":0,"_glsr_ranking":0,"_glsr_reviews":0},"product_brand":[],"product_cat":[1047,104,109],"product_tag":[],"class_list":{"0":"post-130135","1":"product","2":"type-product","3":"status-publish","4":"has-post-thumbnail","6":"product_cat-popper","7":"product_cat-confezioni-value","8":"product_cat-boccette-grandi","9":"pa_flaschenform-ovale-it","10":"pa_gewindegroesse-piccola","11":"pa_inhalt-combo","12":"pa_inhalt-24ml","13":"pa_inhaltsstoffe-nitrito-di-pentile","14":"pa_marke-kinky-monster-popper","15":"pa_staerke-105","17":"first","18":"instock","19":"sale","20":"taxable","21":"shipping-taxable","22":"purchasable","23":"product-type-simple"},"acf":[],"_links":{"self":[{"href":"https:\/\/poppers-online.ch\/it\/wp-json\/wp\/v2\/product\/130135","targetHints":{"allow":["GET"]}}],"collection":[{"href":"https:\/\/poppers-online.ch\/it\/wp-json\/wp\/v2\/product"}],"about":[{"href":"https:\/\/poppers-online.ch\/it\/wp-json\/wp\/v2\/types\/product"}],"replies":[{"embeddable":true,"href":"https:\/\/poppers-online.ch\/it\/wp-json\/wp\/v2\/comments?post=130135"}],"wp:featuredmedia":[{"embeddable":true,"href":"https:\/\/poppers-online.ch\/it\/wp-json\/wp\/v2\/media\/130129"}],"wp:attachment":[{"href":"https:\/\/poppers-online.ch\/it\/wp-json\/wp\/v2\/media?parent=130135"}],"wp:term":[{"taxonomy":"product_brand","embeddable":true,"href":"https:\/\/poppers-online.ch\/it\/wp-json\/wp\/v2\/product_brand?post=130135"},{"taxonomy":"product_cat","embeddable":true,"href":"https:\/\/poppers-online.ch\/it\/wp-json\/wp\/v2\/product_cat?post=130135"},{"taxonomy":"product_tag","embeddable":true,"href":"https:\/\/poppers-online.ch\/it\/wp-json\/wp\/v2\/product_tag?post=130135"}],"curies":[{"name":"wp","href":"https:\/\/api.w.org\/{rel}","templated":true}]}}