{"id":130123,"date":"2025-09-11T15:29:06","date_gmt":"2025-09-11T13:29:06","guid":{"rendered":"https:\/\/poppers-online.ch\/produkt\/sniff-it-black-fire-popper-confezione-a-prova-di-perdita\/"},"modified":"2026-03-23T08:29:51","modified_gmt":"2026-03-23T07:29:51","slug":"sniff-it-black-fire-popper-confezione-a-prova-di-perdita","status":"publish","type":"product","link":"https:\/\/poppers-online.ch\/it\/prodotto\/sniff-it-black-fire-popper-confezione-a-prova-di-perdita\/","title":{"rendered":"Sniff it Black Fire Popper confezione a prova di perdita"},"content":{"rendered":"","protected":false},"excerpt":{"rendered":"<p data-renderer-start-pos=\"253\">Lo <strong data-renderer-mark=\"true\">Sniff it Black Fire Popper Leakproof Pack<\/strong> ti offre due prodotti perfettamente abbinati per le avventure pi\u00f9 intense e selvagge, perch\u00e9 con il <strong data-renderer-mark=\"true\">Booster Cap XTRM LEAK PROOF Double XL Black<\/strong> nulla pu\u00f2 fuoriuscire.<\/p>\n<p data-renderer-start-pos=\"477\"><strong data-renderer-mark=\"true\">Black Fire Popper Ultra Strong 30ml<\/strong> \u00e8 una novit\u00e0 mondiale con la famigerata formula canadese Pentyl, che lo rende uno dei Popper pi\u00f9 intensi attualmente disponibili. La pratica boccetta da 30 ml contiene fuoco puro, sviluppato per tutti coloro che amano il caldo, il duro e l&#8217;intenso. Grazie al suo effetto estremo, Black Fire \u00e8 entrato di diritto nella lista dei migliori Popper del 2025 e stabilisce nuovi standard in termini di intensit\u00e0 e resistenza.  <\/p>\n<p data-renderer-start-pos=\"931\">Quando le cose si scatenano subito dopo aver sniffato il popper, pu\u00f2 capitare di ritrovarsi con la boccetta rovesciata che perde. Il team di XTRM ha sviluppato un ingegnoso <strong data-renderer-mark=\"true\">tappo<\/strong> a prova di perdite e facile da usare per <strong data-renderer-mark=\"true\">il Popper XTRM Double XL Black LEAK PROOF<\/strong> con pulsante. Avvita il tappo a prova di perdite sulla boccetta come al solito. Solo quando premi il pulsante sul lato del tappo, il Popper esce dalla boccetta attraverso il canale di spinta. Quando rilasci il pulsante, il beccuccio \u00e8 di nuovo a prova di perdite al 100% e i Popper rimangono nella boccetta, anche se questa si rovescia perch\u00e9 \u00e8 calda.    <\/p>\n","protected":false},"featured_media":130114,"comment_status":"open","ping_status":"closed","template":"","meta":{"_acf_changed":false,"iawp_total_views":20,"_glsr_average":0,"_glsr_ranking":0,"_glsr_reviews":0},"product_brand":[],"product_cat":[1047,104,109,151,1304],"product_tag":[],"class_list":{"0":"post-130123","1":"product","2":"type-product","3":"status-publish","4":"has-post-thumbnail","6":"product_cat-popper","7":"product_cat-confezioni-value","8":"product_cat-boccette-grandi","9":"product_cat-accessori-popper","10":"product_cat-booster-caps-it","11":"pa_flaschenform-rotonda-grande","12":"pa_gewindegroesse-xl-it","13":"pa_inhalt-combo","14":"pa_inhalt-30ml","15":"pa_inhaltsstoffe-formula-pentile-canadese","16":"pa_marke-royal-hexagon","17":"pa_staerke-105","19":"first","20":"instock","21":"sale","22":"taxable","23":"shipping-taxable","24":"purchasable","25":"product-type-simple"},"acf":[],"_links":{"self":[{"href":"https:\/\/poppers-online.ch\/it\/wp-json\/wp\/v2\/product\/130123","targetHints":{"allow":["GET"]}}],"collection":[{"href":"https:\/\/poppers-online.ch\/it\/wp-json\/wp\/v2\/product"}],"about":[{"href":"https:\/\/poppers-online.ch\/it\/wp-json\/wp\/v2\/types\/product"}],"replies":[{"embeddable":true,"href":"https:\/\/poppers-online.ch\/it\/wp-json\/wp\/v2\/comments?post=130123"}],"wp:featuredmedia":[{"embeddable":true,"href":"https:\/\/poppers-online.ch\/it\/wp-json\/wp\/v2\/media\/130114"}],"wp:attachment":[{"href":"https:\/\/poppers-online.ch\/it\/wp-json\/wp\/v2\/media?parent=130123"}],"wp:term":[{"taxonomy":"product_brand","embeddable":true,"href":"https:\/\/poppers-online.ch\/it\/wp-json\/wp\/v2\/product_brand?post=130123"},{"taxonomy":"product_cat","embeddable":true,"href":"https:\/\/poppers-online.ch\/it\/wp-json\/wp\/v2\/product_cat?post=130123"},{"taxonomy":"product_tag","embeddable":true,"href":"https:\/\/poppers-online.ch\/it\/wp-json\/wp\/v2\/product_tag?post=130123"}],"curies":[{"name":"wp","href":"https:\/\/api.w.org\/{rel}","templated":true}]}}