{"id":130107,"date":"2025-09-11T14:28:55","date_gmt":"2025-09-11T12:28:55","guid":{"rendered":"https:\/\/poppers-online.ch\/produkt\/black-fire-popper-delay-del-pugno-e-della-scopata\/"},"modified":"2025-09-16T14:43:45","modified_gmt":"2025-09-16T12:43:45","slug":"black-fire-popper-delay-del-pugno-e-della-scopata","status":"publish","type":"product","link":"https:\/\/poppers-online.ch\/it\/prodotto\/black-fire-popper-delay-del-pugno-e-della-scopata\/","title":{"rendered":"Black Fire Popper &#8211; Delay del pugno e della scopata"},"content":{"rendered":"","protected":false},"excerpt":{"rendered":"<p data-renderer-start-pos=\"47\">Il <strong data-renderer-mark=\"true\">Black Fire Popper Fuck and Fist Delay Combo comb<\/strong> ina due prodotti di grande intensit\u00e0 per sessioni intense, durature e indimenticabili.<\/p>\n<p data-renderer-start-pos=\"182\">Il <strong data-renderer-mark=\"true\">Black Fire Popper Ultra Strong 30 ml<\/strong> \u00e8 una novit\u00e0 mondiale con la famigerata formula canadese Pentyl ed \u00e8 uno dei Popper pi\u00f9 intensi attualmente disponibili. Il pratico flacone in vetro contiene fuoco puro, sviluppato per tutti coloro che amano il caldo, il duro e l&#8217;intenso. Con il suo effetto estremo, Black Fire \u00e8 entrato di diritto nella lista dei migliori Popper del 2025 e stabilisce nuovi standard in termini di intensit\u00e0 e resistenza. La boccetta \u00e8 riempita con nitrito di pentile di intensit\u00e0 extra, che non solo garantisce la massima intensit\u00e0, ma anche una durata di conservazione particolarmente lunga. Grazie alla filettatura XL, puoi anche combinare i Popper con i tappi di richiamo abbinati, se vuoi aumentare ancora di pi\u00f9 la potenza.    <\/p>\n<p data-renderer-start-pos=\"910\">Il set \u00e8 completato dal <strong data-renderer-mark=\"true\">Fuck &amp; Fist Delay Spray 50 ml<\/strong>, il tuo jolly se vuoi che duri pi\u00f9 a lungo. Basta applicare da uno a tre spruzzi direttamente sul glande, aspettare un attimo e il gioco \u00e8 fatto. Lo spray funziona senza intorpidimento o fastidiosi effetti collaterali e ti garantisce di rimanere duro e di ritardare il tuo climax. Ideale per sessioni prolungate in solitaria, giri pi\u00f9 lunghi in due o intense avventure di gruppo.   <\/p>\n<p data-renderer-start-pos=\"1353\">Grazie a questa combinazione di massima potenza e stabilit\u00e0 estesa, sei perfettamente equipaggiato per goderti sessioni ancora pi\u00f9 lunghe e intense.<\/p>\n","protected":false},"featured_media":130103,"comment_status":"open","ping_status":"closed","template":"","meta":{"_acf_changed":false,"iawp_total_views":56,"_glsr_average":0,"_glsr_ranking":0,"_glsr_reviews":0},"product_brand":[],"product_cat":[2071,168,1047,104,109],"product_tag":[],"class_list":{"0":"post-130107","1":"product","2":"type-product","3":"status-publish","4":"has-post-thumbnail","6":"product_cat-helpers","7":"product_cat-farmacia","8":"product_cat-popper","9":"product_cat-confezioni-value","10":"product_cat-boccette-grandi","11":"pa_flaschenform-rotonda-grande","12":"pa_gewindegroesse-xl-it","13":"pa_inhalt-combo","14":"pa_inhalt-30ml","15":"pa_inhaltsstoffe-formula-pentile-canadese","16":"pa_marke-royal-hexagon","17":"pa_staerke-105","19":"first","20":"instock","21":"sale","22":"taxable","23":"shipping-taxable","24":"purchasable","25":"product-type-simple"},"acf":[],"_links":{"self":[{"href":"https:\/\/poppers-online.ch\/it\/wp-json\/wp\/v2\/product\/130107","targetHints":{"allow":["GET"]}}],"collection":[{"href":"https:\/\/poppers-online.ch\/it\/wp-json\/wp\/v2\/product"}],"about":[{"href":"https:\/\/poppers-online.ch\/it\/wp-json\/wp\/v2\/types\/product"}],"replies":[{"embeddable":true,"href":"https:\/\/poppers-online.ch\/it\/wp-json\/wp\/v2\/comments?post=130107"}],"wp:featuredmedia":[{"embeddable":true,"href":"https:\/\/poppers-online.ch\/it\/wp-json\/wp\/v2\/media\/130103"}],"wp:attachment":[{"href":"https:\/\/poppers-online.ch\/it\/wp-json\/wp\/v2\/media?parent=130107"}],"wp:term":[{"taxonomy":"product_brand","embeddable":true,"href":"https:\/\/poppers-online.ch\/it\/wp-json\/wp\/v2\/product_brand?post=130107"},{"taxonomy":"product_cat","embeddable":true,"href":"https:\/\/poppers-online.ch\/it\/wp-json\/wp\/v2\/product_cat?post=130107"},{"taxonomy":"product_tag","embeddable":true,"href":"https:\/\/poppers-online.ch\/it\/wp-json\/wp\/v2\/product_tag?post=130107"}],"curies":[{"name":"wp","href":"https:\/\/api.w.org\/{rel}","templated":true}]}}