{"id":130089,"date":"2025-09-11T13:32:17","date_gmt":"2025-09-11T11:32:17","guid":{"rendered":"https:\/\/poppers-online.ch\/produkt\/super-rush-popper-fuck-e-fist-ff-powder-combo\/"},"modified":"2025-09-16T14:41:55","modified_gmt":"2025-09-16T12:41:55","slug":"super-rush-popper-fuck-e-fist-ff-powder-combo","status":"publish","type":"product","link":"https:\/\/poppers-online.ch\/it\/prodotto\/super-rush-popper-fuck-e-fist-ff-powder-combo\/","title":{"rendered":"Super Rush Popper Fuck e Fist FF Powder Combo"},"content":{"rendered":"","protected":false},"excerpt":{"rendered":"<p data-renderer-start-pos=\"51\">Il <strong data-renderer-mark=\"true\">Super Rush Popper Fuck and Fist FF Powder Combo<\/strong> combina due prodotti perfettamente abbinati e ti offre tutto ci\u00f2 di cui hai bisogno per sessioni estreme e avventure intense.<\/p>\n<p data-renderer-start-pos=\"252\">La <strong data-renderer-mark=\"true\">polvere FF Fuck &amp; Fist da 100 g<\/strong> \u00e8 l&#8217;aggiornamento per tutti coloro che non fanno le cose a met\u00e0 quando praticano il fisting. Che si tratti di allungamenti estremi, giocattoli XXL o azioni hardcore, questa polvere ti porta al livello successivo. \u00c8 priva di grassi, inodore, incolore e insapore, ma allo stesso tempo \u00e8 un vero mostro di performance. Scivola in modo fluido, \u00e8 piacevole al tatto ed \u00e8 particolarmente adatta alla pelle. La preparazione \u00e8 semplice: mescola la polvere con acqua, lascia riposare brevemente e avrai il lubrificante personale perfetto per i momenti pi\u00f9 impegnativi.    <\/p>\n<p data-renderer-start-pos=\"789\">Il set \u00e8 completato dal <strong data-renderer-mark=\"true\">Super Rush Popper 30 ml<\/strong>. Fa parte della rinomata famiglia Rush e colpisce per la sua altissima qualit\u00e0 e per la sua formula ad alta intensit\u00e0. Riempito in un elegante flacone di alluminio nero, non solo offre protezione, ma anche un design moderno. Con la sua formula canadese accuratamente bilanciata di Pentyl, considerata meno dannosa per la salute, Super Rush assicura esperienze eccitanti e di lunga durata. Con un&#8217;intensit\u00e0 pari a 5, \u00e8 uno dei Popper pi\u00f9 forti sul mercato. Il tappo facile da aprire e la dimensione della filettatura XL lo rendono comodo da usare e permettono di combinarlo con i tappi booster abbinati.     <\/p>\n","protected":false},"featured_media":130083,"comment_status":"open","ping_status":"closed","template":"","meta":{"_acf_changed":false,"iawp_total_views":12,"_glsr_average":0,"_glsr_ranking":0,"_glsr_reviews":0},"product_brand":[],"product_cat":[2068,168,1047,104,109],"product_tag":[],"class_list":{"0":"post-130089","1":"product","2":"type-product","3":"status-publish","4":"has-post-thumbnail","6":"product_cat-lubrificanti","7":"product_cat-farmacia","8":"product_cat-popper","9":"product_cat-confezioni-value","10":"product_cat-boccette-grandi","11":"pa_flaschenform-rotonda-grande","12":"pa_gewindegroesse-xl-it","13":"pa_inhalt-combo","14":"pa_inhalt-30ml","15":"pa_inhaltsstoffe-formula-pentile-canadese","16":"pa_marke-royal-hexagon","17":"pa_marke-rush-popper","18":"pa_staerke-103","20":"first","21":"instock","22":"sale","23":"taxable","24":"shipping-taxable","25":"purchasable","26":"product-type-simple"},"acf":[],"_links":{"self":[{"href":"https:\/\/poppers-online.ch\/it\/wp-json\/wp\/v2\/product\/130089","targetHints":{"allow":["GET"]}}],"collection":[{"href":"https:\/\/poppers-online.ch\/it\/wp-json\/wp\/v2\/product"}],"about":[{"href":"https:\/\/poppers-online.ch\/it\/wp-json\/wp\/v2\/types\/product"}],"replies":[{"embeddable":true,"href":"https:\/\/poppers-online.ch\/it\/wp-json\/wp\/v2\/comments?post=130089"}],"wp:featuredmedia":[{"embeddable":true,"href":"https:\/\/poppers-online.ch\/it\/wp-json\/wp\/v2\/media\/130083"}],"wp:attachment":[{"href":"https:\/\/poppers-online.ch\/it\/wp-json\/wp\/v2\/media?parent=130089"}],"wp:term":[{"taxonomy":"product_brand","embeddable":true,"href":"https:\/\/poppers-online.ch\/it\/wp-json\/wp\/v2\/product_brand?post=130089"},{"taxonomy":"product_cat","embeddable":true,"href":"https:\/\/poppers-online.ch\/it\/wp-json\/wp\/v2\/product_cat?post=130089"},{"taxonomy":"product_tag","embeddable":true,"href":"https:\/\/poppers-online.ch\/it\/wp-json\/wp\/v2\/product_tag?post=130089"}],"curies":[{"name":"wp","href":"https:\/\/api.w.org\/{rel}","templated":true}]}}