{"id":129432,"date":"2025-09-04T16:49:56","date_gmt":"2025-09-04T14:49:56","guid":{"rendered":"https:\/\/poppers-online.ch\/produkt\/hanky-code-popper-sniffer-4-pack\/"},"modified":"2025-09-07T15:44:02","modified_gmt":"2025-09-07T13:44:02","slug":"hanky-code-popper-sniffer-4-pack","status":"publish","type":"product","link":"https:\/\/poppers-online.ch\/it\/prodotto\/hanky-code-popper-sniffer-4-pack\/","title":{"rendered":"Hanky Code Popper Sniffer 4-Pack"},"content":{"rendered":"","protected":false},"excerpt":{"rendered":"<p data-start=\"136\" data-end=\"788\">Ottieni 4 tappi booster al prezzo di 3. Il <strong data-start=\"179\" data-end=\"226\">Popper Booster Cap XTRM SNFFR Double Small<\/strong> di XTRM porta l&#8217;uso dei popper a un nuovo livello. Devi svitare il tappo originale del produttore e avvitare il tappo booster sulla boccetta. Sentirai subito la differenza.<br data-start=\"427\" data-end=\"430\">Un altro vantaggio \u00e8 che il tappo booster protegge la tua pelle da irritazioni e bruciature, poich\u00e9 non c&#8217;\u00e8 contatto diretto con il Popper.   Dopo l&#8217;uso, \u00e8 obbligatorio sostituire il tappo originale del produttore per evitare perdite. Prova il Booster Cap e scrivi una recensione del prodotto su questa pagina.<\/p>\n<p data-start=\"790\" data-end=\"932\">Il <strong data-start=\"794\" data-end=\"841\">tappo Popper Booster XTRM SNFFR Double Small<\/strong> \u00e8 adatto a tutte le boccette da 10 e 30 ml del produttore canadese Lockerroom.<\/p>\n<p data-start=\"934\" data-end=\"1264\">L&#8217;Hanky Code Popper Sniffer 4-Pack con quattro sniffer al prezzo di 3 contiene quattro colori diversi. Con i colori degli sniffer puoi esprimere le tue preferenze utilizzando l&#8217;Hanky Code:<br data-start=\"1025\" data-end=\"1028\">Lo sniffer giallo rappresenta la comunit\u00e0 del piss, quello rosso la comunit\u00e0 del fisting, quello blu scuro la comunit\u00e0 anale e quello nero la scena SM. <\/p>\n","protected":false},"featured_media":129428,"comment_status":"open","ping_status":"closed","template":"","meta":{"_acf_changed":false,"iawp_total_views":4,"_glsr_average":0,"_glsr_ranking":0,"_glsr_reviews":0},"product_brand":[],"product_cat":[151,1304],"product_tag":[],"class_list":{"0":"post-129432","1":"product","2":"type-product","3":"status-publish","4":"has-post-thumbnail","6":"product_cat-accessori-popper","7":"product_cat-booster-caps-it","8":"pa_booster-cap-gewindegroesse-per-filettatura-piccola","10":"first","11":"instock","12":"sale","13":"taxable","14":"shipping-taxable","15":"purchasable","16":"product-type-simple"},"acf":[],"_links":{"self":[{"href":"https:\/\/poppers-online.ch\/it\/wp-json\/wp\/v2\/product\/129432","targetHints":{"allow":["GET"]}}],"collection":[{"href":"https:\/\/poppers-online.ch\/it\/wp-json\/wp\/v2\/product"}],"about":[{"href":"https:\/\/poppers-online.ch\/it\/wp-json\/wp\/v2\/types\/product"}],"replies":[{"embeddable":true,"href":"https:\/\/poppers-online.ch\/it\/wp-json\/wp\/v2\/comments?post=129432"}],"wp:featuredmedia":[{"embeddable":true,"href":"https:\/\/poppers-online.ch\/it\/wp-json\/wp\/v2\/media\/129428"}],"wp:attachment":[{"href":"https:\/\/poppers-online.ch\/it\/wp-json\/wp\/v2\/media?parent=129432"}],"wp:term":[{"taxonomy":"product_brand","embeddable":true,"href":"https:\/\/poppers-online.ch\/it\/wp-json\/wp\/v2\/product_brand?post=129432"},{"taxonomy":"product_cat","embeddable":true,"href":"https:\/\/poppers-online.ch\/it\/wp-json\/wp\/v2\/product_cat?post=129432"},{"taxonomy":"product_tag","embeddable":true,"href":"https:\/\/poppers-online.ch\/it\/wp-json\/wp\/v2\/product_tag?post=129432"}],"curies":[{"name":"wp","href":"https:\/\/api.w.org\/{rel}","templated":true}]}}