{"id":129387,"date":"2025-09-04T12:17:41","date_gmt":"2025-09-04T10:17:41","guid":{"rendered":"https:\/\/poppers-online.ch\/produkt\/super-rush-popper-30ml\/"},"modified":"2025-11-16T23:02:15","modified_gmt":"2025-11-16T22:02:15","slug":"super-rush-popper-30ml","status":"publish","type":"product","link":"https:\/\/poppers-online.ch\/it\/prodotto\/super-rush-popper-30ml\/","title":{"rendered":"Super Rush Popper 30ml"},"content":{"rendered":"","protected":false},"excerpt":{"rendered":"<p data-start=\"90\" data-end=\"535\"><strong data-start=\"90\" data-end=\"117\">Super Rush Popper 30ml<\/strong> fa parte della rinomata famiglia Rush e combina la massima qualit\u00e0 con un&#8217;esperienza intensa ed esclusiva. L&#8217;elegante boccetta in alluminio nero protegge la formula altamente concentrata e offre un design moderno ed elegante. Super Rush contiene la formula canadese Pentyl, accuratamente bilanciata e classificata come meno dannosa per la salute, che garantisce momenti eccitanti e duraturi.  <\/p>\n<p data-start=\"537\" data-end=\"862\">Con un&#8217;intensit\u00e0 pari a 5, Super Rush \u00e8 uno dei Popper pi\u00f9 potenti sul mercato ed \u00e8 stato sviluppato per rendere le tue avventure ancora pi\u00f9 intense ed emozionanti. Il tappo facile da aprire garantisce comfort e sicurezza durante l&#8217;uso, mentre la dimensione della filettatura XL ne consente l&#8217;utilizzo con i tappi di richiamo abbinati. <\/p>\n","protected":false},"featured_media":129380,"comment_status":"open","ping_status":"closed","template":"","meta":{"_acf_changed":false,"iawp_total_views":29,"_glsr_average":0,"_glsr_ranking":0,"_glsr_reviews":0},"product_brand":[],"product_cat":[1047,109],"product_tag":[],"class_list":{"0":"post-129387","1":"product","2":"type-product","3":"status-publish","4":"has-post-thumbnail","6":"product_cat-popper","7":"product_cat-boccette-grandi","8":"pa_flaschenform-rotonda-grande","9":"pa_gewindegroesse-xl-it","10":"pa_inhalt-30ml","11":"pa_inhaltsstoffe-formula-pentile-canadese","12":"pa_marke-royal-hexagon","13":"pa_marke-rush-popper","14":"pa_staerke-103","16":"first","17":"instock","18":"taxable","19":"shipping-taxable","20":"purchasable","21":"product-type-simple"},"acf":[],"_links":{"self":[{"href":"https:\/\/poppers-online.ch\/it\/wp-json\/wp\/v2\/product\/129387","targetHints":{"allow":["GET"]}}],"collection":[{"href":"https:\/\/poppers-online.ch\/it\/wp-json\/wp\/v2\/product"}],"about":[{"href":"https:\/\/poppers-online.ch\/it\/wp-json\/wp\/v2\/types\/product"}],"replies":[{"embeddable":true,"href":"https:\/\/poppers-online.ch\/it\/wp-json\/wp\/v2\/comments?post=129387"}],"wp:featuredmedia":[{"embeddable":true,"href":"https:\/\/poppers-online.ch\/it\/wp-json\/wp\/v2\/media\/129380"}],"wp:attachment":[{"href":"https:\/\/poppers-online.ch\/it\/wp-json\/wp\/v2\/media?parent=129387"}],"wp:term":[{"taxonomy":"product_brand","embeddable":true,"href":"https:\/\/poppers-online.ch\/it\/wp-json\/wp\/v2\/product_brand?post=129387"},{"taxonomy":"product_cat","embeddable":true,"href":"https:\/\/poppers-online.ch\/it\/wp-json\/wp\/v2\/product_cat?post=129387"},{"taxonomy":"product_tag","embeddable":true,"href":"https:\/\/poppers-online.ch\/it\/wp-json\/wp\/v2\/product_tag?post=129387"}],"curies":[{"name":"wp","href":"https:\/\/api.w.org\/{rel}","templated":true}]}}