{"id":129374,"date":"2025-09-04T11:43:17","date_gmt":"2025-09-04T09:43:17","guid":{"rendered":"https:\/\/poppers-online.ch\/produkt\/rush-black-label-pentyl-popper-30ml\/"},"modified":"2025-11-17T14:12:55","modified_gmt":"2025-11-17T13:12:55","slug":"rush-black-label-pentyl-popper-30ml","status":"publish","type":"product","link":"https:\/\/poppers-online.ch\/it\/prodotto\/rush-black-label-pentyl-popper-30ml\/","title":{"rendered":"Rush Black Label Pentyl Popper 30ml"},"content":{"rendered":"","protected":false},"excerpt":{"rendered":"<p data-start=\"3598\" data-end=\"3979\"><strong data-start=\"3598\" data-end=\"3638\">Rush Black Label Pentyl Popper 30ml<\/strong> combina la massima qualit\u00e0 con un tocco di lusso. L&#8217;elegante boccetta in alluminio nero presenta la famosa formula canadese del Pentyl nella sua forma pi\u00f9 esclusiva. Con un&#8217;intensit\u00e0 pari a 5, Rush Black Pentyl \u00e8 uno dei Popper pi\u00f9 potenti in assoluto e offre un&#8217;esperienza eccezionalmente intensa e duratura.  <\/p>\n<p data-start=\"3981\" data-end=\"4279\">L&#8217;indistruttibile boccetta in alluminio non solo protegge al meglio la formula altamente concentrata, ma garantisce anche un design elegante e moderno. Con un contenuto di 30 ml, questo Popper premium \u00e8 la scelta perfetta per chi cerca qualcosa di speciale e apprezza la qualit\u00e0, l&#8217;eleganza e il massimo effetto. <\/p>\n<p data-start=\"4281\" data-end=\"4524\">Per richiudere il flacone, basta premere leggermente sul tappo prima di chiuderlo con attenzione. Grazie alla dimensione della filettatura XL, la boccetta \u00e8 compatibile anche con tutti i tappi XL: l&#8217;ideale per perfezionare l&#8217;effetto a piacimento. <\/p>\n","protected":false},"featured_media":129365,"comment_status":"open","ping_status":"closed","template":"","meta":{"_acf_changed":false,"iawp_total_views":5,"_glsr_average":0,"_glsr_ranking":0,"_glsr_reviews":0},"product_brand":[],"product_cat":[1047,109],"product_tag":[],"class_list":{"0":"post-129374","1":"product","2":"type-product","3":"status-publish","4":"has-post-thumbnail","6":"product_cat-popper","7":"product_cat-boccette-grandi","8":"pa_flaschenform-rotonda-grande","9":"pa_gewindegroesse-xl-it","10":"pa_inhalt-30ml","11":"pa_inhaltsstoffe-formula-pentile-canadese","12":"pa_marke-royal-hexagon","13":"pa_marke-rush-popper","14":"pa_staerke-103","16":"first","17":"instock","18":"taxable","19":"shipping-taxable","20":"purchasable","21":"product-type-simple"},"acf":[],"_links":{"self":[{"href":"https:\/\/poppers-online.ch\/it\/wp-json\/wp\/v2\/product\/129374","targetHints":{"allow":["GET"]}}],"collection":[{"href":"https:\/\/poppers-online.ch\/it\/wp-json\/wp\/v2\/product"}],"about":[{"href":"https:\/\/poppers-online.ch\/it\/wp-json\/wp\/v2\/types\/product"}],"replies":[{"embeddable":true,"href":"https:\/\/poppers-online.ch\/it\/wp-json\/wp\/v2\/comments?post=129374"}],"wp:featuredmedia":[{"embeddable":true,"href":"https:\/\/poppers-online.ch\/it\/wp-json\/wp\/v2\/media\/129365"}],"wp:attachment":[{"href":"https:\/\/poppers-online.ch\/it\/wp-json\/wp\/v2\/media?parent=129374"}],"wp:term":[{"taxonomy":"product_brand","embeddable":true,"href":"https:\/\/poppers-online.ch\/it\/wp-json\/wp\/v2\/product_brand?post=129374"},{"taxonomy":"product_cat","embeddable":true,"href":"https:\/\/poppers-online.ch\/it\/wp-json\/wp\/v2\/product_cat?post=129374"},{"taxonomy":"product_tag","embeddable":true,"href":"https:\/\/poppers-online.ch\/it\/wp-json\/wp\/v2\/product_tag?post=129374"}],"curies":[{"name":"wp","href":"https:\/\/api.w.org\/{rel}","templated":true}]}}