{"id":128826,"date":"2025-08-28T18:09:19","date_gmt":"2025-08-28T16:09:19","guid":{"rendered":"https:\/\/poppers-online.ch\/produkt\/black-fire-popper-ultra-strong-30ml\/"},"modified":"2026-04-16T10:40:34","modified_gmt":"2026-04-16T08:40:34","slug":"black-fire-popper-ultra-strong-30ml","status":"publish","type":"product","link":"https:\/\/poppers-online.ch\/it\/prodotto\/black-fire-popper-ultra-strong-30ml\/","title":{"rendered":"Black Fire Popper Ultra Strong 30ml"},"content":{"rendered":"","protected":false},"excerpt":{"rendered":"<p data-renderer-start-pos=\"39\"><strong data-renderer-mark=\"true\">Black Fire Popper Ultra Strong 30ml<\/strong> \u00e8 una novit\u00e0 mondiale con la famigerata formula canadese Pentyl, che lo rende uno dei Popper pi\u00f9 intensi attualmente disponibili. La pratica boccetta da 30 ml contiene fuoco puro, sviluppato per tutti coloro che amano il caldo, il duro e l&#8217;intenso. Grazie al suo effetto estremo, Black Fire \u00e8 entrato di diritto nella lista dei migliori Popper del 2025 e stabilisce nuovi standard in termini di intensit\u00e0 e resistenza.  <\/p>\n<p data-renderer-start-pos=\"493\">Affinch\u00e9 tu possa godere di questa potenza ancora pi\u00f9 a lungo, la boccetta \u00e8 riempita con nitrito di pentile di intensit\u00e0 extra. Questo rende Black Fire Popper Ultra Strong 30ml non solo ultra intenso, ma anche particolarmente duraturo. Hot as Hell, Dark Boom e Hellfire: con Black Fire vivrai momenti che non dimenticherai in fretta.  <\/p>\n<p data-renderer-start-pos=\"800\">Quando si risigilla, bisogna fare attenzione a non avvitare il tappo troppo stretto. Premi leggermente il tappo contro la boccetta e chiudilo con attenzione per ottimizzare la tenuta. Grazie alla dimensione della filettatura XL, puoi utilizzare la boccetta anche con i tappi XL abbinati, se vuoi aumentare ancora di pi\u00f9 il tuo calcio.  <\/p>\n","protected":false},"featured_media":128820,"comment_status":"open","ping_status":"closed","template":"","meta":{"_acf_changed":false,"iawp_total_views":105,"_glsr_average":0,"_glsr_ranking":0,"_glsr_reviews":0},"product_brand":[],"product_cat":[1047,109],"product_tag":[],"class_list":{"0":"post-128826","1":"product","2":"type-product","3":"status-publish","4":"has-post-thumbnail","6":"product_cat-popper","7":"product_cat-boccette-grandi","8":"pa_flaschenform-rotonda-grande","9":"pa_gewindegroesse-xl-it","10":"pa_inhalt-30ml","11":"pa_inhaltsstoffe-formula-pentile-canadese","12":"pa_marke-royal-hexagon","13":"pa_staerke-105","15":"first","16":"instock","17":"taxable","18":"shipping-taxable","19":"purchasable","20":"product-type-simple"},"acf":[],"_links":{"self":[{"href":"https:\/\/poppers-online.ch\/it\/wp-json\/wp\/v2\/product\/128826","targetHints":{"allow":["GET"]}}],"collection":[{"href":"https:\/\/poppers-online.ch\/it\/wp-json\/wp\/v2\/product"}],"about":[{"href":"https:\/\/poppers-online.ch\/it\/wp-json\/wp\/v2\/types\/product"}],"replies":[{"embeddable":true,"href":"https:\/\/poppers-online.ch\/it\/wp-json\/wp\/v2\/comments?post=128826"}],"wp:featuredmedia":[{"embeddable":true,"href":"https:\/\/poppers-online.ch\/it\/wp-json\/wp\/v2\/media\/128820"}],"wp:attachment":[{"href":"https:\/\/poppers-online.ch\/it\/wp-json\/wp\/v2\/media?parent=128826"}],"wp:term":[{"taxonomy":"product_brand","embeddable":true,"href":"https:\/\/poppers-online.ch\/it\/wp-json\/wp\/v2\/product_brand?post=128826"},{"taxonomy":"product_cat","embeddable":true,"href":"https:\/\/poppers-online.ch\/it\/wp-json\/wp\/v2\/product_cat?post=128826"},{"taxonomy":"product_tag","embeddable":true,"href":"https:\/\/poppers-online.ch\/it\/wp-json\/wp\/v2\/product_tag?post=128826"}],"curies":[{"name":"wp","href":"https:\/\/api.w.org\/{rel}","templated":true}]}}