{"id":128782,"date":"2025-08-28T15:27:01","date_gmt":"2025-08-28T13:27:01","guid":{"rendered":"https:\/\/poppers-online.ch\/produkt\/cappello-popper-xtrm-snffr-doppio-piccolo-magenta\/"},"modified":"2026-03-09T02:05:25","modified_gmt":"2026-03-09T01:05:25","slug":"cappello-popper-xtrm-snffr-doppio-piccolo-magenta","status":"publish","type":"product","link":"https:\/\/poppers-online.ch\/it\/prodotto\/cappello-popper-xtrm-snffr-doppio-piccolo-magenta\/","title":{"rendered":"Cappello Popper XTRM SNFFR doppio piccolo Magenta"},"content":{"rendered":"","protected":false},"excerpt":{"rendered":"<p data-prosemirror-content-type=\"node\" data-prosemirror-node-name=\"paragraph\" data-prosemirror-node-block=\"true\" data-pm-slice=\"1 1 []\">Il <strong data-prosemirror-content-type=\"mark\" data-prosemirror-mark-name=\"strong\">Popper Booster Cap XTRM SNFFR Double Small Magenta<\/strong> di XTRM porta l&#8217;uso dei <strong data-prosemirror-content-type=\"mark\" data-prosemirror-mark-name=\"strong\">popper<\/strong> a un nuovo livello. Si svita il tappo originale del produttore e si avvita il tappo booster sulla boccetta.  Sentirete rapidamente la differenza. Un altro vantaggio del tappo booster \u00e8 che protegge la pelle da irritazioni e bruciature, poich\u00e9 non c&#8217;\u00e8 contatto diretto con i Popper. Dopo l&#8217;uso, \u00e8 obbligatorio sostituire il tappo originale del produttore per evitare perdite. Prova il Booster Cap e scrivi una recensione del prodotto su questa pagina.<\/p>\n<p data-prosemirror-content-type=\"node\" data-prosemirror-node-name=\"paragraph\" data-prosemirror-node-block=\"true\">Il <strong data-prosemirror-content-type=\"mark\" data-prosemirror-mark-name=\"strong\">tappo Popper Booster XTRM SNFFR Double Small Magenta<\/strong> di XTRM \u00e8 adatto a tutte le boccette da 10 e 30 ml dei produttori Lockerroom, Shelbora e Royal Hexagon. Il colore magenta dello sniffer \u00e8 uno dei preferiti dalla comunit\u00e0 delle ascelle. <\/p>\n","protected":false},"featured_media":128779,"comment_status":"open","ping_status":"closed","template":"","meta":{"_acf_changed":false,"iawp_total_views":0,"_glsr_average":0,"_glsr_ranking":0,"_glsr_reviews":0},"product_brand":[],"product_cat":[151,1304],"product_tag":[],"class_list":{"0":"post-128782","1":"product","2":"type-product","3":"status-publish","4":"has-post-thumbnail","6":"product_cat-accessori-popper","7":"product_cat-booster-caps-it","8":"pa_booster-cap-gewindegroesse-per-filettatura-piccola","10":"first","11":"instock","12":"taxable","13":"shipping-taxable","14":"purchasable","15":"product-type-simple"},"acf":[],"_links":{"self":[{"href":"https:\/\/poppers-online.ch\/it\/wp-json\/wp\/v2\/product\/128782","targetHints":{"allow":["GET"]}}],"collection":[{"href":"https:\/\/poppers-online.ch\/it\/wp-json\/wp\/v2\/product"}],"about":[{"href":"https:\/\/poppers-online.ch\/it\/wp-json\/wp\/v2\/types\/product"}],"replies":[{"embeddable":true,"href":"https:\/\/poppers-online.ch\/it\/wp-json\/wp\/v2\/comments?post=128782"}],"wp:featuredmedia":[{"embeddable":true,"href":"https:\/\/poppers-online.ch\/it\/wp-json\/wp\/v2\/media\/128779"}],"wp:attachment":[{"href":"https:\/\/poppers-online.ch\/it\/wp-json\/wp\/v2\/media?parent=128782"}],"wp:term":[{"taxonomy":"product_brand","embeddable":true,"href":"https:\/\/poppers-online.ch\/it\/wp-json\/wp\/v2\/product_brand?post=128782"},{"taxonomy":"product_cat","embeddable":true,"href":"https:\/\/poppers-online.ch\/it\/wp-json\/wp\/v2\/product_cat?post=128782"},{"taxonomy":"product_tag","embeddable":true,"href":"https:\/\/poppers-online.ch\/it\/wp-json\/wp\/v2\/product_tag?post=128782"}],"curies":[{"name":"wp","href":"https:\/\/api.w.org\/{rel}","templated":true}]}}