{"id":128120,"date":"2025-08-21T14:54:32","date_gmt":"2025-08-21T12:54:32","guid":{"rendered":"https:\/\/poppers-online.ch\/produkt\/gold-rush-ultra-strong-popper-30ml\/"},"modified":"2026-03-26T16:20:16","modified_gmt":"2026-03-26T15:20:16","slug":"gold-rush-ultra-strong-popper-30ml","status":"publish","type":"product","link":"https:\/\/poppers-online.ch\/it\/prodotto\/gold-rush-ultra-strong-popper-30ml\/","title":{"rendered":"Gold Rush Ultra Strong Popper 30ml"},"content":{"rendered":"","protected":false},"excerpt":{"rendered":"<p data-prosemirror-content-type=\"node\" data-prosemirror-node-name=\"paragraph\" data-prosemirror-node-block=\"true\" data-pm-slice=\"1 1 []\"><strong data-prosemirror-content-type=\"mark\" data-prosemirror-mark-name=\"strong\">Gold Rush Ultra Strong Popper 30ml<\/strong> colpisce per la sua potente formula a base di nitrito di esile, che garantisce effetti particolarmente duraturi e intensi. Questa variante del <a href=\"https:\/\/poppers-online.ch\/it\/rush-popper\/\">leggendario classico<\/a> \u00e8 stata appositamente sviluppata per offrire un&#8217;esperienza di grande intensit\u00e0. <\/p>\n<p data-prosemirror-content-type=\"node\" data-prosemirror-node-name=\"paragraph\" data-prosemirror-node-block=\"true\">La boccetta extra-large da 30 ml rende Gold Rush Ultra Strong il compagno ideale per le sessioni pi\u00f9 lunghe e offre la perfetta combinazione di potenza, qualit\u00e0 e resistenza. Grazie alla sua forte composizione a base di nitrito di esile, questo Popper \u00e8 sinonimo di affidabilit\u00e0, intensit\u00e0 e un effetto intenso che convincer\u00e0 anche gli utenti pi\u00f9 esperti. <\/p>\n","protected":false},"featured_media":128117,"comment_status":"open","ping_status":"closed","template":"","meta":{"_acf_changed":false,"iawp_total_views":17,"_glsr_average":0,"_glsr_ranking":0,"_glsr_reviews":0},"product_brand":[],"product_cat":[1047,109],"product_tag":[],"class_list":{"0":"post-128120","1":"product","2":"type-product","3":"status-publish","4":"has-post-thumbnail","6":"product_cat-popper","7":"product_cat-boccette-grandi","8":"pa_flaschenform-rotonda-grande","9":"pa_gewindegroesse-piccola","10":"pa_inhalt-30ml","11":"pa_inhaltsstoffe-nitrito-esile","12":"pa_marke-royal-hexagon","13":"pa_marke-rush-popper","14":"pa_staerke-103","16":"first","17":"instock","18":"taxable","19":"shipping-taxable","20":"purchasable","21":"product-type-simple"},"acf":[],"_links":{"self":[{"href":"https:\/\/poppers-online.ch\/it\/wp-json\/wp\/v2\/product\/128120","targetHints":{"allow":["GET"]}}],"collection":[{"href":"https:\/\/poppers-online.ch\/it\/wp-json\/wp\/v2\/product"}],"about":[{"href":"https:\/\/poppers-online.ch\/it\/wp-json\/wp\/v2\/types\/product"}],"replies":[{"embeddable":true,"href":"https:\/\/poppers-online.ch\/it\/wp-json\/wp\/v2\/comments?post=128120"}],"wp:featuredmedia":[{"embeddable":true,"href":"https:\/\/poppers-online.ch\/it\/wp-json\/wp\/v2\/media\/128117"}],"wp:attachment":[{"href":"https:\/\/poppers-online.ch\/it\/wp-json\/wp\/v2\/media?parent=128120"}],"wp:term":[{"taxonomy":"product_brand","embeddable":true,"href":"https:\/\/poppers-online.ch\/it\/wp-json\/wp\/v2\/product_brand?post=128120"},{"taxonomy":"product_cat","embeddable":true,"href":"https:\/\/poppers-online.ch\/it\/wp-json\/wp\/v2\/product_cat?post=128120"},{"taxonomy":"product_tag","embeddable":true,"href":"https:\/\/poppers-online.ch\/it\/wp-json\/wp\/v2\/product_tag?post=128120"}],"curies":[{"name":"wp","href":"https:\/\/api.w.org\/{rel}","templated":true}]}}