{"id":128092,"date":"2025-08-21T11:23:57","date_gmt":"2025-08-21T09:23:57","guid":{"rendered":"https:\/\/poppers-online.ch\/produkt\/popper-booster-cap-xtrm-snffr-doppio-piccolo-blu-cristallo\/"},"modified":"2025-08-31T13:53:50","modified_gmt":"2025-08-31T11:53:50","slug":"popper-booster-cap-xtrm-snffr-doppio-piccolo-blu-cristallo","status":"publish","type":"product","link":"https:\/\/poppers-online.ch\/it\/prodotto\/popper-booster-cap-xtrm-snffr-doppio-piccolo-blu-cristallo\/","title":{"rendered":"Popper Booster Cap XTRM SNFFR Doppio Piccolo Blu Cristallo"},"content":{"rendered":"","protected":false},"excerpt":{"rendered":"<p data-renderer-start-pos=\"61\">Il <strong>Popper Booster Cap XTRM SNFFR Double Small Crystal Blue<\/strong> di XTRM porta l&#8217;uso dei <strong>popper<\/strong> a un nuovo livello. Si svita il tappo originale del produttore e si avvita il tappo booster sulla boccetta. Sentirete rapidamente la differenza. Un altro vantaggio del tappo booster \u00e8 che protegge la pelle da irritazioni e bruciature, poich\u00e9 non c&#8217;\u00e8 contatto diretto con i Popper. Dopo l&#8217;uso, \u00e8 obbligatorio sostituire il tappo originale del produttore per <a href=\"https:\/\/poppers-online.ch\/it\/blog\/quali-sono-gli-accessori-popper-disponibili-e-come-si-usano\/#booster-cap\">evitare perdite<\/a>. Prova il Booster Cap e scrivi una recensione del prodotto su questa pagina.<\/p>\n<p data-renderer-start-pos=\"694\">Il <strong>tappo Popper Booster XTRM SNFFR Double Small Crystal Blue<\/strong> di XTRM \u00e8 adatto a tutte le boccette da 10 e 30 ml dei produttori Lockerroom, Shelbora e Royal Hexagon.<\/p>\n","protected":false},"featured_media":128087,"comment_status":"open","ping_status":"closed","template":"","meta":{"_acf_changed":false,"iawp_total_views":1,"_glsr_average":0,"_glsr_ranking":0,"_glsr_reviews":0},"product_brand":[],"product_cat":[151,1304],"product_tag":[],"class_list":{"0":"post-128092","1":"product","2":"type-product","3":"status-publish","4":"has-post-thumbnail","6":"product_cat-accessori-popper","7":"product_cat-booster-caps-it","8":"pa_booster-cap-gewindegroesse-per-filettatura-piccola","10":"first","11":"instock","12":"taxable","13":"shipping-taxable","14":"purchasable","15":"product-type-simple"},"acf":[],"_links":{"self":[{"href":"https:\/\/poppers-online.ch\/it\/wp-json\/wp\/v2\/product\/128092","targetHints":{"allow":["GET"]}}],"collection":[{"href":"https:\/\/poppers-online.ch\/it\/wp-json\/wp\/v2\/product"}],"about":[{"href":"https:\/\/poppers-online.ch\/it\/wp-json\/wp\/v2\/types\/product"}],"replies":[{"embeddable":true,"href":"https:\/\/poppers-online.ch\/it\/wp-json\/wp\/v2\/comments?post=128092"}],"wp:featuredmedia":[{"embeddable":true,"href":"https:\/\/poppers-online.ch\/it\/wp-json\/wp\/v2\/media\/128087"}],"wp:attachment":[{"href":"https:\/\/poppers-online.ch\/it\/wp-json\/wp\/v2\/media?parent=128092"}],"wp:term":[{"taxonomy":"product_brand","embeddable":true,"href":"https:\/\/poppers-online.ch\/it\/wp-json\/wp\/v2\/product_brand?post=128092"},{"taxonomy":"product_cat","embeddable":true,"href":"https:\/\/poppers-online.ch\/it\/wp-json\/wp\/v2\/product_cat?post=128092"},{"taxonomy":"product_tag","embeddable":true,"href":"https:\/\/poppers-online.ch\/it\/wp-json\/wp\/v2\/product_tag?post=128092"}],"curies":[{"name":"wp","href":"https:\/\/api.w.org\/{rel}","templated":true}]}}