{"id":127154,"date":"2025-08-14T12:35:31","date_gmt":"2025-08-14T10:35:31","guid":{"rendered":"https:\/\/poppers-online.ch\/produkt\/popper-booster-cap-xtrm-snffr-double-small-rosa\/"},"modified":"2025-10-14T17:54:04","modified_gmt":"2025-10-14T15:54:04","slug":"popper-booster-cap-xtrm-snffr-double-small-rosa","status":"publish","type":"product","link":"https:\/\/poppers-online.ch\/it\/prodotto\/popper-booster-cap-xtrm-snffr-double-small-rosa\/","title":{"rendered":"Popper Booster Cap XTRM SNFFR Double Small Rosa"},"content":{"rendered":"","protected":false},"excerpt":{"rendered":"<p data-start=\"156\" data-end=\"787\">Il <strong>Popper Booster Cap XTRM SNFFR Double Small Pink<\/strong> di XTRM porta l&#8217;uso dei <strong>popper<\/strong> a un nuovo livello. Si svita il tappo originale del produttore e si avvita il tappo booster sulla boccetta.  Sentirete rapidamente la differenza. Un altro vantaggio del tappo booster \u00e8 che protegge la pelle da irritazioni e bruciature, poich\u00e9 non c&#8217;\u00e8 contatto diretto con i Popper. Dopo l&#8217;uso, \u00e8 obbligatorio sostituire il tappo originale del produttore per evitare perdite. Prova il Booster Cap e scrivi una recensione del prodotto su questa pagina.<\/p>\n<p data-start=\"789\" data-end=\"1032\">Il <strong>tappo per Popper XTRM SNFFR Double Small Pink<\/strong> di XTRM \u00e8 adatto a tutte le boccette da 10 e 30 ml dei produttori Lockerroom, Shelbora e Royal Hexagon. Il colore rosa dello sniffer \u00e8 uno dei preferiti dalla comunit\u00e0 dei dildo. <\/p>\n","protected":false},"featured_media":127147,"comment_status":"open","ping_status":"closed","template":"","meta":{"_acf_changed":false,"iawp_total_views":1,"_glsr_average":0,"_glsr_ranking":0,"_glsr_reviews":0},"product_brand":[],"product_cat":[151,1304],"product_tag":[],"class_list":{"0":"post-127154","1":"product","2":"type-product","3":"status-publish","4":"has-post-thumbnail","6":"product_cat-accessori-popper","7":"product_cat-booster-caps-it","8":"pa_booster-cap-gewindegroesse-per-filettatura-piccola","10":"first","11":"instock","12":"taxable","13":"shipping-taxable","14":"purchasable","15":"product-type-simple"},"acf":[],"_links":{"self":[{"href":"https:\/\/poppers-online.ch\/it\/wp-json\/wp\/v2\/product\/127154","targetHints":{"allow":["GET"]}}],"collection":[{"href":"https:\/\/poppers-online.ch\/it\/wp-json\/wp\/v2\/product"}],"about":[{"href":"https:\/\/poppers-online.ch\/it\/wp-json\/wp\/v2\/types\/product"}],"replies":[{"embeddable":true,"href":"https:\/\/poppers-online.ch\/it\/wp-json\/wp\/v2\/comments?post=127154"}],"wp:featuredmedia":[{"embeddable":true,"href":"https:\/\/poppers-online.ch\/it\/wp-json\/wp\/v2\/media\/127147"}],"wp:attachment":[{"href":"https:\/\/poppers-online.ch\/it\/wp-json\/wp\/v2\/media?parent=127154"}],"wp:term":[{"taxonomy":"product_brand","embeddable":true,"href":"https:\/\/poppers-online.ch\/it\/wp-json\/wp\/v2\/product_brand?post=127154"},{"taxonomy":"product_cat","embeddable":true,"href":"https:\/\/poppers-online.ch\/it\/wp-json\/wp\/v2\/product_cat?post=127154"},{"taxonomy":"product_tag","embeddable":true,"href":"https:\/\/poppers-online.ch\/it\/wp-json\/wp\/v2\/product_tag?post=127154"}],"curies":[{"name":"wp","href":"https:\/\/api.w.org\/{rel}","templated":true}]}}