{"id":125901,"date":"2025-08-07T15:09:30","date_gmt":"2025-08-07T13:09:30","guid":{"rendered":"https:\/\/poppers-online.ch\/produkt\/popper-per-troie-super-estremi-24ml\/"},"modified":"2026-02-15T11:54:36","modified_gmt":"2026-02-15T10:54:36","slug":"popper-per-troie-super-estremi-24ml","status":"publish","type":"product","link":"https:\/\/poppers-online.ch\/it\/prodotto\/popper-per-troie-super-estremi-24ml\/","title":{"rendered":"Super Extreme Slut Popper 24ml"},"content":{"rendered":"","protected":false},"excerpt":{"rendered":"<p data-start=\"316\" data-end=\"567\">Sei pronto per il livello successivo? <strong>Super Extreme Slut Popper 24ml <\/strong>\u00e8 tornato: pi\u00f9 forte, pi\u00f9 intenso e pi\u00f9 senza compromessi che mai. La nuova versione \u00e8 disponibile in una pratica boccetta da 24 ml ed \u00e8 a base di <strong data-start=\"518\" data-end=\"545\">nitrito di pentile ad alta purezza<\/strong> per il massimo effetto. Disponibile anche in una <a href=\"https:\/\/poppers-online.ch\/it\/prodotto\/super-extreme-slut-popper-10ml\/\">boccetta da 10ml<\/a>.  <\/p>\n<p data-start=\"569\" data-end=\"836\">Questo popper \u00e8 fatto per sessioni senza vergogna, senza inibizioni e per chiunque voglia trasformare se stesso o il proprio partner in una <strong data-start=\"684\" data-end=\"716\">troia super estrema senza tab\u00f9<\/strong>. Ideale per giochi di ruolo estremi, dominazioni intense o semplicemente quando non ci sono limiti. <\/p>\n<p data-start=\"838\" data-end=\"1095\"><strong data-start=\"838\" data-end=\"853\">Highlights:<\/strong><br data-start=\"853\" data-end=\"856\"><strong data-start=\"856\" data-end=\"861\">\u2013<\/strong> Nuova versione da 24 ml<br data-start=\"883\" data-end=\"886\"><strong data-start=\"886\" data-end=\"891\">\u2013<\/strong> Con nitrito di pentile ad alta concentrazione, particolarmente puro<br data-start=\"942\" data-end=\"945\"><strong data-start=\"945\" data-end=\"950\">\u2013<\/strong> Per un gioco sfrenato e una devozione totale<br data-start=\"995\" data-end=\"998\"><strong data-start=\"998\" data-end=\"1003\">\u2013<\/strong> Effetto extra forte, di lunga durata<br data-start=\"1039\" data-end=\"1042\"><strong data-start=\"1042\" data-end=\"1047\">\u2013<\/strong> Perfetto per i power bottom, i sottomessi e l&#8217;addestramento delle sluts<\/p>\n<p data-start=\"1097\" data-end=\"1170\"><strong data-start=\"1097\" data-end=\"1170\">Super Extreme Slut Popper \u2013 Quando non vuoi trattenere nulla.<\/strong><\/p>\n","protected":false},"featured_media":125872,"comment_status":"open","ping_status":"closed","template":"","meta":{"_acf_changed":false,"iawp_total_views":11,"_glsr_average":0,"_glsr_ranking":0,"_glsr_reviews":0},"product_brand":[],"product_cat":[1047,109],"product_tag":[],"class_list":{"0":"post-125901","1":"product","2":"type-product","3":"status-publish","4":"has-post-thumbnail","6":"product_cat-popper","7":"product_cat-boccette-grandi","8":"pa_flaschenform-ovale-it","9":"pa_gewindegroesse-piccola","10":"pa_inhalt-24ml","11":"pa_inhaltsstoffe-nitrito-di-pentile","12":"pa_marke-oxy-edition-it","13":"pa_staerke-111","15":"first","16":"instock","17":"taxable","18":"shipping-taxable","19":"purchasable","20":"product-type-simple"},"acf":[],"_links":{"self":[{"href":"https:\/\/poppers-online.ch\/it\/wp-json\/wp\/v2\/product\/125901","targetHints":{"allow":["GET"]}}],"collection":[{"href":"https:\/\/poppers-online.ch\/it\/wp-json\/wp\/v2\/product"}],"about":[{"href":"https:\/\/poppers-online.ch\/it\/wp-json\/wp\/v2\/types\/product"}],"replies":[{"embeddable":true,"href":"https:\/\/poppers-online.ch\/it\/wp-json\/wp\/v2\/comments?post=125901"}],"wp:featuredmedia":[{"embeddable":true,"href":"https:\/\/poppers-online.ch\/it\/wp-json\/wp\/v2\/media\/125872"}],"wp:attachment":[{"href":"https:\/\/poppers-online.ch\/it\/wp-json\/wp\/v2\/media?parent=125901"}],"wp:term":[{"taxonomy":"product_brand","embeddable":true,"href":"https:\/\/poppers-online.ch\/it\/wp-json\/wp\/v2\/product_brand?post=125901"},{"taxonomy":"product_cat","embeddable":true,"href":"https:\/\/poppers-online.ch\/it\/wp-json\/wp\/v2\/product_cat?post=125901"},{"taxonomy":"product_tag","embeddable":true,"href":"https:\/\/poppers-online.ch\/it\/wp-json\/wp\/v2\/product_tag?post=125901"}],"curies":[{"name":"wp","href":"https:\/\/api.w.org\/{rel}","templated":true}]}}