{"id":123048,"date":"2025-07-10T19:37:37","date_gmt":"2025-07-10T17:37:37","guid":{"rendered":"https:\/\/poppers-online.ch\/produkt\/berlin-ultra-strong-poppers-24ml\/"},"modified":"2026-03-26T16:33:45","modified_gmt":"2026-03-26T15:33:45","slug":"berlin-ultra-strong-poppers-24ml","status":"publish","type":"product","link":"https:\/\/poppers-online.ch\/it\/prodotto\/berlin-ultra-strong-poppers-24ml\/","title":{"rendered":"Berlin Ultra Strong Poppers 24ml"},"content":{"rendered":"","protected":false},"excerpt":{"rendered":"<p><strong>Berlin Ultra Strong Poppers 24ml<\/strong> \u00e8 ora disponibile anche nella versione da 24ml e porta tutta l&#8217;intensit\u00e0 della scena dei club berlinesi direttamente a casa tua. La collaudata formula a base di nitrito di pentile originale garantisce un effetto particolarmente forte e un&#8217;esperienza di lunga durata. Ispirato alle notti selvagge del Berghain e del KitKat, questo popper emana l&#8217;inconfondibile atmosfera della capitale queer: intensa, elettrizzante e senza compromessi.<br \/>\nIdeale per le serate speciali, in coppia o con gli amici, Berlin Ultra Strong \u00e8 sinonimo di libert\u00e0, estasi e una vera sensazione berlinese in ogni flacone. Con il pratico formato da 24 ml, ti offre ancora pi\u00f9 contenuti per momenti indimenticabili.   <\/p>\n","protected":false},"featured_media":123045,"comment_status":"open","ping_status":"closed","template":"","meta":{"_acf_changed":false,"iawp_total_views":29,"_glsr_average":0,"_glsr_ranking":0,"_glsr_reviews":0},"product_brand":[],"product_cat":[1047,109],"product_tag":[],"class_list":{"0":"post-123048","1":"product","2":"type-product","3":"status-publish","4":"has-post-thumbnail","6":"product_cat-popper","7":"product_cat-boccette-grandi","8":"pa_flaschenform-ovale-it","9":"pa_gewindegroesse-piccola","10":"pa_inhalt-24ml","11":"pa_inhaltsstoffe-nitrito-di-pentile","12":"pa_marke-berlin-popper","13":"pa_marke-oxy-edition-it","14":"pa_staerke-105","16":"first","17":"instock","18":"taxable","19":"shipping-taxable","20":"purchasable","21":"product-type-simple"},"acf":[],"_links":{"self":[{"href":"https:\/\/poppers-online.ch\/it\/wp-json\/wp\/v2\/product\/123048","targetHints":{"allow":["GET"]}}],"collection":[{"href":"https:\/\/poppers-online.ch\/it\/wp-json\/wp\/v2\/product"}],"about":[{"href":"https:\/\/poppers-online.ch\/it\/wp-json\/wp\/v2\/types\/product"}],"replies":[{"embeddable":true,"href":"https:\/\/poppers-online.ch\/it\/wp-json\/wp\/v2\/comments?post=123048"}],"wp:featuredmedia":[{"embeddable":true,"href":"https:\/\/poppers-online.ch\/it\/wp-json\/wp\/v2\/media\/123045"}],"wp:attachment":[{"href":"https:\/\/poppers-online.ch\/it\/wp-json\/wp\/v2\/media?parent=123048"}],"wp:term":[{"taxonomy":"product_brand","embeddable":true,"href":"https:\/\/poppers-online.ch\/it\/wp-json\/wp\/v2\/product_brand?post=123048"},{"taxonomy":"product_cat","embeddable":true,"href":"https:\/\/poppers-online.ch\/it\/wp-json\/wp\/v2\/product_cat?post=123048"},{"taxonomy":"product_tag","embeddable":true,"href":"https:\/\/poppers-online.ch\/it\/wp-json\/wp\/v2\/product_tag?post=123048"}],"curies":[{"name":"wp","href":"https:\/\/api.w.org\/{rel}","templated":true}]}}