{"id":121381,"date":"2025-06-26T15:36:31","date_gmt":"2025-06-26T13:36:31","guid":{"rendered":"https:\/\/poppers-online.ch\/produkt\/senti-il-ritmo-dellestate-combo-di-poppers\/"},"modified":"2025-08-18T17:19:49","modified_gmt":"2025-08-18T15:19:49","slug":"senti-il-ritmo-dellestate-combo-di-poppers","status":"publish","type":"product","link":"https:\/\/poppers-online.ch\/it\/prodotto\/senti-il-ritmo-dellestate-combo-di-poppers\/","title":{"rendered":"Senti l&#8217;estate &#8211; Combo di Rush Popper"},"content":{"rendered":"","protected":false},"excerpt":{"rendered":"<p data-start=\"214\" data-end=\"261\"><strong data-start=\"214\" data-end=\"261\">Il desiderio illimitato incontra una dichiarazione iconica.<\/strong><\/p>\n<p data-start=\"263\" data-end=\"610\">Preparati a un&#8217;estate piena di intensit\u00e0, con l&#8217;ultimo <strong data-start=\"337\" data-end=\"377\">Feel the Summer Rush Popper Combo<\/strong>!<br data-start=\"378\" data-end=\"381\">Questo esclusivo set combina il super forte <strong data-start=\"429\" data-end=\"476\">SUPER RUSH Black Label Extreme Popper 30ml<\/strong> con il leggendario <strong data-start=\"496\" data-end=\"517\">cappellino da baseball Rush<\/strong> in un accattivante colore giallo &#8211; un must per i veri fan e un vero e proprio eye-catcher in qualsiasi festa.<\/p>\n<p data-start=\"612\" data-end=\"629\"><strong data-start=\"612\" data-end=\"629\">Questo \u00e8 l&#8217;interno:<\/strong><\/p>\n<ul data-start=\"630\" data-end=\"991\">\n<li data-start=\"630\" data-end=\"850\">\n<p data-start=\"632\" data-end=\"850\"><strong data-start=\"632\" data-end=\"679\">SUPER RUSH Black Label Extreme Popper 30ml <\/strong>&#8211; realizzato con nitrito di esile, uno dei nitriti alchilici meno dannosi. Con un&#8217;intensit\u00e0 pari a 6, questo popper \u00e8 una delle variet\u00e0 pi\u00f9 intense sul mercato. <\/p>\n<\/li>\n<li data-start=\"851\" data-end=\"991\">\n<p data-start=\"853\" data-end=\"991\"><strong data-start=\"853\" data-end=\"874\">Cappellino da baseball Rush<\/strong> &#8211; elegante, giallo, con logo iconico. Solo gli addetti ai lavori sanno cosa significa: una dichiarazione sottile per gli intenditori. <\/p>\n<\/li>\n<\/ul>\n<p data-start=\"993\" data-end=\"1163\"><strong data-start=\"993\" data-end=\"1009\">Perfetto per:<\/strong><br data-start=\"1009\" data-end=\"1012\">Feste estive, eventi Pride, festival o eccitanti serate a due. Il <strong data-start=\"1088\" data-end=\"1128\">Feel the Summer Rush Popper Combo<\/strong> unisce stile ed effetto in un unico prodotto. <\/p>\n<p data-start=\"1165\" data-end=\"1225\"><strong data-start=\"1165\" data-end=\"1177\">Nota:<\/strong> Solo per adulti. Non adatto al consumo. <\/p>\n","protected":false},"featured_media":121379,"comment_status":"open","ping_status":"closed","template":"","meta":{"_acf_changed":false,"iawp_total_views":13,"_glsr_average":0,"_glsr_ranking":0,"_glsr_reviews":0},"product_brand":[],"product_cat":[1047,104,109],"product_tag":[],"class_list":{"0":"post-121381","1":"product","2":"type-product","3":"status-publish","4":"has-post-thumbnail","6":"product_cat-popper","7":"product_cat-confezioni-value","8":"product_cat-boccette-grandi","9":"pa_inhalt-combo","10":"pa_inhalt-30ml","11":"pa_inhaltsstoffe-nitrito-esile","12":"pa_marke-rush-popper","13":"pa_staerke-105","15":"first","16":"instock","17":"sale","18":"taxable","19":"shipping-taxable","20":"purchasable","21":"product-type-simple"},"acf":[],"_links":{"self":[{"href":"https:\/\/poppers-online.ch\/it\/wp-json\/wp\/v2\/product\/121381","targetHints":{"allow":["GET"]}}],"collection":[{"href":"https:\/\/poppers-online.ch\/it\/wp-json\/wp\/v2\/product"}],"about":[{"href":"https:\/\/poppers-online.ch\/it\/wp-json\/wp\/v2\/types\/product"}],"replies":[{"embeddable":true,"href":"https:\/\/poppers-online.ch\/it\/wp-json\/wp\/v2\/comments?post=121381"}],"wp:featuredmedia":[{"embeddable":true,"href":"https:\/\/poppers-online.ch\/it\/wp-json\/wp\/v2\/media\/121379"}],"wp:attachment":[{"href":"https:\/\/poppers-online.ch\/it\/wp-json\/wp\/v2\/media?parent=121381"}],"wp:term":[{"taxonomy":"product_brand","embeddable":true,"href":"https:\/\/poppers-online.ch\/it\/wp-json\/wp\/v2\/product_brand?post=121381"},{"taxonomy":"product_cat","embeddable":true,"href":"https:\/\/poppers-online.ch\/it\/wp-json\/wp\/v2\/product_cat?post=121381"},{"taxonomy":"product_tag","embeddable":true,"href":"https:\/\/poppers-online.ch\/it\/wp-json\/wp\/v2\/product_tag?post=121381"}],"curies":[{"name":"wp","href":"https:\/\/api.w.org\/{rel}","templated":true}]}}