{"id":120488,"date":"2025-06-11T22:12:39","date_gmt":"2025-06-11T20:12:39","guid":{"rendered":"https:\/\/poppers-online.ch\/produkt\/swiss-premium-juice-poppers-24ml\/"},"modified":"2025-11-23T11:10:40","modified_gmt":"2025-11-23T10:10:40","slug":"swiss-premium-juice-poppers-24ml","status":"publish","type":"product","link":"https:\/\/poppers-online.ch\/it\/prodotto\/swiss-premium-juice-poppers-24ml\/","title":{"rendered":"Swiss Premium Juice Popper 24ml"},"content":{"rendered":"","protected":false},"excerpt":{"rendered":"<p><span style=\"font-weight: 400;\">Lo <strong>Swiss Premium Juice Popper 24ml<\/strong> \u00e8 una novit\u00e0 sul mercato svizzero dal 2025. Come il flacone da 10 ml di Swiss Premium Juice, si basa sul nitrito di pentile originale ed \u00e8 riempito nella pratica boccetta ovale da 24 ml. Questo Swiss Premium Juice Popper, forte e di altissima qualit\u00e0, ti d\u00e0 il massimo per la tua prossima sessione di sesso eccitante e perverso in Svizzera.  <\/span><\/p>\n","protected":false},"featured_media":120486,"comment_status":"open","ping_status":"closed","template":"","meta":{"_acf_changed":false,"iawp_total_views":13,"_glsr_average":0,"_glsr_ranking":0,"_glsr_reviews":0},"product_brand":[],"product_cat":[1047,109],"product_tag":[],"class_list":{"0":"post-120488","1":"product","2":"type-product","3":"status-publish","4":"has-post-thumbnail","6":"product_cat-popper","7":"product_cat-boccette-grandi","8":"pa_flaschenform-ovale-it","9":"pa_gewindegroesse-piccola","10":"pa_inhalt-24ml","11":"pa_inhaltsstoffe-nitrito-di-pentile","12":"pa_marke-oxy-edition-it","13":"pa_staerke-103","15":"first","16":"instock","17":"taxable","18":"shipping-taxable","19":"purchasable","20":"product-type-simple"},"acf":[],"_links":{"self":[{"href":"https:\/\/poppers-online.ch\/it\/wp-json\/wp\/v2\/product\/120488","targetHints":{"allow":["GET"]}}],"collection":[{"href":"https:\/\/poppers-online.ch\/it\/wp-json\/wp\/v2\/product"}],"about":[{"href":"https:\/\/poppers-online.ch\/it\/wp-json\/wp\/v2\/types\/product"}],"replies":[{"embeddable":true,"href":"https:\/\/poppers-online.ch\/it\/wp-json\/wp\/v2\/comments?post=120488"}],"wp:featuredmedia":[{"embeddable":true,"href":"https:\/\/poppers-online.ch\/it\/wp-json\/wp\/v2\/media\/120486"}],"wp:attachment":[{"href":"https:\/\/poppers-online.ch\/it\/wp-json\/wp\/v2\/media?parent=120488"}],"wp:term":[{"taxonomy":"product_brand","embeddable":true,"href":"https:\/\/poppers-online.ch\/it\/wp-json\/wp\/v2\/product_brand?post=120488"},{"taxonomy":"product_cat","embeddable":true,"href":"https:\/\/poppers-online.ch\/it\/wp-json\/wp\/v2\/product_cat?post=120488"},{"taxonomy":"product_tag","embeddable":true,"href":"https:\/\/poppers-online.ch\/it\/wp-json\/wp\/v2\/product_tag?post=120488"}],"curies":[{"name":"wp","href":"https:\/\/api.w.org\/{rel}","templated":true}]}}