{"id":119288,"date":"2025-05-25T15:36:41","date_gmt":"2025-05-25T13:36:41","guid":{"rendered":"https:\/\/poppers-online.ch\/produkt\/sport-fucker-tpr-ergo-ball-stretcher-set-di-2-rosso\/"},"modified":"2025-05-26T14:16:34","modified_gmt":"2025-05-26T12:16:34","slug":"sport-fucker-tpr-ergo-ball-stretcher-set-di-2-rosso","status":"publish","type":"product","link":"https:\/\/poppers-online.ch\/it\/prodotto\/sport-fucker-tpr-ergo-ball-stretcher-set-di-2-rosso\/","title":{"rendered":"Sport Fucker TPR Ergo Ball Stretcher Set di 2 rosso"},"content":{"rendered":"","protected":false},"excerpt":{"rendered":"<p>Lo <strong>Sport Fucker TPR Ergo Ball Stretcher Set of 2 red<\/strong> include i primi estensori per palle dal design ergonomico che le tue palle adoreranno. Sono progettati per abbracciare lo scroto e la base del cazzo. A differenza di altri estensori di palline presenti sul mercato, questi sono morbidi ed elastici, in modo da non stringere troppo le tue palle. Sono progettati per durare a lungo.   <\/p>\n<p>Ti offriamo due taglie a questo prezzo vantaggioso, cos\u00ec non dovrai preoccuparti di quale taglia vuoi. Indossa la taglia lunga, quella corta o entrambe per una vestibilit\u00e0 aderente. La taglia Regular \u00e8 alta 30 mm e la Large \u00e8 alta 36 mm, entrambe con un diametro interno di 22 mm. Con questo set li avrai entrambi.   <\/p>\n<ul>\n<li>Il set Sport Fucker TPR Ergo Ball Stretcher contiene una versione corta e una lunga.<\/li>\n<li>Pu\u00f2 essere allungato di oltre il 400% della sua dimensione originale.<\/li>\n<li>Realizzato con la stessa mescola super morbida in TPR dello Sport Fucker Sport Ring originale.<\/li>\n<li>Pu\u00f2 essere utilizzato con qualsiasi lubrificante<\/li>\n<\/ul>\n","protected":false},"featured_media":119287,"comment_status":"open","ping_status":"closed","template":"","meta":{"_acf_changed":false,"iawp_total_views":1,"_glsr_average":0,"_glsr_ranking":0,"_glsr_reviews":0},"product_brand":[],"product_cat":[2089,172],"product_tag":[],"class_list":{"0":"post-119288","1":"product","2":"type-product","3":"status-publish","4":"has-post-thumbnail","6":"product_cat-ball-play","7":"product_cat-sex-toys","9":"first","10":"instock","11":"taxable","12":"shipping-taxable","13":"purchasable","14":"product-type-simple"},"acf":[],"_links":{"self":[{"href":"https:\/\/poppers-online.ch\/it\/wp-json\/wp\/v2\/product\/119288","targetHints":{"allow":["GET"]}}],"collection":[{"href":"https:\/\/poppers-online.ch\/it\/wp-json\/wp\/v2\/product"}],"about":[{"href":"https:\/\/poppers-online.ch\/it\/wp-json\/wp\/v2\/types\/product"}],"replies":[{"embeddable":true,"href":"https:\/\/poppers-online.ch\/it\/wp-json\/wp\/v2\/comments?post=119288"}],"wp:featuredmedia":[{"embeddable":true,"href":"https:\/\/poppers-online.ch\/it\/wp-json\/wp\/v2\/media\/119287"}],"wp:attachment":[{"href":"https:\/\/poppers-online.ch\/it\/wp-json\/wp\/v2\/media?parent=119288"}],"wp:term":[{"taxonomy":"product_brand","embeddable":true,"href":"https:\/\/poppers-online.ch\/it\/wp-json\/wp\/v2\/product_brand?post=119288"},{"taxonomy":"product_cat","embeddable":true,"href":"https:\/\/poppers-online.ch\/it\/wp-json\/wp\/v2\/product_cat?post=119288"},{"taxonomy":"product_tag","embeddable":true,"href":"https:\/\/poppers-online.ch\/it\/wp-json\/wp\/v2\/product_tag?post=119288"}],"curies":[{"name":"wp","href":"https:\/\/api.w.org\/{rel}","templated":true}]}}