{"id":119184,"date":"2025-05-25T14:12:02","date_gmt":"2025-05-25T12:12:02","guid":{"rendered":"https:\/\/poppers-online.ch\/produkt\/anello-sport-fucker-the-slinger-nero\/"},"modified":"2025-05-26T12:03:30","modified_gmt":"2025-05-26T10:03:30","slug":"anello-sport-fucker-the-slinger-nero","status":"publish","type":"product","link":"https:\/\/poppers-online.ch\/it\/prodotto\/anello-sport-fucker-the-slinger-nero\/","title":{"rendered":"Anello Sport Fucker The Slinger Nero"},"content":{"rendered":"","protected":false},"excerpt":{"rendered":"<p>Lo <strong>Sport Fucker The Slinger Ring Black<\/strong> \u00e8 un cock ring e un ball stretcher in uno. Offre due possibilit\u00e0 come anello: Lo SLINGER, realizzato in elastoplastica superflessibile (TPE), \u00e8 perfetto come anello per il cazzo, ma pu\u00f2 essere utilizzato anche come ball stretcher, soprattutto se sei il fortunato proprietario di uno scroto particolarmente voluminoso. <\/p>\n<p>Colore: nero<br \/>\nMateriale: TPE<br \/>\nProduttore: Sport Fucker<\/p>\n","protected":false},"featured_media":119175,"comment_status":"open","ping_status":"closed","template":"","meta":{"_acf_changed":false,"iawp_total_views":0,"_glsr_average":0,"_glsr_ranking":0,"_glsr_reviews":0},"product_brand":[],"product_cat":[2089,2092,172],"product_tag":[],"class_list":{"0":"post-119184","1":"product","2":"type-product","3":"status-publish","4":"has-post-thumbnail","6":"product_cat-ball-play","7":"product_cat-cock-play","8":"product_cat-sex-toys","10":"first","11":"outofstock","12":"taxable","13":"shipping-taxable","14":"purchasable","15":"product-type-simple"},"acf":[],"_links":{"self":[{"href":"https:\/\/poppers-online.ch\/it\/wp-json\/wp\/v2\/product\/119184","targetHints":{"allow":["GET"]}}],"collection":[{"href":"https:\/\/poppers-online.ch\/it\/wp-json\/wp\/v2\/product"}],"about":[{"href":"https:\/\/poppers-online.ch\/it\/wp-json\/wp\/v2\/types\/product"}],"replies":[{"embeddable":true,"href":"https:\/\/poppers-online.ch\/it\/wp-json\/wp\/v2\/comments?post=119184"}],"wp:featuredmedia":[{"embeddable":true,"href":"https:\/\/poppers-online.ch\/it\/wp-json\/wp\/v2\/media\/119175"}],"wp:attachment":[{"href":"https:\/\/poppers-online.ch\/it\/wp-json\/wp\/v2\/media?parent=119184"}],"wp:term":[{"taxonomy":"product_brand","embeddable":true,"href":"https:\/\/poppers-online.ch\/it\/wp-json\/wp\/v2\/product_brand?post=119184"},{"taxonomy":"product_cat","embeddable":true,"href":"https:\/\/poppers-online.ch\/it\/wp-json\/wp\/v2\/product_cat?post=119184"},{"taxonomy":"product_tag","embeddable":true,"href":"https:\/\/poppers-online.ch\/it\/wp-json\/wp\/v2\/product_tag?post=119184"}],"curies":[{"name":"wp","href":"https:\/\/api.w.org\/{rel}","templated":true}]}}