{"id":119183,"date":"2025-05-25T14:15:14","date_gmt":"2025-05-25T12:15:14","guid":{"rendered":"https:\/\/poppers-online.ch\/produkt\/dildo-dong-43-cm-extreme-di-hidden-desire\/"},"modified":"2025-05-26T12:16:28","modified_gmt":"2025-05-26T10:16:28","slug":"dildo-dong-43-cm-extreme-di-hidden-desire","status":"publish","type":"product","link":"https:\/\/poppers-online.ch\/it\/prodotto\/dildo-dong-43-cm-extreme-di-hidden-desire\/","title":{"rendered":"Dildo Dong 43cm &#8211; Extreme di HIDDEN DESIRE"},"content":{"rendered":"","protected":false},"excerpt":{"rendered":"<h3 data-start=\"150\" data-end=\"202\"><strong data-start=\"154\" data-end=\"202\">Dildo Dong 43cm &#8211; Extreme di HIDDEN DESIRE<\/strong><\/h3>\n<p data-start=\"204\" data-end=\"285\"><strong data-start=\"204\" data-end=\"285\">Sei pronto per la sfida definitiva? Questo dildo supera ogni limite. <\/strong><\/p>\n<p data-start=\"287\" data-end=\"561\">Il dildo <strong data-start=\"291\" data-end=\"311\">Dong 43cm<\/strong> della <em data-start=\"320\" data-end=\"329\">collezione Extreme<\/em> di HIDDEN DESIRE non \u00e8 un giocattolo per principianti. Con un&#8217;impressionante <strong data-start=\"418\" data-end=\"437\">lunghezza di 43 cm<\/strong> e un <strong data-start=\"448\" data-end=\"474\">diametro di 8,5 cm<\/strong>, si rivolge a tutti coloro che non vogliono scendere a compromessi con il piacere XXL. <\/p>\n<p data-start=\"563\" data-end=\"886\">Realizzato in <strong data-start=\"601\" data-end=\"608\">PVC<\/strong> liscio e scivoloso e dotato di un&#8217;ampia base, questo dildo \u00e8 sicuro e comodo da usare, sia da soli che in coppia. Una volta inserito in profondit\u00e0, potrai muoverti su e gi\u00f9 su di esso e raggiungere un orgasmo che ti scuoter\u00e0 nel profondo. <\/p>\n<h4 data-start=\"888\" data-end=\"908\"><strong data-start=\"893\" data-end=\"908\">Punti salienti:<\/strong><\/h4>\n<ul data-start=\"909\" data-end=\"1180\">\n<li data-start=\"909\" data-end=\"975\">\n<p data-start=\"911\" data-end=\"975\">Dildo XXL extra lungo e spesso per utenti esperti<\/p>\n<\/li>\n<li data-start=\"976\" data-end=\"1002\">\n<p data-start=\"978\" data-end=\"1002\"><strong data-start=\"978\" data-end=\"994\">Lunghezza totale:<\/strong> 43 cm<\/p>\n<\/li>\n<li data-start=\"1003\" data-end=\"1030\">\n<p data-start=\"1005\" data-end=\"1030\"><strong data-start=\"1005\" data-end=\"1021\">Diametro:<\/strong> 8,5 cm<\/p>\n<\/li>\n<li data-start=\"1031\" data-end=\"1070\">\n<p data-start=\"1033\" data-end=\"1070\"><strong data-start=\"1052\" data-end=\"1068\">Materiale PVC<\/strong> liscio e flessibile<\/p>\n<\/li>\n<li data-start=\"1071\" data-end=\"1123\">\n<p data-start=\"1073\" data-end=\"1123\">Base ampia per la massima sicurezza e controllo<\/p>\n<\/li>\n<li data-start=\"1124\" data-end=\"1180\">\n<p data-start=\"1126\" data-end=\"1180\">Perfetto per il gioco anale estremo e la penetrazione profonda<\/p>\n<\/li>\n<\/ul>\n<hr data-start=\"1182\" data-end=\"1185\">\n<p data-start=\"1187\" data-end=\"1325\"><strong data-start=\"1187\" data-end=\"1267\">Affronta il piacere pi\u00f9 estremo con il dildo Dong da 43 cm di HIDDEN DESIRE.<\/strong><br \/>Ordina ora e scatena le tue fantasie pi\u00f9 sfrenate!<\/p>\n","protected":false},"featured_media":119171,"comment_status":"open","ping_status":"closed","template":"","meta":{"_acf_changed":false,"iawp_total_views":5,"_glsr_average":0,"_glsr_ranking":0,"_glsr_reviews":0},"product_brand":[],"product_cat":[2086,172],"product_tag":[],"class_list":{"0":"post-119183","1":"product","2":"type-product","3":"status-publish","4":"has-post-thumbnail","6":"product_cat-anal-play","7":"product_cat-sex-toys","9":"first","10":"instock","11":"taxable","12":"shipping-taxable","13":"purchasable","14":"product-type-simple"},"acf":[],"_links":{"self":[{"href":"https:\/\/poppers-online.ch\/it\/wp-json\/wp\/v2\/product\/119183","targetHints":{"allow":["GET"]}}],"collection":[{"href":"https:\/\/poppers-online.ch\/it\/wp-json\/wp\/v2\/product"}],"about":[{"href":"https:\/\/poppers-online.ch\/it\/wp-json\/wp\/v2\/types\/product"}],"replies":[{"embeddable":true,"href":"https:\/\/poppers-online.ch\/it\/wp-json\/wp\/v2\/comments?post=119183"}],"wp:featuredmedia":[{"embeddable":true,"href":"https:\/\/poppers-online.ch\/it\/wp-json\/wp\/v2\/media\/119171"}],"wp:attachment":[{"href":"https:\/\/poppers-online.ch\/it\/wp-json\/wp\/v2\/media?parent=119183"}],"wp:term":[{"taxonomy":"product_brand","embeddable":true,"href":"https:\/\/poppers-online.ch\/it\/wp-json\/wp\/v2\/product_brand?post=119183"},{"taxonomy":"product_cat","embeddable":true,"href":"https:\/\/poppers-online.ch\/it\/wp-json\/wp\/v2\/product_cat?post=119183"},{"taxonomy":"product_tag","embeddable":true,"href":"https:\/\/poppers-online.ch\/it\/wp-json\/wp\/v2\/product_tag?post=119183"}],"curies":[{"name":"wp","href":"https:\/\/api.w.org\/{rel}","templated":true}]}}