{"id":118426,"date":"2025-05-14T21:24:14","date_gmt":"2025-05-14T19:32:53","guid":{"rendered":"https:\/\/poppers-online.ch\/produkt\/anello-per-cazzo-in-silicone-brutus-slim\/"},"modified":"2025-05-18T19:39:05","modified_gmt":"2025-05-18T17:39:05","slug":"anello-per-cazzo-in-silicone-brutus-slim","status":"publish","type":"product","link":"https:\/\/poppers-online.ch\/it\/prodotto\/anello-per-cazzo-in-silicone-brutus-slim\/","title":{"rendered":"Anello per cazzo in silicone Brutus Slim"},"content":{"rendered":"","protected":false},"excerpt":{"rendered":"<p>Il Brutus Slim Silicone Cock Ring \u00e8 l&#8217;anello perfetto che avvolge il tuo cazzo e si sente come una seconda pelle. In questo modo potrai concentrarti su ci\u00f2 che sai fare meglio e non dovrai preoccuparti che l&#8217;anello per il cazzo si sfili o che non ti faccia sentire a tuo agio. L&#8217;anello Slim Donut \u00e8 disponibile in tre misure e ha un&#8217;elasticit\u00e0 perfetta per creare la vestibilit\u00e0 ideale per tutti.  <\/p>\n<p>Realizzato in silicone.<\/p>\n<p>Disponibile in 3 misure: 45, 50 o 55 mm<br \/>\nColore: nero<br \/>\nProduttore: Brutus<\/p>\n","protected":false},"featured_media":118421,"comment_status":"open","ping_status":"closed","template":"","meta":{"_acf_changed":false,"iawp_total_views":9,"_glsr_average":0,"_glsr_ranking":0,"_glsr_reviews":0},"product_brand":[],"product_cat":[2092,172],"product_tag":[],"class_list":{"0":"post-118426","1":"product","2":"type-product","3":"status-publish","4":"has-post-thumbnail","6":"product_cat-cock-play","7":"product_cat-sex-toys","9":"first","10":"instock","11":"taxable","12":"shipping-taxable","13":"purchasable","14":"product-type-variable"},"acf":[],"_links":{"self":[{"href":"https:\/\/poppers-online.ch\/it\/wp-json\/wp\/v2\/product\/118426","targetHints":{"allow":["GET"]}}],"collection":[{"href":"https:\/\/poppers-online.ch\/it\/wp-json\/wp\/v2\/product"}],"about":[{"href":"https:\/\/poppers-online.ch\/it\/wp-json\/wp\/v2\/types\/product"}],"replies":[{"embeddable":true,"href":"https:\/\/poppers-online.ch\/it\/wp-json\/wp\/v2\/comments?post=118426"}],"wp:featuredmedia":[{"embeddable":true,"href":"https:\/\/poppers-online.ch\/it\/wp-json\/wp\/v2\/media\/118421"}],"wp:attachment":[{"href":"https:\/\/poppers-online.ch\/it\/wp-json\/wp\/v2\/media?parent=118426"}],"wp:term":[{"taxonomy":"product_brand","embeddable":true,"href":"https:\/\/poppers-online.ch\/it\/wp-json\/wp\/v2\/product_brand?post=118426"},{"taxonomy":"product_cat","embeddable":true,"href":"https:\/\/poppers-online.ch\/it\/wp-json\/wp\/v2\/product_cat?post=118426"},{"taxonomy":"product_tag","embeddable":true,"href":"https:\/\/poppers-online.ch\/it\/wp-json\/wp\/v2\/product_tag?post=118426"}],"curies":[{"name":"wp","href":"https:\/\/api.w.org\/{rel}","templated":true}]}}