{"id":118392,"date":"2025-05-14T14:10:26","date_gmt":"2025-05-14T14:53:43","guid":{"rendered":"https:\/\/poppers-online.ch\/produkt\/folsom-poppers-combo\/"},"modified":"2025-12-29T19:04:37","modified_gmt":"2025-12-29T18:04:37","slug":"folsom-poppers-combo","status":"publish","type":"product","link":"https:\/\/poppers-online.ch\/it\/prodotto\/folsom-poppers-combo\/","title":{"rendered":"Folsom Poppers Combo"},"content":{"rendered":"","protected":false},"excerpt":{"rendered":"<p class=\"\" data-start=\"285\" data-end=\"477\">Prova la potenza concentrata di tre popper di prima qualit\u00e0 in un unico set: il <strong data-start=\"352\" data-end=\"376\">Folsom Poppers Combo<\/strong> combina tre bestseller che sono sinonimo di sessioni intense, divertimento disinibito e massimo effetto:<\/p>\n<ul data-start=\"479\" data-end=\"590\">\n<li class=\"\" data-start=\"479\" data-end=\"519\">\n<p class=\"\" data-start=\"481\" data-end=\"519\"><strong data-start=\"481\" data-end=\"519\">BERLIN XXX Hardcore Poppers &#8211; 30ml<\/strong><\/p>\n<\/li>\n<li class=\"\" data-start=\"520\" data-end=\"550\">\n<p class=\"\" data-start=\"522\" data-end=\"550\"><strong data-start=\"522\" data-end=\"550\">Popper Dirty PIG &#8211; 10ml<\/strong><\/p>\n<\/li>\n<li class=\"\" data-start=\"551\" data-end=\"590\">\n<p class=\"\" data-start=\"553\" data-end=\"590\"><strong data-start=\"553\" data-end=\"590\">MASTER Black Label Extreme &#8211; 30ml<\/strong><\/p>\n<\/li>\n<\/ul>\n<h3 class=\"\" data-start=\"592\" data-end=\"632\">BERLIN XXX Hardcore Poppers &#8211; 30ml<\/h3>\n<p class=\"\" data-start=\"633\" data-end=\"1074\">Il nome di questo popper dice tutto: <strong data-start=\"683\" data-end=\"690\">XXX<\/strong> sta per fantasie porno, <strong data-start=\"717\" data-end=\"727\">Berlino<\/strong> per libert\u00e0, sesso e cultura dei club. Questo popper contiene <strong data-start=\"826\" data-end=\"841\">nitrito di esile<\/strong>, che \u00e8 classificato come relativamente leggero, ma \u00e8 comunque una delle variet\u00e0 pi\u00f9 forti, con una <strong data-start=\"860\" data-end=\"872\">potenza di 5<\/strong>. Ideale per le lunghe notti nei club, nei sex party o all&#8217;aria aperta. Il pratico flacone da 30 ml con tappo facile da aprire garantisce praticit\u00e0 e resistenza.   <\/p>\n<h3 class=\"\" data-start=\"1076\" data-end=\"1106\">Popper Dirty PIG &#8211; 10ml<\/h3>\n<p class=\"\" data-start=\"1107\" data-end=\"1433\">Nuovo dal 2023 e un vero must per le notti selvagge. Dirty PIG contiene la leggendaria <strong data-start=\"1207\" data-end=\"1224\">formula<\/strong> originale <strong data-start=\"1207\" data-end=\"1224\">di Pentyl<\/strong> e scatena il tuo animale interiore alla massima <strong data-start=\"1269\" data-end=\"1281\">potenza 5<\/strong>. Piccoli ma potenti, questi 10 ml regalano momenti intensi e un piacere disinibito. Perfetti per chi ama la sporcizia. Disponibile anche in 24ml.    <\/p>\n<h3 class=\"\" data-start=\"1435\" data-end=\"1474\">MASTER Black Label Extreme &#8211; 30ml<\/h3>\n<p class=\"\" data-start=\"1475\" data-end=\"1762\">L&#8217;ultima creazione di <strong data-start=\"1500\" data-end=\"1517\">Royal Hexagon<\/strong> \u00e8 una vera e propria svolta. La <strong data-start=\"1561\" data-end=\"1586\">formula<\/strong> canadese <strong data-start=\"1561\" data-end=\"1586\">Extreme Pentyl<\/strong> in un elegante e robusto <strong data-start=\"1617\" data-end=\"1637\">flacone in alluminio<\/strong> &#8211; esclusivo ed extra resistente. Ben 30 ml di popper extra-potenti garantiscono un effetto duraturo e una qualit\u00e0 senza compromessi.  <\/p>\n","protected":false},"featured_media":118386,"comment_status":"open","ping_status":"closed","template":"","meta":{"_acf_changed":false,"iawp_total_views":6,"_glsr_average":0,"_glsr_ranking":0,"_glsr_reviews":0},"product_brand":[],"product_cat":[1047,104,109,112],"product_tag":[],"class_list":{"0":"post-118392","1":"product","2":"type-product","3":"status-publish","4":"has-post-thumbnail","6":"product_cat-popper","7":"product_cat-confezioni-value","8":"product_cat-boccette-grandi","9":"product_cat-boccette-piccole","10":"pa_inhalt-combo","11":"pa_inhalt-30ml","12":"pa_inhalt-10ml","13":"pa_inhaltsstoffe-nitrito-di-pentile","14":"pa_marke-berlin-popper","15":"pa_staerke-105","17":"first","18":"instock","19":"sale","20":"taxable","21":"shipping-taxable","22":"purchasable","23":"product-type-simple"},"acf":[],"_links":{"self":[{"href":"https:\/\/poppers-online.ch\/it\/wp-json\/wp\/v2\/product\/118392","targetHints":{"allow":["GET"]}}],"collection":[{"href":"https:\/\/poppers-online.ch\/it\/wp-json\/wp\/v2\/product"}],"about":[{"href":"https:\/\/poppers-online.ch\/it\/wp-json\/wp\/v2\/types\/product"}],"replies":[{"embeddable":true,"href":"https:\/\/poppers-online.ch\/it\/wp-json\/wp\/v2\/comments?post=118392"}],"wp:featuredmedia":[{"embeddable":true,"href":"https:\/\/poppers-online.ch\/it\/wp-json\/wp\/v2\/media\/118386"}],"wp:attachment":[{"href":"https:\/\/poppers-online.ch\/it\/wp-json\/wp\/v2\/media?parent=118392"}],"wp:term":[{"taxonomy":"product_brand","embeddable":true,"href":"https:\/\/poppers-online.ch\/it\/wp-json\/wp\/v2\/product_brand?post=118392"},{"taxonomy":"product_cat","embeddable":true,"href":"https:\/\/poppers-online.ch\/it\/wp-json\/wp\/v2\/product_cat?post=118392"},{"taxonomy":"product_tag","embeddable":true,"href":"https:\/\/poppers-online.ch\/it\/wp-json\/wp\/v2\/product_tag?post=118392"}],"curies":[{"name":"wp","href":"https:\/\/api.w.org\/{rel}","templated":true}]}}