{"id":118266,"date":"2025-05-13T13:23:55","date_gmt":"2025-05-13T11:44:45","guid":{"rendered":"https:\/\/poppers-online.ch\/produkt\/collana-kinky-monster-poppers-con-anello\/"},"modified":"2025-05-13T13:44:45","modified_gmt":"2025-05-13T11:44:45","slug":"collana-kinky-monster-poppers-con-anello","status":"publish","type":"product","link":"https:\/\/poppers-online.ch\/it\/prodotto\/collana-kinky-monster-poppers-con-anello\/","title":{"rendered":"Collana Kinky Monster Poppers con anello"},"content":{"rendered":"","protected":false},"excerpt":{"rendered":"<p><span style=\"font-weight: 400\"><strong>Collana Kinky Monster Poppers con anello.<\/strong>  Se sei un fan del popper, conosci bene questa situazione: \u00e8 arrivato il momento pi\u00f9 caldo e vuoi annusare la bottiglia di popper. Ma la bottiglia \u00e8 fuori dalla tua portata. La collana di poppers con anello di Kinky Monster risolve questo problema. Puoi attaccare la tua bottiglia preferita all&#8217;anello di gomma della collana di poppers e poi appenderla al collo. In alternativa, puoi inserire la catena nell&#8217;occhiello di un XTRM SNFFR senza l&#8217;anello di gomma. In questo modo sarai sempre pronto ad annusare la bottiglia e non perderai mai pi\u00f9 la bottiglia di poppers, proprio quando la vorrai vicino a te.     <\/span><\/p>\n","protected":false},"featured_media":118263,"comment_status":"open","ping_status":"closed","template":"","meta":{"_acf_changed":false,"iawp_total_views":3,"_glsr_average":0,"_glsr_ranking":0,"_glsr_reviews":0},"product_brand":[],"product_cat":[151,1307],"product_tag":[],"class_list":{"0":"post-118266","1":"product","2":"type-product","3":"status-publish","4":"has-post-thumbnail","6":"product_cat-accessori-popper","7":"product_cat-supporto-per-popper","9":"first","10":"instock","11":"taxable","12":"shipping-taxable","13":"purchasable","14":"product-type-simple"},"acf":[],"_links":{"self":[{"href":"https:\/\/poppers-online.ch\/it\/wp-json\/wp\/v2\/product\/118266","targetHints":{"allow":["GET"]}}],"collection":[{"href":"https:\/\/poppers-online.ch\/it\/wp-json\/wp\/v2\/product"}],"about":[{"href":"https:\/\/poppers-online.ch\/it\/wp-json\/wp\/v2\/types\/product"}],"replies":[{"embeddable":true,"href":"https:\/\/poppers-online.ch\/it\/wp-json\/wp\/v2\/comments?post=118266"}],"wp:featuredmedia":[{"embeddable":true,"href":"https:\/\/poppers-online.ch\/it\/wp-json\/wp\/v2\/media\/118263"}],"wp:attachment":[{"href":"https:\/\/poppers-online.ch\/it\/wp-json\/wp\/v2\/media?parent=118266"}],"wp:term":[{"taxonomy":"product_brand","embeddable":true,"href":"https:\/\/poppers-online.ch\/it\/wp-json\/wp\/v2\/product_brand?post=118266"},{"taxonomy":"product_cat","embeddable":true,"href":"https:\/\/poppers-online.ch\/it\/wp-json\/wp\/v2\/product_cat?post=118266"},{"taxonomy":"product_tag","embeddable":true,"href":"https:\/\/poppers-online.ch\/it\/wp-json\/wp\/v2\/product_tag?post=118266"}],"curies":[{"name":"wp","href":"https:\/\/api.w.org\/{rel}","templated":true}]}}