{"id":118214,"date":"2025-05-12T19:48:57","date_gmt":"2025-05-12T17:48:57","guid":{"rendered":"https:\/\/poppers-online.ch\/produkt\/brutus-tight-n-hard-anello-per-cazzo-in-silicone\/"},"modified":"2025-05-12T19:55:25","modified_gmt":"2025-05-12T17:55:25","slug":"brutus-tight-n-hard-anello-per-cazzo-in-silicone","status":"publish","type":"product","link":"https:\/\/poppers-online.ch\/it\/prodotto\/brutus-tight-n-hard-anello-per-cazzo-in-silicone\/","title":{"rendered":"Brutus Tight &#8216;N&#8217; Hard &#8211; Anello per cazzo in silicone"},"content":{"rendered":"","protected":false},"excerpt":{"rendered":"<div>Produttore: Brutus<\/div>\n<div>\n<p>Il Tight N Hard \u00e8 l&#8217;anello pi\u00f9 semplice, ma forse anche il pi\u00f9 efficace di tutti. Con questo anello multifunzionale puoi usarlo come cock ring o ball ring. \u00c8 facile da indossare e ancora pi\u00f9 facile da stringere. Realizzato in silicone di alta qualit\u00e0, il Tight &#8216;N&#8217; Hard \u00e8 come una seconda pelle naturale.   <\/p>\n<\/div>\n<div>Realizzato in silicone.<\/div>\n<div>\nColore: nero<\/div>\n","protected":false},"featured_media":118208,"comment_status":"open","ping_status":"closed","template":"","meta":{"_acf_changed":false,"iawp_total_views":3,"_glsr_average":0,"_glsr_ranking":0,"_glsr_reviews":0},"product_brand":[],"product_cat":[2089,2092,172],"product_tag":[],"class_list":{"0":"post-118214","1":"product","2":"type-product","3":"status-publish","4":"has-post-thumbnail","6":"product_cat-ball-play","7":"product_cat-cock-play","8":"product_cat-sex-toys","10":"first","11":"instock","12":"taxable","13":"shipping-taxable","14":"purchasable","15":"product-type-simple"},"acf":[],"_links":{"self":[{"href":"https:\/\/poppers-online.ch\/it\/wp-json\/wp\/v2\/product\/118214","targetHints":{"allow":["GET"]}}],"collection":[{"href":"https:\/\/poppers-online.ch\/it\/wp-json\/wp\/v2\/product"}],"about":[{"href":"https:\/\/poppers-online.ch\/it\/wp-json\/wp\/v2\/types\/product"}],"replies":[{"embeddable":true,"href":"https:\/\/poppers-online.ch\/it\/wp-json\/wp\/v2\/comments?post=118214"}],"wp:featuredmedia":[{"embeddable":true,"href":"https:\/\/poppers-online.ch\/it\/wp-json\/wp\/v2\/media\/118208"}],"wp:attachment":[{"href":"https:\/\/poppers-online.ch\/it\/wp-json\/wp\/v2\/media?parent=118214"}],"wp:term":[{"taxonomy":"product_brand","embeddable":true,"href":"https:\/\/poppers-online.ch\/it\/wp-json\/wp\/v2\/product_brand?post=118214"},{"taxonomy":"product_cat","embeddable":true,"href":"https:\/\/poppers-online.ch\/it\/wp-json\/wp\/v2\/product_cat?post=118214"},{"taxonomy":"product_tag","embeddable":true,"href":"https:\/\/poppers-online.ch\/it\/wp-json\/wp\/v2\/product_tag?post=118214"}],"curies":[{"name":"wp","href":"https:\/\/api.w.org\/{rel}","templated":true}]}}