{"id":118032,"date":"2025-05-10T17:25:25","date_gmt":"2025-05-10T15:25:25","guid":{"rendered":"https:\/\/poppers-online.ch\/produkt\/gabbia-di-alimentazione-reversibile-renegade-trasparente\/"},"modified":"2025-05-19T10:27:51","modified_gmt":"2025-05-19T08:27:51","slug":"gabbia-di-alimentazione-reversibile-renegade-trasparente","status":"publish","type":"product","link":"https:\/\/poppers-online.ch\/it\/prodotto\/gabbia-di-alimentazione-reversibile-renegade-trasparente\/","title":{"rendered":"Gabbia di alimentazione reversibile Renegade &#8211; Trasparente"},"content":{"rendered":"","protected":false},"excerpt":{"rendered":"<p>La <strong>guaina reversibile Renegade &#8211; Clear<\/strong> ti rende pi\u00f9 voluminoso e stimola te o il tuo partner. Questa guaina reversibile per il pene \u00e8 molto versatile. La guaina elastica viene tirata sul pene e fissata con l&#8217;anello per testicoli per evitare che scivoli. La forma ergonomica la rende comoda da indossare. La gabbia Renegade Reversible Power Cage \u00e8 liscia da un lato e ha dei nodi allungati dall&#8217;altro. Stimola il tuo partner con un pene grosso spingendo i nodi verso l&#8217;esterno, oppure gira la guaina e goditi tu stesso una piacevole stimolazione. Con un lubrificante, la Power Cage pu\u00f2 essere utilizzata anche come masturbatore. Il TPE utilizzato \u00e8 molto resistente, elastico, non appiccicoso, facile da pulire e pu\u00f2 essere utilizzato anche in acqua.       <\/p>\n<p>Lunghezza albero: circa 11 cm<br \/>\nLunghezza totale: circa 15 cm<br \/>\nDiametro interno: circa 30 mm<br \/>\nDiametro esterno: circa 42 mm<br \/>\nMateriale: TPE Colore: trasparente<br \/>\nProduttore: nsnovelties<\/p>\n","protected":false},"featured_media":118023,"comment_status":"open","ping_status":"closed","template":"","meta":{"_acf_changed":false,"iawp_total_views":1,"_glsr_average":0,"_glsr_ranking":0,"_glsr_reviews":0},"product_brand":[],"product_cat":[2098,172],"product_tag":[],"class_list":{"0":"post-118032","1":"product","2":"type-product","3":"status-publish","4":"has-post-thumbnail","6":"product_cat-agrandir-penis","7":"product_cat-sex-toys","9":"first","10":"instock","11":"taxable","12":"shipping-taxable","13":"purchasable","14":"product-type-simple"},"acf":[],"_links":{"self":[{"href":"https:\/\/poppers-online.ch\/it\/wp-json\/wp\/v2\/product\/118032","targetHints":{"allow":["GET"]}}],"collection":[{"href":"https:\/\/poppers-online.ch\/it\/wp-json\/wp\/v2\/product"}],"about":[{"href":"https:\/\/poppers-online.ch\/it\/wp-json\/wp\/v2\/types\/product"}],"replies":[{"embeddable":true,"href":"https:\/\/poppers-online.ch\/it\/wp-json\/wp\/v2\/comments?post=118032"}],"wp:featuredmedia":[{"embeddable":true,"href":"https:\/\/poppers-online.ch\/it\/wp-json\/wp\/v2\/media\/118023"}],"wp:attachment":[{"href":"https:\/\/poppers-online.ch\/it\/wp-json\/wp\/v2\/media?parent=118032"}],"wp:term":[{"taxonomy":"product_brand","embeddable":true,"href":"https:\/\/poppers-online.ch\/it\/wp-json\/wp\/v2\/product_brand?post=118032"},{"taxonomy":"product_cat","embeddable":true,"href":"https:\/\/poppers-online.ch\/it\/wp-json\/wp\/v2\/product_cat?post=118032"},{"taxonomy":"product_tag","embeddable":true,"href":"https:\/\/poppers-online.ch\/it\/wp-json\/wp\/v2\/product_tag?post=118032"}],"curies":[{"name":"wp","href":"https:\/\/api.w.org\/{rel}","templated":true}]}}