{"id":118019,"date":"2025-05-10T13:07:38","date_gmt":"2025-05-10T15:20:35","guid":{"rendered":"https:\/\/poppers-online.ch\/produkt\/sport-fucker-bullring-rosso\/"},"modified":"2025-05-19T10:35:17","modified_gmt":"2025-05-19T08:35:17","slug":"sport-fucker-bullring-rosso","status":"publish","type":"product","link":"https:\/\/poppers-online.ch\/it\/prodotto\/sport-fucker-bullring-rosso\/","title":{"rendered":"Sport Fucker Bullring rosso"},"content":{"rendered":"","protected":false},"excerpt":{"rendered":"<p>Lo Sport Fucker Bullring rosso \u00e8 un cockring dal design &#8220;bullring piercing&#8221; realizzato in silicone flessibile e medicalmente puro. \u00c8 il nuovo eye-catcher dell&#8217;area genitale! Il bullring \u00e8 disponibile anche in blu e nero.  <\/p>\n<p>Materiale: silicone (medicale)<br \/>\nColore: rosso<br \/>\nDiametro: 4,8 cm<br \/>\nProduttore: Sport Fucker<\/p>\n","protected":false},"featured_media":118005,"comment_status":"open","ping_status":"closed","template":"","meta":{"_acf_changed":false,"iawp_total_views":0,"_glsr_average":0,"_glsr_ranking":0,"_glsr_reviews":0},"product_brand":[],"product_cat":[2092,172],"product_tag":[],"class_list":{"0":"post-118019","1":"product","2":"type-product","3":"status-publish","4":"has-post-thumbnail","6":"product_cat-cock-play","7":"product_cat-sex-toys","9":"first","10":"instock","11":"taxable","12":"shipping-taxable","13":"purchasable","14":"product-type-simple"},"acf":[],"_links":{"self":[{"href":"https:\/\/poppers-online.ch\/it\/wp-json\/wp\/v2\/product\/118019","targetHints":{"allow":["GET"]}}],"collection":[{"href":"https:\/\/poppers-online.ch\/it\/wp-json\/wp\/v2\/product"}],"about":[{"href":"https:\/\/poppers-online.ch\/it\/wp-json\/wp\/v2\/types\/product"}],"replies":[{"embeddable":true,"href":"https:\/\/poppers-online.ch\/it\/wp-json\/wp\/v2\/comments?post=118019"}],"wp:featuredmedia":[{"embeddable":true,"href":"https:\/\/poppers-online.ch\/it\/wp-json\/wp\/v2\/media\/118005"}],"wp:attachment":[{"href":"https:\/\/poppers-online.ch\/it\/wp-json\/wp\/v2\/media?parent=118019"}],"wp:term":[{"taxonomy":"product_brand","embeddable":true,"href":"https:\/\/poppers-online.ch\/it\/wp-json\/wp\/v2\/product_brand?post=118019"},{"taxonomy":"product_cat","embeddable":true,"href":"https:\/\/poppers-online.ch\/it\/wp-json\/wp\/v2\/product_cat?post=118019"},{"taxonomy":"product_tag","embeddable":true,"href":"https:\/\/poppers-online.ch\/it\/wp-json\/wp\/v2\/product_tag?post=118019"}],"curies":[{"name":"wp","href":"https:\/\/api.w.org\/{rel}","templated":true}]}}